{"id":24158,"date":"2024-04-19T13:30:53","date_gmt":"2024-04-19T10:30:53","guid":{"rendered":"https:\/\/zooprekes24.lt\/produktas\/fitmin-purity-beef-konservai-sunims\/"},"modified":"2026-04-01T11:14:54","modified_gmt":"2026-04-01T09:14:54","slug":"fitmin-purity-liellopa-galas-konservi-suniem","status":"publish","type":"product","link":"https:\/\/zooprekes24.lt\/lv\/produktas\/fitmin-purity-beef-konservai-sunims\/","title":{"rendered":"Fitmin Purity Liellopu ga\u013cas konservi su\u0146iem"},"content":{"rendered":"<h3>Fitmin Purity Beef - \u012bpa\u0161i gar\u0161\u012bga, pilnv\u0113rt\u012bga mitr\u0101 bar\u012bba\u00a0<a href=\"https:\/\/zooprekes24.lt\/lv\/kategorija\/prekes-sunims\/sunu-bariba\/slapias-maistas-sunims\/\" target=\"_blank\" rel=\"noopener\">Su\u0146u bar\u012bba<\/a>no augst\u0101k\u0101s kvalit\u0101tes liellopu ga\u013cas. Vai j\u016bsu suns ir gatavs \u012bstiem gard\u0113\u017eiem? ;)<\/h3>\n<ul>\n<li>Dab\u012bga ga\u013ca.<\/li>\n<li>Augsts olbaltumvielu saturs.<\/li>\n<li>Ide\u0101la izv\u0113le kapr\u012bziem su\u0146iem.<\/li>\n<li>Nesatur graudaugus, lipekli un cieti.<\/li>\n<li><a href=\"https:\/\/www.fitmin.com\/en\/ingredients\" target=\"_blank\" rel=\"noopener\">Nesatur konservantus, m\u0101ksl\u012bg\u0101s kr\u0101svielas un \u0122MO.<\/a><\/li>\n<li>Lieliska gar\u0161as sader\u012bba, ja izmanto kop\u0101 ar Fitmin Purity sauso bar\u012bbu.<\/li>\n<li>Tai ir 5 zvaig\u017e\u0146u ga\u013cas kvalit\u0101tes v\u0113rt\u0113jums, kas pie\u0161\u0137irts gard\u0113\u017eiem paredz\u0113tai augst\u0101k\u0101s kvalit\u0101tes ga\u013cai.<\/li>\n<\/ul>","protected":false},"excerpt":{"rendered":"<p>Fitmin Purity Beef &#8211; ypatingai gardaus skonio, visavertis \u0161lapias\u00a0\u0117dalas \u0161unims, pagamintas i\u0161 auk\u0161\u010diausios kokyb\u0117s jautienos m\u0117sos. Ar J\u016bs\u0173 \u0161uo pasiruo\u0161es tikriems gurmani\u0161kiems potyriams? ;) Nat\u016brali m\u0117sa. Didelis baltym\u0173 kiekis. Idealus pasirinkimas \u012fnoringiems \u0161unims. Sud\u0117tyje n\u0117ra gr\u016bd\u0173, glitimo ar krakmolo. Be konservant\u0173, dirbtini\u0173 da\u017eikli\u0173 ir GMO. Puikus skonio suderinamumas naudojant kartu su Fitmin Purity sauso \u0117dalo&#8230;<\/p>","protected":false},"featured_media":20519,"comment_status":"closed","ping_status":"closed","template":"","meta":{"_acf_changed":false,"slim_seo":{"title":"Fitmin Purity Beef konservai \u0161unims - Zooprekes24","description":"Fitmin Purity Beef ir lieliskas gar\u0161as pilnv\u0113rt\u012bga mitr\u0101 bar\u012bba su\u0146iem, kas pagatavota no augst\u0101k\u0101s kvalit\u0101tes liellopu ga\u013cas. Vai j\u016bsu suns ir gatavs \u0113st"},"iawp_total_views":49},"product_brand":[],"product_cat":[9001,9051,9004,8999,29,31],"product_tag":[1036,418],"class_list":{"0":"post-24158","1":"product","2":"type-product","3":"status-publish","4":"has-post-thumbnail","6":"product_cat-begrudis-maistas","7":"product_cat-fitmin-purity","8":"product_cat-slapias-maistas","9":"product_cat-sunims","10":"product_cat-sunu-maistas","11":"product_cat-sunu-prekiu-gamintojai","12":"product_tag-begrudziai-konservai-sunims","13":"product_tag-konservuotas-maistas-sunims","14":"pa_pasaro-sudetis-jautiena","15":"pa_prekiu-zenklai-fitmin-purity","16":"pa_suns-amzius-senjorams","17":"pa_suns-amzius-suaugusiems","18":"pa_veisles-dydis-didelems-veislems","19":"pa_veisles-dydis-mazoms-veislems","20":"pa_veisles-dydis-vidutinems-veislems","21":"pa_veisles-dydis-visu-dydziu-veislems","23":"first","24":"outofstock","25":"featured","26":"taxable","27":"shipping-taxable","28":"purchasable","29":"product-type-variable"},"acf":[],"_links":{"self":[{"href":"https:\/\/zooprekes24.lt\/lv\/wp-json\/wp\/v2\/product\/24158","targetHints":{"allow":["GET"]}}],"collection":[{"href":"https:\/\/zooprekes24.lt\/lv\/wp-json\/wp\/v2\/product"}],"about":[{"href":"https:\/\/zooprekes24.lt\/lv\/wp-json\/wp\/v2\/types\/product"}],"replies":[{"embeddable":true,"href":"https:\/\/zooprekes24.lt\/lv\/wp-json\/wp\/v2\/comments?post=24158"}],"wp:featuredmedia":[{"embeddable":true,"href":"https:\/\/zooprekes24.lt\/lv\/wp-json\/wp\/v2\/media\/20519"}],"wp:attachment":[{"href":"https:\/\/zooprekes24.lt\/lv\/wp-json\/wp\/v2\/media?parent=24158"}],"wp:term":[{"taxonomy":"product_brand","embeddable":true,"href":"https:\/\/zooprekes24.lt\/lv\/wp-json\/wp\/v2\/product_brand?post=24158"},{"taxonomy":"product_cat","embeddable":true,"href":"https:\/\/zooprekes24.lt\/lv\/wp-json\/wp\/v2\/product_cat?post=24158"},{"taxonomy":"product_tag","embeddable":true,"href":"https:\/\/zooprekes24.lt\/lv\/wp-json\/wp\/v2\/product_tag?post=24158"}],"curies":[{"name":"wp","href":"https:\/\/api.w.org\/{rel}","templated":true}]}}