{"id":24129,"date":"2024-04-19T13:30:39","date_gmt":"2024-04-19T10:30:39","guid":{"rendered":"https:\/\/zooprekes24.lt\/produktas\/fitmin-for-life-adult-small-breed-lamb\/"},"modified":"2026-04-24T09:08:05","modified_gmt":"2026-04-24T07:08:05","slug":"fitmin-for-life-pieauguso-mazo-skirnu-jers","status":"publish","type":"product","link":"https:\/\/zooprekes24.lt\/lv\/produktas\/fitmin-for-life-adult-small-breed-lamb\/","title":{"rendered":"Fitmin for Life Adult Small Breed Lamb Rice sausas maistas \u0161unims"},"content":{"rendered":"<h3>Fitmin for Life Adult Small Breed Lamb &amp; Rice ir pilnv\u0113rt\u012bga saus\u0101 bar\u012bba mazo \u0161\u0137ir\u0146u (l\u012bdz 10 kg) dz\u012bvniekiem. Taj\u0101 izmantotas vesel\u012bgas, hipoaler\u0123iskas sast\u0101vda\u013cas, piem\u0113ram, r\u012bsi un svaiga j\u0113ra ga\u013ca, lai nodro\u0161in\u0101tu j\u016bsu sunim pievilc\u012bgu gar\u0161u un vesel\u012bgu dz\u012bves kvalit\u0101ti.<\/h3>\n<ul>\n<li>Fitmin for Life Adult Small Breed Lamb &amp; Rice <a href=\"https:\/\/www.youtube.com\/watch?v=1yoQTbErEss\" target=\"_blank\" rel=\"noopener\">hipoaler\u0123iska formula<\/a> ar viegli sagremojamiem r\u012bsiem un svaigu j\u0113ra ga\u013cu, \u012bpa\u0161i izstr\u0101d\u0101ts jut\u012bgiem, aler\u0123iskiem su\u0146iem ar gremo\u0161anas vai \u0101das un ka\u017eoka probl\u0113m\u0101m.<\/li>\n<li><a href=\"https:\/\/zooprekes24.lt\/lv\/products\/dr-clauders-barf-lassi-ella\/\">La\u0161a e\u013c\u013ca<\/a> ir lielisks omega 3 tauksk\u0101bju (EPA un DHA) avots, kas baro, m\u012bkstina un mitrina su\u0146a ka\u017eoku un \u0101du.<\/li>\n<li>Cigori\u0146u sakne darbojas k\u0101 dabisks prebioti\u0137is, kas atbalsta su\u0146a zarnu mikrofloru un nodro\u0161ina optim\u0101lu gremo\u0161anas funkciju.<\/li>\n<li>Sast\u0101v\u0101 eso\u0161ais vitam\u012bns B12 un folijsk\u0101be pal\u012bdz uztur\u0113t su\u0146a sirds vesel\u012bbu un samazina sirds un asinsvadu slim\u012bbu risku.<\/li>\n<li>\u0112dien\u0101 netiek izmantoti kvie\u0161i, kukur\u016bza, soja un \u0122MO.<\/li>\n<\/ul>","protected":false},"excerpt":{"rendered":"<p>Fitmin for Life Adult Small Breed Lamb &amp; Rice &#8211; visavertis sausas maistas ma\u017e\u0173 veisli\u0173 (iki 10 kg) suaugusiems \u0161unims. Maiste naudojami sveiki, hipoalerginiai ingredientai &#8211; ry\u017eiai ir \u0161vie\u017eia \u0117rienos m\u0117sa, kuri u\u017etikrina patraukl\u0173 \u0117dalo skon\u012f ir sveik\u0105 \u0161uns gyvenimo kokyb\u0119. Fitmin for Life Adult Small Breed Lamb &amp; Rice hipoalergin\u0117 \u0117dalo formul\u0117 su lengvai&#8230;<\/p>","protected":false},"featured_media":768,"comment_status":"closed","ping_status":"closed","template":"","meta":{"_acf_changed":false,"slim_seo":{"title":"Fitmin for Life Adult Small Breed Lamb Rice sausas maistas \u0161unims - Zooprekes24","description":"Fitmin for Life Adult Small Breed Lamb &amp; Rice ir pilnv\u0113rt\u012bga saus\u0101 bar\u012bba mazo \u0161\u0137ir\u0146u (l\u012bdz 10 kg) dz\u012bvniekiem. Bar\u012bb\u0101 tiek izmantoti vesel\u012bgi, hipoaler\u0123iski produkti."},"iawp_total_views":305},"product_brand":[],"product_cat":[9043,9002,8999,29,31],"product_tag":[177,427],"class_list":{"0":"post-24129","1":"product","2":"type-product","3":"status-publish","4":"has-post-thumbnail","6":"product_cat-fitmin-for-life-sunims","7":"product_cat-sausas-maistas","8":"product_cat-sunims","9":"product_cat-sunu-maistas","10":"product_cat-sunu-prekiu-gamintojai","11":"product_tag-edalas-sunims","12":"product_tag-fitmin-edalas-sunims","13":"pa_pasaro-sudetis-eriena","14":"pa_pasaro-sudetis-ryziai","15":"pa_prekiu-zenklai-fitmin-for-life","16":"pa_suns-amzius-suaugusiems","17":"pa_veisles-dydis-mazoms-veislems","19":"first","20":"outofstock","21":"taxable","22":"shipping-taxable","23":"purchasable","24":"product-type-variable"},"acf":[],"_links":{"self":[{"href":"https:\/\/zooprekes24.lt\/lv\/wp-json\/wp\/v2\/product\/24129","targetHints":{"allow":["GET"]}}],"collection":[{"href":"https:\/\/zooprekes24.lt\/lv\/wp-json\/wp\/v2\/product"}],"about":[{"href":"https:\/\/zooprekes24.lt\/lv\/wp-json\/wp\/v2\/types\/product"}],"replies":[{"embeddable":true,"href":"https:\/\/zooprekes24.lt\/lv\/wp-json\/wp\/v2\/comments?post=24129"}],"wp:featuredmedia":[{"embeddable":true,"href":"https:\/\/zooprekes24.lt\/lv\/wp-json\/wp\/v2\/media\/768"}],"wp:attachment":[{"href":"https:\/\/zooprekes24.lt\/lv\/wp-json\/wp\/v2\/media?parent=24129"}],"wp:term":[{"taxonomy":"product_brand","embeddable":true,"href":"https:\/\/zooprekes24.lt\/lv\/wp-json\/wp\/v2\/product_brand?post=24129"},{"taxonomy":"product_cat","embeddable":true,"href":"https:\/\/zooprekes24.lt\/lv\/wp-json\/wp\/v2\/product_cat?post=24129"},{"taxonomy":"product_tag","embeddable":true,"href":"https:\/\/zooprekes24.lt\/lv\/wp-json\/wp\/v2\/product_tag?post=24129"}],"curies":[{"name":"wp","href":"https:\/\/api.w.org\/{rel}","templated":true}]}}