{"id":24128,"date":"2024-04-19T13:30:39","date_gmt":"2024-04-19T10:30:39","guid":{"rendered":"https:\/\/zooprekes24.lt\/produktas\/fitmin-for-life-rabbit-ears-chicken\/"},"modified":"2025-04-09T12:35:45","modified_gmt":"2025-04-09T10:35:45","slug":"fitmin-for-life-trusu-ausis-vistas","status":"publish","type":"product","link":"https:\/\/zooprekes24.lt\/lv\/produktas\/fitmin-for-life-rabbit-ears-chicken\/","title":{"rendered":"Fitmin for Life Rabbit Ears Vistas k\u0101rumi su\u0146iem"},"content":{"rendered":"<h3>Fitmin for Life Rabbit Ears Chicken - \u017e\u0101v\u0113tas tru\u0161a ausis, pild\u012btas ar vistas ga\u013cu, paredz\u0113tas visiem vecumiem <a href=\"https:\/\/zooprekes24.lt\/lv\/kategorija\/prekes-sunims\/\" target=\"_blank\" rel=\"noopener\">Su\u0146iem<\/a>daudz kvalitat\u012bvu olbaltumvielu un maz tauku. Dabiski na\u0161\u0137i ir lab\u0101kais veids, k\u0101 apm\u0101c\u012bt su\u0146a paklaus\u012bbu un stimul\u0113t vi\u0146a dabiskos instinktus.<\/h3>\n<ul>\n<li>Dabisks produkts.<\/li>\n<li>Pateicoties to sast\u0101vam un gar\u0161\u012bgajai gar\u0161ai, gardumi ir iecien\u012bti pat pras\u012bgu su\u0146u vid\u016b.<\/li>\n<li>Iepakotas lietot\u0101jam \u0113rt\u0101, atk\u0101rtoti nosl\u0113dzam\u0101 maisi\u0146\u0101, ko var atv\u0113rt un atk\u0101rtoti nosl\u0113gt, t\u0101p\u0113c t\u0101s ilgi saglab\u0101jas svaigas.<\/li>\n<li>Fitmin for Life Rabbit Ears Chicken gardumi su\u0146iem ir lieliski piem\u0113roti k\u0101 balva vai gar\u0161\u012bga uzkoda.<\/li>\n<li><a href=\"https:\/\/www.fitmin.cz\/p\/ffl-dog-treat-duck-with-calcium-bone-200g\" target=\"_blank\" rel=\"noopener\">na\u0161\u0137i nesatur kr\u0101svielas, aromatiz\u0113t\u0101jus un graudus.<\/a>.<\/li>\n<\/ul>","protected":false},"excerpt":{"rendered":"<p>Fitmin for Life Rabbit Ears Chicken &#8211; d\u017eiovintos triu\u0161io ausys \u012fdarytos vi\u0161tienos m\u0117sa vis\u0173 am\u017eiaus grupi\u0173 \u0161unims, su daug kokybi\u0161k\u0173 baltym\u0173 ir ma\u017eai riebal\u0173. Nat\u016bral\u016bs skan\u0117stai &#8211; tai geriausia priemon\u0117 \u0161uns paklusnumui lavinti ir jo nat\u016braliems instinktams skatinti. Nat\u016bralus produktas. D\u0117l savo sud\u0117ties ir gardaus skonio, skan\u0117stai yra m\u0117gstami net ir i\u0161ranki\u0173 \u0161un\u0173. Supakuoti patogiame&#8230;<\/p>","protected":false},"featured_media":20506,"comment_status":"closed","ping_status":"closed","template":"","meta":{"_acf_changed":false,"slim_seo":{"title":"Fitmin for Life Rabbit Ears Chicken skan\u0117stai \u0161unims - Zooprekes24","description":"Fitmin for Life Rabbit Ears Chicken - \u017e\u0101v\u0113tas tru\u0161u ausis, pild\u012btas ar vistas ga\u013cu visu vecumu su\u0146iem, ar augstu olbaltumvielu saturu un zemu tauku saturu."},"iawp_total_views":51},"product_brand":[],"product_cat":[9043,9010,8999,31,30],"product_tag":[1618,1623,1624,5659,792,391,5661],"class_list":{"0":"post-24128","1":"product","2":"type-product","3":"status-publish","4":"has-post-thumbnail","6":"product_cat-fitmin-for-life-sunims","7":"product_cat-naturalus-skanestai","8":"product_cat-sunims","9":"product_cat-sunu-prekiu-gamintojai","10":"product_cat-sunu-skanestai","11":"product_tag-fitmin-for-life-naturalus-skanestai","12":"product_tag-fitmin-skanestai-sunims","13":"product_tag-fitmin-skanukai-sunims","14":"product_tag-fitmin-triusio-ausys","15":"product_tag-naturalus-skanestai-sunims","16":"product_tag-traskus-skanestai-sunims","17":"product_tag-triusio-ausys-idarytos-mesa","18":"pa_pasaro-sudetis-triusiena","19":"pa_pasaro-sudetis-vistiena","20":"pa_prekiu-zenklai-fitmin-for-life","21":"pa_suns-amzius-jauniems","22":"pa_suns-amzius-senjorams","23":"pa_suns-amzius-suaugusiems","24":"pa_suns-amzius-visiems-amziams","25":"pa_veisles-dydis-didelems-veislems","26":"pa_veisles-dydis-mazoms-veislems","27":"pa_veisles-dydis-vidutinems-veislems","28":"pa_veisles-dydis-visu-dydziu-veislems","30":"first","31":"outofstock","32":"featured","33":"taxable","34":"shipping-taxable","35":"purchasable","36":"product-type-variable"},"acf":[],"_links":{"self":[{"href":"https:\/\/zooprekes24.lt\/lv\/wp-json\/wp\/v2\/product\/24128","targetHints":{"allow":["GET"]}}],"collection":[{"href":"https:\/\/zooprekes24.lt\/lv\/wp-json\/wp\/v2\/product"}],"about":[{"href":"https:\/\/zooprekes24.lt\/lv\/wp-json\/wp\/v2\/types\/product"}],"replies":[{"embeddable":true,"href":"https:\/\/zooprekes24.lt\/lv\/wp-json\/wp\/v2\/comments?post=24128"}],"wp:featuredmedia":[{"embeddable":true,"href":"https:\/\/zooprekes24.lt\/lv\/wp-json\/wp\/v2\/media\/20506"}],"wp:attachment":[{"href":"https:\/\/zooprekes24.lt\/lv\/wp-json\/wp\/v2\/media?parent=24128"}],"wp:term":[{"taxonomy":"product_brand","embeddable":true,"href":"https:\/\/zooprekes24.lt\/lv\/wp-json\/wp\/v2\/product_brand?post=24128"},{"taxonomy":"product_cat","embeddable":true,"href":"https:\/\/zooprekes24.lt\/lv\/wp-json\/wp\/v2\/product_cat?post=24128"},{"taxonomy":"product_tag","embeddable":true,"href":"https:\/\/zooprekes24.lt\/lv\/wp-json\/wp\/v2\/product_tag?post=24128"}],"curies":[{"name":"wp","href":"https:\/\/api.w.org\/{rel}","templated":true}]}}