{"id":24122,"date":"2024-04-19T13:30:13","date_gmt":"2024-04-19T10:30:13","guid":{"rendered":"https:\/\/zooprekes24.lt\/produktas\/brit-care-sustainable-adult-large-breed\/"},"modified":"2024-06-27T14:50:15","modified_gmt":"2024-06-27T11:50:15","slug":"britu-aprupe-ilgtspejiga-pieauguso-liela-skirne","status":"publish","type":"product","link":"https:\/\/zooprekes24.lt\/lv\/produktas\/brit-care-sustainable-adult-large-breed\/","title":{"rendered":"Brit Care Sustainable Adult Large Breed Chicken &amp; Insect saus\u0101 bar\u012bba su\u0146iem 12 kg"},"content":{"rendered":"<h3>Brit Care Sustainable Adult Large Breed Large Breed Chicken &amp; Insect - Super premium, ilgtsp\u0113j\u012bga un videi draudz\u012bga saus\u0101 bar\u012bba, kas \u012bpa\u0161i izstr\u0101d\u0101ta vesel\u012bgai gremo\u0161anai, stresa vad\u012bbai, fizisk\u0101s sagatavot\u012bbas uzlabo\u0161anai un imunit\u0101tes atbalstam. Ide\u0101li piem\u0113rots pieaugu\u0161ajiem <a href=\"https:\/\/zooprekes24.lt\/lv\/?s=dideli\u0173+veisli\u0173+\u0161unims&amp;post_type=product\" target=\"_blank\" rel=\"noopener\">lieliem \u0161\u0137irnes su\u0146iem<\/a>. Tas satur viegli sagremojamus un pilnv\u0113rt\u012bgus prote\u012bnus ar pilnv\u0113rt\u012bg\u0101m aminosk\u0101b\u0113m, kas nodro\u0161ina lielisku musku\u013cu tonusu un vesel\u012bgus audus. Bezglut\u0113na recepte ir piem\u0113rota visiem lielo \u0161\u0137ir\u0146u su\u0146iem bez svara pieauguma riska.<\/h3>\n<ul>\n<li>Hondroprotektori pal\u012bdz uztur\u0113t vesel\u012bgas loc\u012btavas, kaulus un skrim\u0161\u013cus.<\/li>\n<li>L-triptof\u0101ns nomierina stresa situ\u0101cijas, un sukotass mazina m\u0101jdz\u012bvnieku trauksmi.<\/li>\n<li><a href=\"https:\/\/brit-petfood.com\/en\/company-profile\" target=\"_blank\" rel=\"noopener\">Brit Care<\/a> Sustainable Adult Large Breed ir videi draudz\u012bga bar\u012bba, kas pagatavota no ilgtsp\u0113j\u012bg\u0101m olbaltumviel\u0101m un sast\u0101vda\u013c\u0101m, kuru negat\u012bv\u0101 ietekme uz vidi ir par 35 % maz\u0101ka.<\/li>\n<\/ul>","protected":false},"excerpt":{"rendered":"<p>Brit Care Sustainable Adult Large Breed Chicken &amp; Insect &#8211; Super Premium,\u00a0tvarus ir draugi\u0161kas gamtai sausas maistas specialiai sukurtas sveikam vir\u0161kinimui, streso valdymui, geresnei fizinei b\u016bklei ir imuniteto palaikymui. Idealiai tinka suaugusiems dideli\u0173 veisli\u0173 \u0161unims. Sud\u0117tyje yra lengvai vir\u0161kinam\u0173 ir maisting\u0173 baltym\u0173 su visavert\u0117mis amino r\u016bg\u0161timis, u\u017etikrinan\u010diomis puik\u0173 raumen\u0173 tonus\u0105 ir sveikus audinius. Receptas be&#8230;<\/p>","protected":false},"featured_media":27839,"comment_status":"closed","ping_status":"closed","template":"","meta":{"_acf_changed":false,"slim_seo":{"title":"Brit Care Sustainable Adult Large Breed Chicken & Insect sausas maistas \u0161unims 12 kg - Zooprekes24","description":"Brit Care Sustainable Adult Large Breed Large Breed Chicken &amp; Insect - Super premium, ilgtsp\u0113j\u012bga un videi draudz\u012bga saus\u0101 bar\u012bba, kas \u012bpa\u0161i izstr\u0101d\u0101ta vesel\u012bgai gremo\u0161anai."},"iawp_total_views":49},"product_brand":[],"product_cat":[9029,9002,8999,29,31],"product_tag":[176,177,555,200],"class_list":{"0":"post-24122","1":"product","2":"type-product","3":"status-publish","4":"has-post-thumbnail","6":"product_cat-brit-care","7":"product_cat-sausas-maistas","8":"product_cat-sunims","9":"product_cat-sunu-maistas","10":"product_cat-sunu-prekiu-gamintojai","11":"product_tag-begrudis-sunu-maistas","12":"product_tag-edalas-sunims","13":"product_tag-hipoalerginis","14":"product_tag-super-premium-maistas-sunims","15":"pa_pasaro-sudetis-vabzdziai","16":"pa_pasaro-sudetis-vaisiai","17":"pa_pasaro-sudetis-vistiena","18":"pa_prekiu-zenklai-brit-care","19":"pa_suns-amzius-suaugusiems","20":"pa_veisles-dydis-didelems-veislems","22":"first","23":"instock","24":"featured","25":"taxable","26":"shipping-taxable","27":"purchasable","28":"product-type-simple"},"acf":[],"_links":{"self":[{"href":"https:\/\/zooprekes24.lt\/lv\/wp-json\/wp\/v2\/product\/24122","targetHints":{"allow":["GET"]}}],"collection":[{"href":"https:\/\/zooprekes24.lt\/lv\/wp-json\/wp\/v2\/product"}],"about":[{"href":"https:\/\/zooprekes24.lt\/lv\/wp-json\/wp\/v2\/types\/product"}],"replies":[{"embeddable":true,"href":"https:\/\/zooprekes24.lt\/lv\/wp-json\/wp\/v2\/comments?post=24122"}],"wp:featuredmedia":[{"embeddable":true,"href":"https:\/\/zooprekes24.lt\/lv\/wp-json\/wp\/v2\/media\/27839"}],"wp:attachment":[{"href":"https:\/\/zooprekes24.lt\/lv\/wp-json\/wp\/v2\/media?parent=24122"}],"wp:term":[{"taxonomy":"product_brand","embeddable":true,"href":"https:\/\/zooprekes24.lt\/lv\/wp-json\/wp\/v2\/product_brand?post=24122"},{"taxonomy":"product_cat","embeddable":true,"href":"https:\/\/zooprekes24.lt\/lv\/wp-json\/wp\/v2\/product_cat?post=24122"},{"taxonomy":"product_tag","embeddable":true,"href":"https:\/\/zooprekes24.lt\/lv\/wp-json\/wp\/v2\/product_tag?post=24122"}],"curies":[{"name":"wp","href":"https:\/\/api.w.org\/{rel}","templated":true}]}}