{"id":24051,"date":"2024-04-19T13:29:04","date_gmt":"2024-04-19T10:29:04","guid":{"rendered":"https:\/\/zooprekes24.lt\/produktas\/royal-canin-gastrointestinal-puppy-wet\/"},"modified":"2025-11-03T12:33:08","modified_gmt":"2025-11-03T10:33:08","slug":"royal-canin-kucenu-kunga-zarnu-trakta-mitrs","status":"publish","type":"product","link":"https:\/\/zooprekes24.lt\/lv\/produktas\/royal-canin-gastrointestinal-puppy-wet\/","title":{"rendered":"Royal Canin kuc\u0113nu ku\u0146\u0123a-zarnu trakta pepes kuc\u0113niem"},"content":{"rendered":"<h3>Detaliz\u0113ta inform\u0101cija par Royal Canin Gastrointestinal Puppy Mousse kuc\u0113niem pa\u0161laik tiek izstr\u0101d\u0101ta.<\/h3>\n<p><a ref=\"magnificPopup\" href=\"https:\/\/zooprekes24.lt\/wp-content\/uploads\/vhn-packaging-emblematic-puppy-vhn-transversal-packaging-charter-2-e1676458338287.png\"><img loading=\"lazy\" decoding=\"async\" class=\"alignnone wp-image-25144\" src=\"https:\/\/zooprekes24.lt\/wp-content\/uploads\/vhn-packaging-emblematic-puppy-vhn-transversal-packaging-charter-2-e1676458338287-1024x1003.png\" alt=\"RC VET dz\u012bvnieku foto\" width=\"300\" height=\"294\" \/><\/a><\/p>","protected":false},"excerpt":{"rendered":"<p>Detaliz\u0113ta inform\u0101cija par Royal Canin Gastrointestinal Puppy Mousse kuc\u0113niem pa\u0161laik tiek izstr\u0101d\u0101ta.<\/p>","protected":false},"featured_media":20449,"comment_status":"closed","ping_status":"closed","template":"","meta":{"_acf_changed":false,"slim_seo":{"title":"Royal Canin Gastrointestinal Puppy put\u0117siai \u0161uniukams - Zooprekes24","description":"Detaliz\u0113ta inform\u0101cija par Royal Canin Gastrointestinal Puppy Mousse kuc\u0113niem pa\u0161laik tiek izstr\u0101d\u0101ta."},"iawp_total_views":132},"product_brand":[],"product_cat":[9241,9004,8999,29,31,9035],"product_tag":[177,4429],"class_list":{"0":"post-24051","1":"product","2":"type-product","3":"status-publish","4":"has-post-thumbnail","6":"product_cat-royal-canin-veterinary-diets-sunims","7":"product_cat-slapias-maistas","8":"product_cat-sunims","9":"product_cat-sunu-maistas","10":"product_cat-sunu-prekiu-gamintojai","11":"product_cat-veterinarine-dieta","12":"product_tag-edalas-sunims","13":"product_tag-premium-maistas-sunims","14":"pa_pasaro-sudetis-darzoves","15":"pa_pasaro-sudetis-kiauliena","16":"pa_pasaro-sudetis-paukstiena","17":"pa_pasaro-sudetis-ryziai","18":"pa_prekiu-zenklai-royal-canin-veterinary-diets","19":"pa_suns-amzius-jauniems","20":"pa_veisles-dydis-didelems-veislems","21":"pa_veisles-dydis-mazoms-veislems","22":"pa_veisles-dydis-vidutinems-veislems","23":"pa_veisles-dydis-visu-dydziu-veislems","25":"first","26":"instock","27":"featured","28":"taxable","29":"shipping-taxable","30":"purchasable","31":"product-type-variable"},"acf":[],"_links":{"self":[{"href":"https:\/\/zooprekes24.lt\/lv\/wp-json\/wp\/v2\/product\/24051","targetHints":{"allow":["GET"]}}],"collection":[{"href":"https:\/\/zooprekes24.lt\/lv\/wp-json\/wp\/v2\/product"}],"about":[{"href":"https:\/\/zooprekes24.lt\/lv\/wp-json\/wp\/v2\/types\/product"}],"replies":[{"embeddable":true,"href":"https:\/\/zooprekes24.lt\/lv\/wp-json\/wp\/v2\/comments?post=24051"}],"wp:featuredmedia":[{"embeddable":true,"href":"https:\/\/zooprekes24.lt\/lv\/wp-json\/wp\/v2\/media\/20449"}],"wp:attachment":[{"href":"https:\/\/zooprekes24.lt\/lv\/wp-json\/wp\/v2\/media?parent=24051"}],"wp:term":[{"taxonomy":"product_brand","embeddable":true,"href":"https:\/\/zooprekes24.lt\/lv\/wp-json\/wp\/v2\/product_brand?post=24051"},{"taxonomy":"product_cat","embeddable":true,"href":"https:\/\/zooprekes24.lt\/lv\/wp-json\/wp\/v2\/product_cat?post=24051"},{"taxonomy":"product_tag","embeddable":true,"href":"https:\/\/zooprekes24.lt\/lv\/wp-json\/wp\/v2\/product_tag?post=24051"}],"curies":[{"name":"wp","href":"https:\/\/api.w.org\/{rel}","templated":true}]}}