{"id":24027,"date":"2024-04-19T13:28:48","date_gmt":"2024-04-19T10:28:48","guid":{"rendered":"https:\/\/zooprekes24.lt\/produktas\/royal-canin-renal-pastetas-sunims\/"},"modified":"2025-07-28T18:31:51","modified_gmt":"2025-07-28T16:31:51","slug":"royal-canin-renal-pastetas-sunims-410g","status":"publish","type":"product","link":"https:\/\/zooprekes24.lt\/lv\/produktas\/royal-canin-renal-pastetas-sunims-410g\/","title":{"rendered":"Royal Canin Renal past\u0113te su\u0146iem"},"content":{"rendered":"<h3>Detaliz\u0113ta inform\u0101cija par Royal Canin Renal past\u0113t\u0113m su\u0146iem pa\u0161laik tiek izstr\u0101d\u0101ta.<\/h3>\n<p><a ref=\"magnificPopup\" href=\"https:\/\/zooprekes24.lt\/wp-content\/uploads\/hypoallergic-logo.png\"><img loading=\"lazy\" decoding=\"async\" class=\"wp-image-25067\" src=\"https:\/\/zooprekes24.lt\/wp-content\/uploads\/hypoallergic-logo-984x1024.png\" alt=\"RC VET dz\u012bvnieku foto 2\" width=\"300\" height=\"312\" \/><\/a><\/p>","protected":false},"excerpt":{"rendered":"<p>Detaliz\u0113ta inform\u0101cija par Royal Canin Renal past\u0113t\u0113m su\u0146iem pa\u0161laik tiek izstr\u0101d\u0101ta.<\/p>","protected":false},"featured_media":20433,"comment_status":"closed","ping_status":"closed","template":"","meta":{"_acf_changed":false,"slim_seo":{"title":"Royal Canin Renal pa\u0161tetas \u0161unims - Zooprekes24","description":"Detaliz\u0113ta inform\u0101cija par Royal Canin Renal past\u0113t\u0113m su\u0146iem pa\u0161laik tiek izstr\u0101d\u0101ta."},"iawp_total_views":186},"product_brand":[],"product_cat":[9241,9004,8999,29,31,9035],"product_tag":[4899,4413,177,4910,4901,4429],"class_list":{"0":"post-24027","1":"product","2":"type-product","3":"status-publish","4":"has-post-thumbnail","6":"product_cat-royal-canin-veterinary-diets-sunims","7":"product_cat-slapias-maistas","8":"product_cat-sunims","9":"product_cat-sunu-maistas","10":"product_cat-sunu-prekiu-gamintojai","11":"product_cat-veterinarine-dieta","12":"product_tag-ankstyvas-inkstu-nepakankamumas","13":"product_tag-dietinis-maistas-sunims","14":"product_tag-edalas-sunims","15":"product_tag-inkstu-ligos-sunims","16":"product_tag-inkstu-nepakankamumas-sunims","17":"product_tag-premium-maistas-sunims","18":"pa_pasaro-sudetis-darzoves","19":"pa_pasaro-sudetis-kiauliena","20":"pa_pasaro-sudetis-paukstiena","21":"pa_prekiu-zenklai-royal-canin-veterinary-diets","22":"pa_suns-amzius-senjorams","23":"pa_suns-amzius-suaugusiems","24":"pa_veisles-dydis-didelems-veislems","25":"pa_veisles-dydis-mazoms-veislems","26":"pa_veisles-dydis-vidutinems-veislems","27":"pa_veisles-dydis-visu-dydziu-veislems","29":"first","30":"instock","31":"featured","32":"taxable","33":"shipping-taxable","34":"purchasable","35":"product-type-variable"},"acf":[],"_links":{"self":[{"href":"https:\/\/zooprekes24.lt\/lv\/wp-json\/wp\/v2\/product\/24027","targetHints":{"allow":["GET"]}}],"collection":[{"href":"https:\/\/zooprekes24.lt\/lv\/wp-json\/wp\/v2\/product"}],"about":[{"href":"https:\/\/zooprekes24.lt\/lv\/wp-json\/wp\/v2\/types\/product"}],"replies":[{"embeddable":true,"href":"https:\/\/zooprekes24.lt\/lv\/wp-json\/wp\/v2\/comments?post=24027"}],"wp:featuredmedia":[{"embeddable":true,"href":"https:\/\/zooprekes24.lt\/lv\/wp-json\/wp\/v2\/media\/20433"}],"wp:attachment":[{"href":"https:\/\/zooprekes24.lt\/lv\/wp-json\/wp\/v2\/media?parent=24027"}],"wp:term":[{"taxonomy":"product_brand","embeddable":true,"href":"https:\/\/zooprekes24.lt\/lv\/wp-json\/wp\/v2\/product_brand?post=24027"},{"taxonomy":"product_cat","embeddable":true,"href":"https:\/\/zooprekes24.lt\/lv\/wp-json\/wp\/v2\/product_cat?post=24027"},{"taxonomy":"product_tag","embeddable":true,"href":"https:\/\/zooprekes24.lt\/lv\/wp-json\/wp\/v2\/product_tag?post=24027"}],"curies":[{"name":"wp","href":"https:\/\/api.w.org\/{rel}","templated":true}]}}