{"id":24014,"date":"2024-04-19T13:28:34","date_gmt":"2024-04-19T10:28:34","guid":{"rendered":"https:\/\/zooprekes24.lt\/produktas\/brit-care-hypoallergenic-puppy-lamb\/"},"modified":"2024-09-26T12:01:21","modified_gmt":"2024-09-26T09:01:21","slug":"brit-care-hipoalergisks-kucenu-jers","status":"publish","type":"product","link":"https:\/\/zooprekes24.lt\/lv\/produktas\/brit-care-hypoallergenic-puppy-lamb\/","title":{"rendered":"Brit Care Hypoallergenic Puppy Lamb saus\u0101 bar\u012bba kuc\u0113niem"},"content":{"rendered":"<h3>Brit Care Hypoallergenic Puppy Lamb - Super Premium klases hipoaler\u0123iska bar\u012bba kuc\u0113niem ar vienu prote\u012bnu, lai nov\u0113rstu aler\u0123iskas reakcijas. Izv\u0113l\u0113tie olbaltumvielu avoti samazina aler\u0123isku reakciju iesp\u0113jam\u012bbu. T\u0101 ir \u012bpa\u0161i piem\u0113rota su\u0146iem ar jut\u012bgu gremo\u0161anu un m\u0101jdz\u012bvniekiem ar \u012bpa\u0161\u0101m di\u0113tas pras\u012bb\u0101m. Formula ir bag\u0101tin\u0101ta ar probiotik\u0101m, lai l\u012bdzsvarotu jaun\u0101 su\u0146a zarnu mikrofloras att\u012bst\u012bbu.<\/h3>\n<ul>\n<li>Ide\u0101l\u0101 kaloriju, kalcija un fosfora attiec\u012bba pal\u012bdz nodro\u0161in\u0101t kuc\u0113na stabilu un vesel\u012bgu aug\u0161anu.<\/li>\n<li>Hondroprotektori pal\u012bdz uztur\u0113t vesel\u012bgu loc\u012btavu, kaulu un skrim\u0161\u013cu aug\u0161anu un att\u012bst\u012bbu.<\/li>\n<li><a href=\"https:\/\/krmivo-brit.cz\/cs\" target=\"_blank\" rel=\"noopener\">Brit Care<\/a> Hipoaler\u0123isks <a href=\"https:\/\/zooprekes24.lt\/lv\/?s=puppy&amp;post_type=product\" target=\"_blank\" rel=\"noopener\">Kuc\u0113ns<\/a> Lamb's bar\u012bb\u0101 eso\u0161\u0101s probiotikas un antioksidanti stiprina j\u016bsu m\u012blu\u013ca im\u016bnsist\u0113mu un veicina labu gremo\u0161anas funkciju.<\/li>\n<\/ul>","protected":false},"excerpt":{"rendered":"<p>Brit Care Hypoallergenic Puppy Lamb &#8211; Super Premium, hipoalerginis vieno baltymo maistas \u0161uniukams, skirtas alergini\u0173 reakcij\u0173 prevencijai. Atrinkti baltym\u0173 \u0161altiniai ma\u017eina alergini\u0173 reakcij\u0173 tikimyb\u0119. Maistas ypa\u010d tinka \u0161unims, kurie turi jautr\u0173 vir\u0161kinim\u0105, taip pat augintiniams, turintiems speciali\u0173 mitybos reikalavim\u0173. Formul\u0117 praturtinta probiotikais, kurie balansuoja jauno \u0161uns besiformuojan\u010di\u0105 \u017earnyno mikroflor\u0105. Idealus kalorij\u0173, kalcio ir fosforo santykis&#8230;<\/p>","protected":false},"featured_media":27598,"comment_status":"closed","ping_status":"closed","template":"","meta":{"_acf_changed":false,"slim_seo":{"title":"Brit Care Hypoallergenic Puppy Lamb sausas maistas \u0161uniukams - Zooprekes24","description":"Brit Care Hypoallergenic Puppy Lamb - Super Premium, hipoalerginis vieno baltymo maistas \u0161uniukams, skirtas alergini\u0173 reakcij\u0173 prevencijai. Atrinkti baltym\u0173 \u0161al"},"iawp_total_views":264},"product_brand":[],"product_cat":[9029,9002,8999,29,31],"product_tag":[177,200],"class_list":{"0":"post-24014","1":"product","2":"type-product","3":"status-publish","4":"has-post-thumbnail","6":"product_cat-brit-care","7":"product_cat-sausas-maistas","8":"product_cat-sunims","9":"product_cat-sunu-maistas","10":"product_cat-sunu-prekiu-gamintojai","11":"product_tag-edalas-sunims","12":"product_tag-super-premium-maistas-sunims","13":"pa_pasaro-sudetis-eriena","14":"pa_pasaro-sudetis-ryziai","15":"pa_pasaro-sudetis-vaisiai","16":"pa_prekiu-zenklai-brit-care","17":"pa_suns-amzius-jauniems","18":"pa_veisles-dydis-didelems-veislems","19":"pa_veisles-dydis-mazoms-veislems","20":"pa_veisles-dydis-vidutinems-veislems","21":"pa_veisles-dydis-visu-dydziu-veislems","23":"first","24":"instock","25":"featured","26":"taxable","27":"shipping-taxable","28":"purchasable","29":"product-type-variable"},"acf":[],"_links":{"self":[{"href":"https:\/\/zooprekes24.lt\/lv\/wp-json\/wp\/v2\/product\/24014","targetHints":{"allow":["GET"]}}],"collection":[{"href":"https:\/\/zooprekes24.lt\/lv\/wp-json\/wp\/v2\/product"}],"about":[{"href":"https:\/\/zooprekes24.lt\/lv\/wp-json\/wp\/v2\/types\/product"}],"replies":[{"embeddable":true,"href":"https:\/\/zooprekes24.lt\/lv\/wp-json\/wp\/v2\/comments?post=24014"}],"wp:featuredmedia":[{"embeddable":true,"href":"https:\/\/zooprekes24.lt\/lv\/wp-json\/wp\/v2\/media\/27598"}],"wp:attachment":[{"href":"https:\/\/zooprekes24.lt\/lv\/wp-json\/wp\/v2\/media?parent=24014"}],"wp:term":[{"taxonomy":"product_brand","embeddable":true,"href":"https:\/\/zooprekes24.lt\/lv\/wp-json\/wp\/v2\/product_brand?post=24014"},{"taxonomy":"product_cat","embeddable":true,"href":"https:\/\/zooprekes24.lt\/lv\/wp-json\/wp\/v2\/product_cat?post=24014"},{"taxonomy":"product_tag","embeddable":true,"href":"https:\/\/zooprekes24.lt\/lv\/wp-json\/wp\/v2\/product_tag?post=24014"}],"curies":[{"name":"wp","href":"https:\/\/api.w.org\/{rel}","templated":true}]}}