{"id":24005,"date":"2024-04-19T13:28:34","date_gmt":"2024-04-19T10:28:34","guid":{"rendered":"https:\/\/zooprekes24.lt\/produktas\/royal-canin-gastrointestinal-sunims\/"},"modified":"2025-07-28T19:14:51","modified_gmt":"2025-07-28T17:14:51","slug":"royal-canin-gastrointestinalais-sunims","status":"publish","type":"product","link":"https:\/\/zooprekes24.lt\/lv\/produktas\/royal-canin-gastrointestinal-sunims\/","title":{"rendered":"Royal Canin Gastrointestinal saus\u0101 bar\u012bba su\u0146iem"},"content":{"rendered":"<h3>Detaliz\u0113ta inform\u0101cija par Royal Canin Gastrointestinal sauso bar\u012bbu su\u0146iem pa\u0161laik tiek izstr\u0101d\u0101ta.<\/h3>\n<h3><a ref=\"magnificPopup\" href=\"https:\/\/zooprekes24.lt\/wp-content\/uploads\/hypoallergic-logo.png\"><img loading=\"lazy\" decoding=\"async\" class=\"wp-image-25067\" src=\"https:\/\/zooprekes24.lt\/wp-content\/uploads\/hypoallergic-logo.png\" alt=\"RC VET dz\u012bvnieku foto 2\" width=\"301\" height=\"313\" \/><\/a><\/h3>","protected":false},"excerpt":{"rendered":"<p>Detaliz\u0113ta inform\u0101cija par Royal Canin Gastrointestinal sauso bar\u012bbu su\u0146iem pa\u0161laik tiek izstr\u0101d\u0101ta.<\/p>","protected":false},"featured_media":20420,"comment_status":"closed","ping_status":"closed","template":"","meta":{"_acf_changed":false,"slim_seo":{"title":"Royal Canin Gastrointestinal sausas maistas \u0161unims - Zooprekes24","description":"Detaliz\u0113ta inform\u0101cija par Royal Canin Gastrointestinal sauso bar\u012bbu su\u0146iem pa\u0161laik tiek izstr\u0101d\u0101ta."},"iawp_total_views":1319},"product_brand":[],"product_cat":[9241,9002,8999,29,31,9035],"product_tag":[177,4849,4300,200],"class_list":{"0":"post-24005","1":"product","2":"type-product","3":"status-publish","4":"has-post-thumbnail","6":"product_cat-royal-canin-veterinary-diets-sunims","7":"product_cat-sausas-maistas","8":"product_cat-sunims","9":"product_cat-sunu-maistas","10":"product_cat-sunu-prekiu-gamintojai","11":"product_cat-veterinarine-dieta","12":"product_tag-edalas-sunims","13":"product_tag-maistas-sunims-su-skrandzio-problemomis","14":"product_tag-suns-letinis-viduriavimas","15":"product_tag-super-premium-maistas-sunims","16":"pa_pasaro-sudetis-paukstiena","17":"pa_pasaro-sudetis-ryziai","18":"pa_prekiu-zenklai-royal-canin-veterinary-diets","19":"pa_suns-amzius-senjorams","20":"pa_suns-amzius-suaugusiems","21":"pa_veisles-dydis-didelems-veislems","22":"pa_veisles-dydis-mazoms-veislems","23":"pa_veisles-dydis-vidutinems-veislems","24":"pa_veisles-dydis-visu-dydziu-veislems","26":"first","27":"instock","28":"taxable","29":"shipping-taxable","30":"purchasable","31":"product-type-variable"},"acf":[],"_links":{"self":[{"href":"https:\/\/zooprekes24.lt\/lv\/wp-json\/wp\/v2\/product\/24005","targetHints":{"allow":["GET"]}}],"collection":[{"href":"https:\/\/zooprekes24.lt\/lv\/wp-json\/wp\/v2\/product"}],"about":[{"href":"https:\/\/zooprekes24.lt\/lv\/wp-json\/wp\/v2\/types\/product"}],"replies":[{"embeddable":true,"href":"https:\/\/zooprekes24.lt\/lv\/wp-json\/wp\/v2\/comments?post=24005"}],"wp:featuredmedia":[{"embeddable":true,"href":"https:\/\/zooprekes24.lt\/lv\/wp-json\/wp\/v2\/media\/20420"}],"wp:attachment":[{"href":"https:\/\/zooprekes24.lt\/lv\/wp-json\/wp\/v2\/media?parent=24005"}],"wp:term":[{"taxonomy":"product_brand","embeddable":true,"href":"https:\/\/zooprekes24.lt\/lv\/wp-json\/wp\/v2\/product_brand?post=24005"},{"taxonomy":"product_cat","embeddable":true,"href":"https:\/\/zooprekes24.lt\/lv\/wp-json\/wp\/v2\/product_cat?post=24005"},{"taxonomy":"product_tag","embeddable":true,"href":"https:\/\/zooprekes24.lt\/lv\/wp-json\/wp\/v2\/product_tag?post=24005"}],"curies":[{"name":"wp","href":"https:\/\/api.w.org\/{rel}","templated":true}]}}