{"id":24002,"date":"2024-04-19T13:28:23","date_gmt":"2024-04-19T10:28:23","guid":{"rendered":"https:\/\/zooprekes24.lt\/produktas\/royal-canin-adult-medium-dog\/"},"modified":"2025-07-28T19:14:39","modified_gmt":"2025-07-28T17:14:39","slug":"royal-canin-pieaugusajiem-videja-lieluma-suniem","status":"publish","type":"product","link":"https:\/\/zooprekes24.lt\/lv\/produktas\/royal-canin-adult-medium-dog\/","title":{"rendered":"Royal Canin Adult Medium Dog saus\u0101 bar\u012bba su\u0146iem"},"content":{"rendered":"<h3>S\u012bk\u0101ka inform\u0101cija par Royal Canin Adult Medium Dog sauso bar\u012bbu su\u0146iem pa\u0161laik tiek izstr\u0101d\u0101ta.<\/h3>\n<p><a ref=\"magnificPopup\" href=\"https:\/\/zooprekes24.lt\/wp-content\/uploads\/hypoallergic-logo.png\"><img loading=\"lazy\" decoding=\"async\" class=\"wp-image-25067\" src=\"https:\/\/zooprekes24.lt\/wp-content\/uploads\/hypoallergic-logo.png\" alt=\"RC VET dz\u012bvnieku foto 2\" width=\"301\" height=\"313\" \/><\/a><\/p>","protected":false},"excerpt":{"rendered":"<p>S\u012bk\u0101ka inform\u0101cija par Royal Canin Adult Medium Dog sauso bar\u012bbu su\u0146iem pa\u0161laik tiek izstr\u0101d\u0101ta.<\/p>","protected":false},"featured_media":20418,"comment_status":"closed","ping_status":"closed","template":"","meta":{"_acf_changed":false,"slim_seo":{"title":"Royal Canin Adult Medium Dog sausas maistas \u0161unims - Zooprekes24","description":"S\u012bk\u0101ka inform\u0101cija par Royal Canin Adult Medium Dog sauso bar\u012bbu su\u0146iem pa\u0161laik tiek izstr\u0101d\u0101ta."},"iawp_total_views":145},"product_brand":[],"product_cat":[9241,9002,8999,29,31,9035],"product_tag":[177,200],"class_list":{"0":"post-24002","1":"product","2":"type-product","3":"status-publish","4":"has-post-thumbnail","6":"product_cat-royal-canin-veterinary-diets-sunims","7":"product_cat-sausas-maistas","8":"product_cat-sunims","9":"product_cat-sunu-maistas","10":"product_cat-sunu-prekiu-gamintojai","11":"product_cat-veterinarine-dieta","12":"product_tag-edalas-sunims","13":"product_tag-super-premium-maistas-sunims","14":"pa_pasaro-sudetis-paukstiena","15":"pa_pasaro-sudetis-ryziai","16":"pa_prekiu-zenklai-royal-canin-veterinary-diets","17":"pa_suns-amzius-senjorams","18":"pa_suns-amzius-suaugusiems","19":"pa_veisles-dydis-vidutinems-veislems","21":"first","22":"instock","23":"taxable","24":"shipping-taxable","25":"purchasable","26":"product-type-variable"},"acf":[],"_links":{"self":[{"href":"https:\/\/zooprekes24.lt\/lv\/wp-json\/wp\/v2\/product\/24002","targetHints":{"allow":["GET"]}}],"collection":[{"href":"https:\/\/zooprekes24.lt\/lv\/wp-json\/wp\/v2\/product"}],"about":[{"href":"https:\/\/zooprekes24.lt\/lv\/wp-json\/wp\/v2\/types\/product"}],"replies":[{"embeddable":true,"href":"https:\/\/zooprekes24.lt\/lv\/wp-json\/wp\/v2\/comments?post=24002"}],"wp:featuredmedia":[{"embeddable":true,"href":"https:\/\/zooprekes24.lt\/lv\/wp-json\/wp\/v2\/media\/20418"}],"wp:attachment":[{"href":"https:\/\/zooprekes24.lt\/lv\/wp-json\/wp\/v2\/media?parent=24002"}],"wp:term":[{"taxonomy":"product_brand","embeddable":true,"href":"https:\/\/zooprekes24.lt\/lv\/wp-json\/wp\/v2\/product_brand?post=24002"},{"taxonomy":"product_cat","embeddable":true,"href":"https:\/\/zooprekes24.lt\/lv\/wp-json\/wp\/v2\/product_cat?post=24002"},{"taxonomy":"product_tag","embeddable":true,"href":"https:\/\/zooprekes24.lt\/lv\/wp-json\/wp\/v2\/product_tag?post=24002"}],"curies":[{"name":"wp","href":"https:\/\/api.w.org\/{rel}","templated":true}]}}