{"id":23983,"date":"2024-04-19T13:28:09","date_gmt":"2024-04-19T10:28:09","guid":{"rendered":"https:\/\/zooprekes24.lt\/produktas\/fitmin-medium-maxi-light-senior-lamb-beef\/"},"modified":"2026-02-26T16:15:25","modified_gmt":"2026-02-26T14:15:25","slug":"fitmin-medium-maxi-light-senior-lamb-beef-sausas-maistas-sunims-12kg","status":"publish","type":"product","link":"https:\/\/zooprekes24.lt\/lv\/produktas\/fitmin-medium-maxi-light-senior-lamb-beef-sausas-maistas-sunims-12kg\/","title":{"rendered":"Fitmin Medium Maxi Light Senior Lamb &amp; Beef sausas maistas \u0161unims 12 kg"},"content":{"rendered":"<h3>Fitmin Medium Maxi Light Senior Lamb &amp; Beef ir pilnv\u0113rt\u012bga Super Premium saus\u0101 bar\u012bba, kas piem\u0113rota pieaugu\u0161iem mazo \u0161\u0137ir\u0146u su\u0146iem (15 kg un vair\u0101k) no 1 l\u012bdz 7 gadu vecumam (lai pal\u0113nin\u0101tu noveco\u0161an\u0101s procesu), k\u0101 ar\u012b vec\u0101kiem su\u0146iem no 7 gadu vecuma. Jaun\u0101 Fitmin Nutritional Program s\u0113rija ir ra\u017eota tikai no augst\u0101k\u0101s kvalit\u0101tes j\u0113ra ga\u013cas un liellopu ga\u013cas. Pateicoties \u0161im unik\u0101lajam sast\u0101vam, tiek ne tikai samazin\u0101ts m\u0101jdz\u012bvnieka aler\u0123isku reakciju risks, bet ar\u012b stiprin\u0101ta su\u0146a imunit\u0101te un nodro\u0161in\u0101ta lieliska produkta sagremojam\u012bba. Bar\u012bba pal\u0113nina noveco\u0161an\u0101s procesu, samazina p\u0101r\u0113\u0161an\u0101s risku un l\u012bdz minimumam samazina iesp\u0113jam\u0101s m\u0101jdz\u012bvnieka gremo\u0161anas probl\u0113mas.<\/h3>\n<ul>\n<li>Sast\u0101v\u0101 ir 74,5% dz\u012bvnieku olbaltumvielu un 50% svaigas j\u0113ra ga\u013cas.<\/li>\n<li>Hipoaler\u0123iska formula, kas piel\u0101gota jut\u012bgu, aler\u0123isku un bar\u012bbas nepanes\u012bgu su\u0146u vajadz\u012bb\u0101m.<\/li>\n<li>Fitmin Medium Maxi Light Senior Lamb &amp; Beef satur mellenes un upenes, kas darbojas k\u0101 dab\u012bgie antioksidanti, aizsarg\u0101jot \u0161\u016bnas no br\u012bvajiem radik\u0101\u013ciem.<\/li>\n<li><a href=\"https:\/\/zooprekes24.lt\/lv\/products\/dr-clauders-barf-lassi-ella\/\">La\u0161a e\u013c\u013ca<\/a> ir lielisks Omega-3 un Omega-6 tauksk\u0101bju (EPA un DHA) avots, kas baro un mitrina su\u0146a ka\u017eoku un \u0101du.<\/li>\n<li>Hondroit\u012bna sulf\u0101ts un glikozam\u012bns stiprina j\u016bsu m\u012blu\u013ca skrim\u0161\u013cus, c\u012bpslas un saites, pal\u012bdz veidot kolag\u0113nu un palielina meh\u0101nisko iztur\u012bbu.<\/li>\n<li><a href=\"https:\/\/www.fitmin.cz\" target=\"_blank\" rel=\"noopener\">Fitmin<\/a> Medium Maxi Light Senior Lamb &amp; Beef satur balto ce\u013cmallapu s\u0113klas, kas veicina ilgsto\u0161u s\u0101ta saj\u016btu un samazina \u0113diena uz\u0146em\u0161anu.<\/li>\n<li>Ro\u017eu \u0113rk\u0161\u0137ogas ir bag\u0101tas ar C vitam\u012bnu, kas labv\u0113l\u012bgi ietekm\u0113 su\u0146a ur\u012bnce\u013cu sist\u0113mas un nieru vesel\u012bgu darb\u012bbu.<\/li>\n<li>Lamb neizmanto: m\u0101jputnu vai vistas ga\u013cu, kvie\u0161us, kukur\u016bzu, soju vai \u0122MO.<\/li>\n<li>Produkts ir iepakots videi draudz\u012bg\u0101, videi nekait\u012bg\u0101 iepakojum\u0101 ar rokturi un r\u0101v\u0113jsl\u0113dz\u0113ja aizdari.<\/li>\n<\/ul>","protected":false},"excerpt":{"rendered":"<p>Fitmin Medium Maxi Light Senior Lamb &amp; Beef &#8211; visavertis Super Premium klas\u0117s sausas maistas pritaikytas suaugusiems, ma\u017e\u0173 veisli\u0173 (nuo 15 kg) \u0161unims nuo 1 iki 7 met\u0173 am\u017eiaus (sen\u0117jimo proces\u0173 l\u0117tinimas) taip pat ir vyresnio am\u017eiaus \u0161unims nuo 7 met\u0173. Nauja Fitmin Nutritional Program pa\u0161ar\u0173 linija yra gaminama i\u0161skirtinai i\u0161 auk\u0161\u010diausios kokyb\u0117s \u0117rienos ir&#8230;<\/p>","protected":false},"featured_media":20413,"comment_status":"closed","ping_status":"closed","template":"","meta":{"_acf_changed":false,"slim_seo":{"title":"Fitmin Medium Maxi Light Senior Lamb &amp; Beef sausas maistas \u0161unims 12 kg - Zooprekes24","description":"Fitmin Medium Maxi Light Senior Lamb &amp; Beef ir pilnv\u0113rt\u012bga Super Premium saus\u0101 bar\u012bba, kas piem\u0113rota pieaugu\u0161iem mazo \u0161\u0137ir\u0146u su\u0146iem (no 15 kg) no 1. janv\u0101ra l\u012bdz 30. j\u016bnijam."},"iawp_total_views":174},"product_brand":[],"product_cat":[9044,9002,8999,29,31],"product_tag":[427],"class_list":{"0":"post-23983","1":"product","2":"type-product","3":"status-publish","4":"has-post-thumbnail","6":"product_cat-fitmin-nutritional-programme","7":"product_cat-sausas-maistas","8":"product_cat-sunims","9":"product_cat-sunu-maistas","10":"product_cat-sunu-prekiu-gamintojai","11":"product_tag-fitmin-edalas-sunims","12":"pa_pasaro-sudetis-eriena","13":"pa_pasaro-sudetis-jautiena","14":"pa_prekiu-zenklai-fitmin-nutritional-programme","15":"pa_suns-amzius-senjorams","16":"pa_suns-amzius-suaugusiems","17":"pa_veisles-dydis-didelems-veislems","18":"pa_veisles-dydis-vidutinems-veislems","20":"first","21":"instock","22":"taxable","23":"shipping-taxable","24":"purchasable","25":"product-type-simple"},"acf":[],"_links":{"self":[{"href":"https:\/\/zooprekes24.lt\/lv\/wp-json\/wp\/v2\/product\/23983","targetHints":{"allow":["GET"]}}],"collection":[{"href":"https:\/\/zooprekes24.lt\/lv\/wp-json\/wp\/v2\/product"}],"about":[{"href":"https:\/\/zooprekes24.lt\/lv\/wp-json\/wp\/v2\/types\/product"}],"replies":[{"embeddable":true,"href":"https:\/\/zooprekes24.lt\/lv\/wp-json\/wp\/v2\/comments?post=23983"}],"wp:featuredmedia":[{"embeddable":true,"href":"https:\/\/zooprekes24.lt\/lv\/wp-json\/wp\/v2\/media\/20413"}],"wp:attachment":[{"href":"https:\/\/zooprekes24.lt\/lv\/wp-json\/wp\/v2\/media?parent=23983"}],"wp:term":[{"taxonomy":"product_brand","embeddable":true,"href":"https:\/\/zooprekes24.lt\/lv\/wp-json\/wp\/v2\/product_brand?post=23983"},{"taxonomy":"product_cat","embeddable":true,"href":"https:\/\/zooprekes24.lt\/lv\/wp-json\/wp\/v2\/product_cat?post=23983"},{"taxonomy":"product_tag","embeddable":true,"href":"https:\/\/zooprekes24.lt\/lv\/wp-json\/wp\/v2\/product_tag?post=23983"}],"curies":[{"name":"wp","href":"https:\/\/api.w.org\/{rel}","templated":true}]}}