{"id":23980,"date":"2024-04-19T13:28:09","date_gmt":"2024-04-19T10:28:09","guid":{"rendered":"https:\/\/zooprekes24.lt\/produktas\/fitmin-mini-light-senior-lamb-beef\/"},"modified":"2026-04-03T16:05:09","modified_gmt":"2026-04-03T14:05:09","slug":"fitmin-mini-light-senior-lamb-beef","status":"publish","type":"product","link":"https:\/\/zooprekes24.lt\/lv\/produktas\/fitmin-mini-light-senior-lamb-beef\/","title":{"rendered":"Fitmin Mini Light Senior Lamb &amp; Beef sausas maistas \u0161unims 2.5 kg"},"content":{"rendered":"<h3>Fitmin Mini Light Senior Lamb &amp; Beef &#8211; visavertis Super Premium klas\u0117s sausas maistas pritaikytas suaugusiems, ma\u017e\u0173 veisli\u0173 (iki 15 kg) \u0161unims nuo 1 iki 9 met\u0173 am\u017eiaus (sen\u0117jimo proces\u0173 l\u0117tinimas) taip pat ir vyresnio am\u017eiaus \u0161unims nuo 9 met\u0173. Nauja Fitmin Nutritional Program pa\u0161ar\u0173 linija yra gaminama i\u0161skirtinai i\u0161 auk\u0161\u010diausios kokyb\u0117s \u0117rienos ir jautienos m\u0117sos. D\u0117ka \u0161ios unikalios kompozicijos ne tik suma\u017einama augintinio alergini\u0173 reakcij\u0173 rizika, bet ir stiprinamas \u0161uns imunitetas bei u\u017etikrinamas puikus produkto vir\u0161kinamumas. \u0116dalas\u00a0l\u0117tina sen\u0117jimo procesus, ma\u017eina apsivalgymo rizik\u0105 bei minimalizuoja galimas augintinio vir\u0161kinimo problemas.<\/h3>\n<ul>\n<li>Sast\u0101v\u0101 ir 73% dz\u012bvnieku olbaltumvielu un 50% svaigas j\u0113ra ga\u013cas.<\/li>\n<li>Hipoaler\u0123iska formula, kas piel\u0101gota jut\u012bgu, aler\u0123isku un bar\u012bbas nepanes\u012bgu su\u0146u vajadz\u012bb\u0101m.<\/li>\n<li>Fitmin Mini Light Senior Lamb &amp; Beef satur mellenes un upenes, kas darbojas k\u0101 dab\u012bgie antioksidanti, aizsarg\u0101jot \u0161\u016bnas no br\u012bvajiem radik\u0101\u013ciem.<\/li>\n<li><a href=\"https:\/\/zooprekes24.lt\/lv\/products\/dr-clauders-barf-lassi-ella\/\">La\u0161a e\u013c\u013ca<\/a> ir lielisks Omega-3 un Omega-6 tauksk\u0101bju (EPA un DHA) avots, kas baro un mitrina su\u0146a ka\u017eoku un \u0101du.<\/li>\n<li>Hondroit\u012bna sulf\u0101ts un glikozam\u012bns stiprina j\u016bsu m\u012blu\u013ca skrim\u0161\u013cus, c\u012bpslas un saites, pal\u012bdz veidot kolag\u0113nu un palielina meh\u0101nisko iztur\u012bbu.<\/li>\n<li><a href=\"https:\/\/www.fitmin.cz\" target=\"_blank\" rel=\"noopener\">Fitmin<\/a> Mini Light Senior Lamb &amp; Beef sast\u0101v\u0101 eso\u0161\u0101s balto plostkoka s\u0113klas veicina ilgsto\u0161u s\u0101ta saj\u016btu un samazina \u0113diena uz\u0146em\u0161anu.<\/li>\n<li>Ro\u017eu ogas ir bag\u0101tas ar C vitam\u012bnu, kas labv\u0113l\u012bgi ietekm\u0113 ur\u012bnce\u013cu sist\u0113mas un nieru vesel\u012bgu darb\u012bbu.<\/li>\n<li>Lamb neizmanto: m\u0101jputnu vai vistas ga\u013cu, kvie\u0161us, kukur\u016bzu, soju vai \u0122MO.<\/li>\n<li>Produkts ir iepakots videi draudz\u012bg\u0101, videi nekait\u012bg\u0101 iepakojum\u0101 ar rokturi un r\u0101v\u0113jsl\u0113dz\u0113ja aizdari.<\/li>\n<\/ul>","protected":false},"excerpt":{"rendered":"<p>Fitmin Mini Light Senior Lamb &amp; Beef &#8211; visavertis Super Premium klas\u0117s sausas maistas pritaikytas suaugusiems, ma\u017e\u0173 veisli\u0173 (iki 15 kg) \u0161unims nuo 1 iki 9 met\u0173 am\u017eiaus (sen\u0117jimo proces\u0173 l\u0117tinimas) taip pat ir vyresnio am\u017eiaus \u0161unims nuo 9 met\u0173. Nauja Fitmin Nutritional Program pa\u0161ar\u0173 linija yra gaminama i\u0161skirtinai i\u0161 auk\u0161\u010diausios kokyb\u0117s \u0117rienos ir jautienos&#8230;<\/p>","protected":false},"featured_media":18827,"comment_status":"closed","ping_status":"closed","template":"","meta":{"_acf_changed":false,"slim_seo":{"title":"Fitmin Mini Light Senior Lamb &amp; Beef sausas maistas \u0161unims 2.5 kg - Zooprekes24","description":"Fitmin Mini Light Senior Lamb &amp; Beef - visavertis Super Premium klas\u0117s sausas maistas pritaikytas suaugusiems, ma\u017e\u0173 veisli\u0173 (iki 15 kg) \u0161unims nuo 1 iki 9 m"},"iawp_total_views":134},"product_brand":[],"product_cat":[9044,9002,8999,29,31],"product_tag":[427],"class_list":{"0":"post-23980","1":"product","2":"type-product","3":"status-publish","4":"has-post-thumbnail","6":"product_cat-fitmin-nutritional-programme","7":"product_cat-sausas-maistas","8":"product_cat-sunims","9":"product_cat-sunu-maistas","10":"product_cat-sunu-prekiu-gamintojai","11":"product_tag-fitmin-edalas-sunims","12":"pa_pasaro-sudetis-eriena","13":"pa_pasaro-sudetis-jautiena","14":"pa_prekiu-zenklai-fitmin-nutritional-programme","15":"pa_suns-amzius-senjorams","16":"pa_suns-amzius-suaugusiems","17":"pa_veisles-dydis-mazoms-veislems","19":"first","20":"instock","21":"taxable","22":"shipping-taxable","23":"purchasable","24":"product-type-simple"},"acf":[],"_links":{"self":[{"href":"https:\/\/zooprekes24.lt\/lv\/wp-json\/wp\/v2\/product\/23980","targetHints":{"allow":["GET"]}}],"collection":[{"href":"https:\/\/zooprekes24.lt\/lv\/wp-json\/wp\/v2\/product"}],"about":[{"href":"https:\/\/zooprekes24.lt\/lv\/wp-json\/wp\/v2\/types\/product"}],"replies":[{"embeddable":true,"href":"https:\/\/zooprekes24.lt\/lv\/wp-json\/wp\/v2\/comments?post=23980"}],"wp:featuredmedia":[{"embeddable":true,"href":"https:\/\/zooprekes24.lt\/lv\/wp-json\/wp\/v2\/media\/18827"}],"wp:attachment":[{"href":"https:\/\/zooprekes24.lt\/lv\/wp-json\/wp\/v2\/media?parent=23980"}],"wp:term":[{"taxonomy":"product_brand","embeddable":true,"href":"https:\/\/zooprekes24.lt\/lv\/wp-json\/wp\/v2\/product_brand?post=23980"},{"taxonomy":"product_cat","embeddable":true,"href":"https:\/\/zooprekes24.lt\/lv\/wp-json\/wp\/v2\/product_cat?post=23980"},{"taxonomy":"product_tag","embeddable":true,"href":"https:\/\/zooprekes24.lt\/lv\/wp-json\/wp\/v2\/product_tag?post=23980"}],"curies":[{"name":"wp","href":"https:\/\/api.w.org\/{rel}","templated":true}]}}