{"id":23977,"date":"2024-04-19T13:28:09","date_gmt":"2024-04-19T10:28:09","guid":{"rendered":"https:\/\/zooprekes24.lt\/produktas\/fitmin-medium-maxi-performance-lamb\/"},"modified":"2026-04-03T15:20:52","modified_gmt":"2026-04-03T13:20:52","slug":"fitmin-medium-maxi-performance-lamb-beef-sausas-maistas-sunims-12kg","status":"publish","type":"product","link":"https:\/\/zooprekes24.lt\/lv\/produktas\/fitmin-medium-maxi-performance-lamb-beef-sausas-maistas-sunims-12kg\/","title":{"rendered":"Fitmin Medium Maxi Performance Lamb &amp; Beef sausas maistas \u0161unims 12 kg"},"content":{"rendered":"<h3>Fitmin Medium Maxi Performance Lamb &amp; Beef ir pilnv\u0113rt\u012bga Super Premium saus\u0101 bar\u012bba pieaugu\u0161iem, vid\u0113ji lielu un lielu \u0161\u0137ir\u0146u (15 kg un vair\u0101k) dz\u012bvniekiem vecum\u0101 no 1 l\u012bdz 7 gadiem. Jaun\u0101 Fitmin Nutritional Program s\u0113rija ir ra\u017eota tikai no augst\u0101k\u0101s kvalit\u0101tes j\u0113ra un liellopa ga\u013cas. \u0160is unik\u0101lais sast\u0101vs ne tikai samazina m\u0101jdz\u012bvnieka aler\u0123isku reakciju risku, bet ar\u012b stiprina su\u0146a imunit\u0101ti un nodro\u0161ina lielisku sagremojam\u012bbu. Bar\u012bba pal\u012bdz apmierin\u0101t akt\u012bvo, vid\u0113jo un lielo \u0161\u0137ir\u0146u su\u0146u ener\u0123ijas un iztur\u012bbas vajadz\u012bbas.<\/h3>\n<ul>\n<li>Sast\u0101v\u0101 ir 81% dz\u012bvnieku olbaltumvielu un 50% svaigas j\u0113ra ga\u013cas.<\/li>\n<li>Hipoaler\u0123iska formula, kas piel\u0101gota jut\u012bgu, aler\u0123isku un bar\u012bbas nepanes\u012bgu su\u0146u vajadz\u012bb\u0101m.<\/li>\n<li>Fitmin Medium Maxi Performance Lamb &amp; Beef satur mellenes un upenes, kas darbojas k\u0101 dabiskie antioksidanti, aizsarg\u0101jot \u0161\u016bnas no br\u012bvajiem radik\u0101\u013ciem.<\/li>\n<li><a href=\"https:\/\/zooprekes24.lt\/lv\/products\/dr-clauders-barf-lassi-ella\/\">La\u0161a e\u013c\u013ca<\/a> ir lielisks Omega-3 un Omega-6 tauksk\u0101bju (EPA un DHA) avots, kas baro un mitrina su\u0146a ka\u017eoku un \u0101du. EPA piem\u012bt dabiska pretiekaisuma iedarb\u012bba, savuk\u0101rt DHA ir saist\u012bta ar smadze\u0146u un t\u012bklenes strukt\u016bru.<\/li>\n<li>Hondroit\u012bna sulf\u0101ts un glikozam\u012bns stiprina j\u016bsu m\u012blu\u013ca skrim\u0161\u013cus, c\u012bpslas un saites, pal\u012bdz veidot kolag\u0113nu un palielina meh\u0101nisko iztur\u012bbu.<\/li>\n<li><a href=\"https:\/\/www.fitmin.cz\" target=\"_blank\" rel=\"noopener\">Fitmin<\/a> Medium Maxi Performance Lamb &amp; Beef satur L-karnit\u012bnu, kas veicina vesel\u012bgu sirds darb\u012bbu un optim\u0101lu musku\u013cu tonusu.<\/li>\n<li>Piena dadzis uzlabo vielmai\u0146u, tam piem\u012bt att\u012bro\u0161a funkcija un pretiekaisuma \u012bpa\u0161\u012bbas.<\/li>\n<li>Lamb neizmanto: m\u0101jputnu vai vistas ga\u013cu, kvie\u0161us, kukur\u016bzu, soju vai \u0122MO.<\/li>\n<li>Produkts ir iepakots videi draudz\u012bg\u0101, videi nekait\u012bg\u0101 iepakojum\u0101 ar rokturi un r\u0101v\u0113jsl\u0113dz\u0113ja aizdari.<\/li>\n<\/ul>","protected":false},"excerpt":{"rendered":"<p>Fitmin Medium Maxi Performance Lamb &amp; Beef &#8211; visavertis Super Premium klas\u0117s sausas maistas\u00a0suaugusiems,\u00a0vidutini\u0173 ir dideli\u0173 veisli\u0173 (nuo 15 kg)\u00a0\u0161unims nuo 1 iki 7 met\u0173 am\u017eiaus.\u00a0Nauja Fitmin Nutritional Program pa\u0161ar\u0173 linija yra gaminama i\u0161skirtinai i\u0161 auk\u0161\u010diausios kokyb\u0117s \u0117rienos ir jautienos m\u0117sos. D\u0117ka \u0161ios unikalios kompozicijos ne tik suma\u017einama augintinio alergini\u0173 reakcij\u0173 rizika, bet ir stiprinamas&#8230;<\/p>","protected":false},"featured_media":3928,"comment_status":"closed","ping_status":"closed","template":"","meta":{"_acf_changed":false,"slim_seo":{"title":"Fitmin Medium Maxi Performance Lamb &amp; Beef sausas maistas \u0161unims 12 kg - Zooprekes24","description":"Fitmin Medium Maxi Performance Lamb &amp; Beef ir pilnv\u0113rt\u012bga Super Premium saus\u0101 bar\u012bba pieaugu\u0161iem, vid\u0113ju un lielu \u0161\u0137ir\u0146u dz\u012bvniekiem (no 15 kg) no"},"iawp_total_views":214},"product_brand":[],"product_cat":[9044,9002,8999,29,31],"product_tag":[427],"class_list":{"0":"post-23977","1":"product","2":"type-product","3":"status-publish","4":"has-post-thumbnail","6":"product_cat-fitmin-nutritional-programme","7":"product_cat-sausas-maistas","8":"product_cat-sunims","9":"product_cat-sunu-maistas","10":"product_cat-sunu-prekiu-gamintojai","11":"product_tag-fitmin-edalas-sunims","12":"pa_pasaro-sudetis-eriena","13":"pa_pasaro-sudetis-jautiena","14":"pa_prekiu-zenklai-fitmin-nutritional-programme","15":"pa_suns-amzius-suaugusiems","16":"pa_veisles-dydis-didelems-veislems","17":"pa_veisles-dydis-vidutinems-veislems","19":"first","20":"instock","21":"taxable","22":"shipping-taxable","23":"purchasable","24":"product-type-simple"},"acf":[],"_links":{"self":[{"href":"https:\/\/zooprekes24.lt\/lv\/wp-json\/wp\/v2\/product\/23977","targetHints":{"allow":["GET"]}}],"collection":[{"href":"https:\/\/zooprekes24.lt\/lv\/wp-json\/wp\/v2\/product"}],"about":[{"href":"https:\/\/zooprekes24.lt\/lv\/wp-json\/wp\/v2\/types\/product"}],"replies":[{"embeddable":true,"href":"https:\/\/zooprekes24.lt\/lv\/wp-json\/wp\/v2\/comments?post=23977"}],"wp:featuredmedia":[{"embeddable":true,"href":"https:\/\/zooprekes24.lt\/lv\/wp-json\/wp\/v2\/media\/3928"}],"wp:attachment":[{"href":"https:\/\/zooprekes24.lt\/lv\/wp-json\/wp\/v2\/media?parent=23977"}],"wp:term":[{"taxonomy":"product_brand","embeddable":true,"href":"https:\/\/zooprekes24.lt\/lv\/wp-json\/wp\/v2\/product_brand?post=23977"},{"taxonomy":"product_cat","embeddable":true,"href":"https:\/\/zooprekes24.lt\/lv\/wp-json\/wp\/v2\/product_cat?post=23977"},{"taxonomy":"product_tag","embeddable":true,"href":"https:\/\/zooprekes24.lt\/lv\/wp-json\/wp\/v2\/product_tag?post=23977"}],"curies":[{"name":"wp","href":"https:\/\/api.w.org\/{rel}","templated":true}]}}