{"id":23970,"date":"2024-04-19T13:28:09","date_gmt":"2024-04-19T10:28:09","guid":{"rendered":"https:\/\/zooprekes24.lt\/produktas\/fitmin-medium-maxi-maintenance-lamb-beef\/"},"modified":"2026-04-03T15:19:11","modified_gmt":"2026-04-03T13:19:11","slug":"fitmin-medium-maxi-uzturesana-jera-galas-liellopu-gala","status":"publish","type":"product","link":"https:\/\/zooprekes24.lt\/lv\/produktas\/fitmin-medium-maxi-maintenance-lamb-beef\/","title":{"rendered":"Fitmin Medium Maxi Maintenance Lamb &amp; Beef sausas maistas \u0161unims"},"content":{"rendered":"<h3>Fitmin Medium Maxi Maintenance Lamb &amp; Beef ir pilnv\u0113rt\u012bga Super Premium saus\u0101 bar\u012bba pieaugu\u0161iem, vid\u0113ji lielu un lielu \u0161\u0137ir\u0146u (no 15 kg) dz\u012bvniekiem no 1 l\u012bdz 7 gadu vecumam. Jaun\u0101 Fitmin Nutritional Program s\u0113rija ir ra\u017eota tikai no augst\u0101k\u0101s kvalit\u0101tes j\u0113ra ga\u013cas un liellopu ga\u013cas. \u0160is unik\u0101lais sast\u0101vs ne tikai samazina m\u0101jdz\u012bvnieka aler\u0123isku reakciju risku, bet ar\u012b stiprina su\u0146a imunit\u0101ti un nodro\u0161ina lielisku sagremojam\u012bbu. Vid\u0113jas ener\u0123\u0113tisk\u0101s v\u0113rt\u012bbas bar\u012bba pal\u012bdz uztur\u0113t ide\u0101lu vid\u0113jo un lielo \u0161\u0137ir\u0146u su\u0146u svaru un nov\u0113rst nev\u0113lamas liek\u0101 svara probl\u0113mas.<\/h3>\n<ul>\n<li>Sast\u0101v\u0101 ir 74% dz\u012bvnieku olbaltumvielu un 50% svaigas j\u0113ra ga\u013cas.<\/li>\n<li>Hipoaler\u0123iska formula, kas piel\u0101gota jut\u012bgu, aler\u0123isku un bar\u012bbas nepanes\u012bgu su\u0146u vajadz\u012bb\u0101m.<\/li>\n<li>Fitmin Medium Maxi Maintenance Lamb &amp; Beef satur mellenes un upenes, kas darbojas k\u0101 dab\u012bgie antioksidanti, aizsarg\u0101jot \u0161\u016bnas no br\u012bvajiem radik\u0101\u013ciem.<\/li>\n<li><a href=\"https:\/\/zooprekes24.lt\/lv\/products\/dr-clauders-barf-lassi-ella\/\">La\u0161a e\u013c\u013ca<\/a> ir lielisks Omega-3 un Omega-6 tauksk\u0101bju (EPA un DHA) avots, kas baro un mitrina su\u0146a ka\u017eoku un \u0101du. EPA piem\u012bt dabiska pretiekaisuma iedarb\u012bba, savuk\u0101rt DHA ir saist\u012bta ar smadze\u0146u un t\u012bklenes strukt\u016bru.<\/li>\n<li>Rozmar\u012bna ekstrakts pal\u012bdz uztur\u0113t pilnu m\u0101jdz\u012bvnieka \u0161\u016bnu dz\u012bves ciklu, k\u0101 ar\u012b stimul\u0113 aknu darb\u012bbu un uzlabo gremo\u0161anas sist\u0113mu.<\/li>\n<li><a href=\"https:\/\/www.fitmin.cz\" target=\"_blank\" rel=\"noopener\">Fitmin<\/a> Medium Maxi Maintenance Lamb &amp; Beef zobu kop\u0161anas komplekss r\u016bp\u0113jas par j\u016bsu su\u0146a zobu vesel\u012bbu.<\/li>\n<li>Lamb neizmanto: m\u0101jputnu vai vistas ga\u013cu, kvie\u0161us, kukur\u016bzu, soju vai \u0122MO.<\/li>\n<li>Produkts ir iepakots videi draudz\u012bg\u0101, videi nekait\u012bg\u0101 iepakojum\u0101 ar rokturi un r\u0101v\u0113jsl\u0113dz\u0113ja aizdari.<\/li>\n<\/ul>","protected":false},"excerpt":{"rendered":"<p>Fitmin Medium Maxi Maintenance Lamb &amp; Beef &#8211; visavertis Super Premium klas\u0117s sausas maistas suaugusiems,\u00a0vidutini\u0173 ir dideli\u0173 veisli\u0173 (nuo 15 kg)\u00a0\u0161unims nuo 1 iki 7 met\u0173 am\u017eiaus. Nauja Fitmin Nutritional Program pa\u0161ar\u0173 linija yra gaminama i\u0161skirtinai i\u0161 auk\u0161\u010diausios kokyb\u0117s \u0117rienos ir jautienos m\u0117sos. D\u0117ka \u0161ios unikalios kompozicijos ne tik suma\u017einama augintinio alergini\u0173 reakcij\u0173 rizika, bet&#8230;<\/p>","protected":false},"featured_media":3906,"comment_status":"closed","ping_status":"closed","template":"","meta":{"_acf_changed":false,"slim_seo":{"title":"Fitmin Medium Maxi Maintenance Lamb &amp; Beef sausas maistas \u0161unims - Zooprekes24","description":"Fitmin Medium Maxi Maintenance Lamb &amp; Beef ir pilnv\u0113rt\u012bga Super Premium saus\u0101 bar\u012bba pieaugu\u0161iem, vid\u0113ji lielu un lielu \u0161\u0137ir\u0146u dz\u012bvniekiem (no 15 kg) no"},"iawp_total_views":608},"product_brand":[],"product_cat":[9044,9002,8999,29,31],"product_tag":[427],"class_list":{"0":"post-23970","1":"product","2":"type-product","3":"status-publish","4":"has-post-thumbnail","6":"product_cat-fitmin-nutritional-programme","7":"product_cat-sausas-maistas","8":"product_cat-sunims","9":"product_cat-sunu-maistas","10":"product_cat-sunu-prekiu-gamintojai","11":"product_tag-fitmin-edalas-sunims","12":"pa_pasaro-sudetis-eriena","13":"pa_pasaro-sudetis-jautiena","14":"pa_prekiu-zenklai-fitmin-nutritional-programme","15":"pa_suns-amzius-suaugusiems","16":"pa_veisles-dydis-didelems-veislems","17":"pa_veisles-dydis-vidutinems-veislems","19":"first","20":"instock","21":"taxable","22":"shipping-taxable","23":"purchasable","24":"product-type-variable"},"acf":[],"_links":{"self":[{"href":"https:\/\/zooprekes24.lt\/lv\/wp-json\/wp\/v2\/product\/23970","targetHints":{"allow":["GET"]}}],"collection":[{"href":"https:\/\/zooprekes24.lt\/lv\/wp-json\/wp\/v2\/product"}],"about":[{"href":"https:\/\/zooprekes24.lt\/lv\/wp-json\/wp\/v2\/types\/product"}],"replies":[{"embeddable":true,"href":"https:\/\/zooprekes24.lt\/lv\/wp-json\/wp\/v2\/comments?post=23970"}],"wp:featuredmedia":[{"embeddable":true,"href":"https:\/\/zooprekes24.lt\/lv\/wp-json\/wp\/v2\/media\/3906"}],"wp:attachment":[{"href":"https:\/\/zooprekes24.lt\/lv\/wp-json\/wp\/v2\/media?parent=23970"}],"wp:term":[{"taxonomy":"product_brand","embeddable":true,"href":"https:\/\/zooprekes24.lt\/lv\/wp-json\/wp\/v2\/product_brand?post=23970"},{"taxonomy":"product_cat","embeddable":true,"href":"https:\/\/zooprekes24.lt\/lv\/wp-json\/wp\/v2\/product_cat?post=23970"},{"taxonomy":"product_tag","embeddable":true,"href":"https:\/\/zooprekes24.lt\/lv\/wp-json\/wp\/v2\/product_tag?post=23970"}],"curies":[{"name":"wp","href":"https:\/\/api.w.org\/{rel}","templated":true}]}}