{"id":23966,"date":"2024-04-19T13:28:09","date_gmt":"2024-04-19T10:28:09","guid":{"rendered":"https:\/\/zooprekes24.lt\/produktas\/fitmin-mini-maintenance-lamb-beef\/"},"modified":"2026-04-03T16:04:21","modified_gmt":"2026-04-03T14:04:21","slug":"fitmin-mini-uzturesana-jera-galas-liellopu-gala","status":"publish","type":"product","link":"https:\/\/zooprekes24.lt\/lv\/produktas\/fitmin-mini-maintenance-lamb-beef\/","title":{"rendered":"Fitmin Mini Maintenance Lamb &amp; Beef sausas maistas \u0161unims"},"content":{"rendered":"<h3>Fitmin Mini Maintenance Lamb &amp; Beef ir pilnv\u0113rt\u012bga Super Premium saus\u0101 bar\u012bba pieaugu\u0161iem mazo \u0161\u0137ir\u0146u (l\u012bdz 15 kg) su\u0146iem vecum\u0101 no 1 l\u012bdz 9 gadiem. Jaun\u0101 Fitmin Nutritional Program s\u0113rija ir ra\u017eota tikai no augst\u0101k\u0101s kvalit\u0101tes j\u0113ra un liellopa ga\u013cas. Pateicoties \u0161im unik\u0101lajam sast\u0101vam, ne tikai samazin\u0101s aler\u0123isku reakciju risks, bet ar\u012b tiek stiprin\u0101ta su\u0146a imunit\u0101te un ir nodro\u0161in\u0101ta lieliska produkta sagremojam\u012bba. Vid\u0113jas ener\u0123\u0113tisk\u0101s v\u0113rt\u012bbas bar\u012bba pal\u012bdz uztur\u0113t mazo \u0161\u0137ir\u0146u su\u0146u ide\u0101lo svaru un izvair\u012bties no nev\u0113lam\u0101m liek\u0101 svara probl\u0113m\u0101m.<\/h3>\n<ul>\n<li>Sast\u0101v\u0101 ir 76,5% dz\u012bvnieku olbaltumvielu un 50% svaigas j\u0113ra ga\u013cas.<\/li>\n<li>Hipoaler\u0123iska formula, kas piel\u0101gota jut\u012bgu, aler\u0123isku un bar\u012bbas nepanes\u012bgu su\u0146u vajadz\u012bb\u0101m.<\/li>\n<li>Fitmin Mini Maintenance Lamb &amp; Beef satur mellenes un upenes, kas darbojas k\u0101 dab\u012bgie antioksidanti, kas aizsarg\u0101 \u0161\u016bnas no br\u012bvajiem radik\u0101\u013ciem.<\/li>\n<li><a href=\"https:\/\/zooprekes24.lt\/lv\/products\/dr-clauders-barf-lassi-ella\/\">La\u0161a e\u013c\u013ca<\/a> ir lielisks Omega-3 un Omega-6 tauksk\u0101bju (EPA un DHA) avots, kas baro un mitrina su\u0146a ka\u017eoku un \u0101du. EPA piem\u012bt dabiska pretiekaisuma iedarb\u012bba, savuk\u0101rt DHA ir saist\u012bta ar smadze\u0146u un t\u012bklenes strukt\u016bru.<\/li>\n<li>Rozmar\u012bna ekstrakts pal\u012bdz uztur\u0113t pilnu m\u0101jdz\u012bvnieka \u0161\u016bnu dz\u012bves ciklu, k\u0101 ar\u012b stimul\u0113 aknu darb\u012bbu un uzlabo gremo\u0161anas sist\u0113mu.<\/li>\n<li><a href=\"https:\/\/www.fitmin.cz\" target=\"_blank\" rel=\"noopener\">Fitmin<\/a> Mini Maintenance Lamb &amp; Beef Dental Care Complex r\u016bp\u0113jas par j\u016bsu su\u0146a zobu vesel\u012bbu.<\/li>\n<li>Lamb neizmanto: m\u0101jputnu vai vistas ga\u013cu, kvie\u0161us, kukur\u016bzu, soju vai \u0122MO.<\/li>\n<li>Produkts ir iepakots videi draudz\u012bg\u0101, videi nekait\u012bg\u0101 iepakojum\u0101 ar rokturi un r\u0101v\u0113jsl\u0113dz\u0113ja aizdari.<\/li>\n<\/ul>","protected":false},"excerpt":{"rendered":"<p>Fitmin Mini Maintenance Lamb &amp; Beef &#8211; visavertis Super Premium klas\u0117s sausas maistas suaugusiems, ma\u017e\u0173 veisli\u0173 (iki 15 kg) \u0161unims nuo 1 iki 9 met\u0173 am\u017eiaus. Nauja Fitmin Nutritional Program pa\u0161ar\u0173 linija yra gaminama i\u0161skirtinai i\u0161 auk\u0161\u010diausios kokyb\u0117s \u0117rienos ir jautienos m\u0117sos. D\u0117ka \u0161ios unikalios kompozicijos ne tik suma\u017einama augintinio alergini\u0173 reakcij\u0173 rizika, bet ir&#8230;<\/p>","protected":false},"featured_media":20409,"comment_status":"closed","ping_status":"closed","template":"","meta":{"_acf_changed":false,"slim_seo":{"title":"Fitmin Mini Maintenance Lamb &amp; Beef sausas maistas \u0161unims - Zooprekes24","description":"Fitmin Mini Maintenance Lamb &amp; Beef ir pilnv\u0113rt\u012bga Super Premium saus\u0101 bar\u012bba pieaugu\u0161iem mazo \u0161\u0137ir\u0146u (l\u012bdz 15 kg) su\u0146iem vecum\u0101 no 1 l\u012bdz 9 gadiem."},"iawp_total_views":535},"product_brand":[],"product_cat":[9044,9002,8999,29,31],"product_tag":[427],"class_list":{"0":"post-23966","1":"product","2":"type-product","3":"status-publish","4":"has-post-thumbnail","6":"product_cat-fitmin-nutritional-programme","7":"product_cat-sausas-maistas","8":"product_cat-sunims","9":"product_cat-sunu-maistas","10":"product_cat-sunu-prekiu-gamintojai","11":"product_tag-fitmin-edalas-sunims","12":"pa_pasaro-sudetis-eriena","13":"pa_pasaro-sudetis-jautiena","14":"pa_prekiu-zenklai-fitmin-nutritional-programme","15":"pa_suns-amzius-suaugusiems","16":"pa_veisles-dydis-mazoms-veislems","18":"first","19":"instock","20":"taxable","21":"shipping-taxable","22":"purchasable","23":"product-type-variable"},"acf":[],"_links":{"self":[{"href":"https:\/\/zooprekes24.lt\/lv\/wp-json\/wp\/v2\/product\/23966","targetHints":{"allow":["GET"]}}],"collection":[{"href":"https:\/\/zooprekes24.lt\/lv\/wp-json\/wp\/v2\/product"}],"about":[{"href":"https:\/\/zooprekes24.lt\/lv\/wp-json\/wp\/v2\/types\/product"}],"replies":[{"embeddable":true,"href":"https:\/\/zooprekes24.lt\/lv\/wp-json\/wp\/v2\/comments?post=23966"}],"wp:featuredmedia":[{"embeddable":true,"href":"https:\/\/zooprekes24.lt\/lv\/wp-json\/wp\/v2\/media\/20409"}],"wp:attachment":[{"href":"https:\/\/zooprekes24.lt\/lv\/wp-json\/wp\/v2\/media?parent=23966"}],"wp:term":[{"taxonomy":"product_brand","embeddable":true,"href":"https:\/\/zooprekes24.lt\/lv\/wp-json\/wp\/v2\/product_brand?post=23966"},{"taxonomy":"product_cat","embeddable":true,"href":"https:\/\/zooprekes24.lt\/lv\/wp-json\/wp\/v2\/product_cat?post=23966"},{"taxonomy":"product_tag","embeddable":true,"href":"https:\/\/zooprekes24.lt\/lv\/wp-json\/wp\/v2\/product_tag?post=23966"}],"curies":[{"name":"wp","href":"https:\/\/api.w.org\/{rel}","templated":true}]}}