{"id":23963,"date":"2024-04-19T13:27:54","date_gmt":"2024-04-19T10:27:54","guid":{"rendered":"https:\/\/zooprekes24.lt\/produktas\/fitmin-maxi-junior-lamb-beef\/"},"modified":"2026-04-03T15:22:12","modified_gmt":"2026-04-03T13:22:12","slug":"fitmin-maxi-junior-lamb-beef-sausas-maistas-suniukams-12kg","status":"publish","type":"product","link":"https:\/\/zooprekes24.lt\/lv\/produktas\/fitmin-maxi-junior-lamb-beef-sausas-maistas-suniukams-12kg\/","title":{"rendered":"Fitmin Maxi Junior Lamb &amp; Beef sausas maistas \u0161uniukams 12 kg"},"content":{"rendered":"<h3>Fitmin Maxi Junior Lamb &amp; Beef ir pilnv\u0113rt\u012bga Super Premium saus\u0101 bar\u012bba lielo un milzu \u0161\u0137ir\u0146u su\u0146iem (pieaugu\u0161o su\u0146u svars virs 35 kg) vecum\u0101 no 5 m\u0113ne\u0161iem l\u012bdz 1,5 gadiem. Jaun\u0101 Fitmin Nutritional Program s\u0113rija ir ra\u017eota tikai no augst\u0101k\u0101s kvalit\u0101tes j\u0113ra un liellopa ga\u013cas. \u0160is unik\u0101lais sast\u0101vs ne tikai samazina m\u0101jdz\u012bvnieka aler\u0123isku reakciju risku, bet ar\u012b stiprina su\u0146a imunit\u0101ti un nodro\u0161ina lielisku sagremojam\u012bbu. Ener\u0123ijas saturs ir piel\u0101gots lielo su\u0146u vesel\u012bgai skeleta att\u012bst\u012bbai.<\/h3>\n<ul>\n<li>Sast\u0101v\u0101 ir 77% dz\u012bvnieku olbaltumvielu un 50% svaigas j\u0113ra ga\u013cas.<\/li>\n<li>Hipoaler\u0123iska formula, kas piel\u0101gota jut\u012bgu, aler\u0123isku un \u0113diena nepanes\u012bgu kuc\u0113nu vajadz\u012bb\u0101m.<\/li>\n<li>T\u0101 sast\u0101v\u0101 ir mellenes un upenes, kas darbojas k\u0101 dabiskie antioksidanti, aizsarg\u0101jot \u0161\u016bnas no br\u012bvajiem radik\u0101\u013ciem.<\/li>\n<li><a href=\"https:\/\/www.fitmin.cz\" target=\"_blank\" rel=\"noopener\">Fitmin<\/a>\u00a0Maxi Junior Lamb &amp; Beef bar\u012bba ir papildin\u0101ta ar prebiotik\u0101m, lai atbalst\u012btu pareizu zarnu mikrofloru jaunajiem m\u0101jdz\u012bvniekiem.<\/li>\n<li><a href=\"https:\/\/zooprekes24.lt\/lv\/products\/dr-clauders-barf-lassi-ella\/\">La\u0161a e\u013c\u013ca<\/a> ir lielisks Omega-3 un Omega-6 tauksk\u0101bju (EPA un DHA) avots, kas baro un mitrina su\u0146a ka\u017eoku un \u0101du. EPA piem\u012bt dabiska pretiekaisuma iedarb\u012bba, savuk\u0101rt DHA ir saist\u012bta ar smadze\u0146u un t\u012bklenes strukt\u016bru.<\/li>\n<li>Hondroit\u012bna sulf\u0101ts un glikozam\u012bns stiprina j\u016bsu m\u012blu\u013ca skrim\u0161\u013cus, c\u012bpslas un saites, pal\u012bdz veidot kolag\u0113nu un palielina meh\u0101nisko iztur\u012bbu.<\/li>\n<li>Fitmin Maxi Junior Lamb &amp; Beef bar\u012bba ir papildin\u0101ta ar pieneni, kas satur efekt\u012bvu vielu, kura uzlabo su\u0146a asins att\u012br\u012b\u0161anu un nodro\u0161ina visp\u0101r\u0113jo organisma detoksik\u0101ciju. T\u0101 satur ar\u012b sicilsk\u0101bi, kas pozit\u012bvi ietekm\u0113 kaulu, zobu, skrim\u0161\u013cu, saistaudu, c\u012bpslu un loc\u012btavu vesel\u012bbu.<\/li>\n<li>Lamb neizmanto: m\u0101jputnu vai vistas ga\u013cu, kvie\u0161us, kukur\u016bzu, soju vai \u0122MO.<\/li>\n<li>Produkts ir iepakots videi draudz\u012bg\u0101, videi nekait\u012bg\u0101 iepakojum\u0101 ar rokturi un r\u0101v\u0113jsl\u0113dz\u0113ja aizdari.<\/li>\n<\/ul>","protected":false},"excerpt":{"rendered":"<p>Pilnv\u0113rt\u012bga, hipoaler\u0123iska saus\u0101 bar\u012bba lielo un milzu \u0161\u0137ir\u0146u su\u0146iem (pieaugu\u0161o su\u0146u svars virs 35 kg) no 5 m\u0113ne\u0161u l\u012bdz 1,5 gadu vecumam.\u00a0<span style=\"color: #2b5a38\"><strong>Ar j\u0113ra ga\u013cas un liellopa ga\u013cas piedevu.<\/strong><\/span><\/p>\n<h3><\/h3>","protected":false},"featured_media":18806,"comment_status":"closed","ping_status":"closed","template":"","meta":{"_acf_changed":false,"slim_seo":{"title":"Fitmin Maxi Junior Lamb &amp; Beef sausas maistas \u0161uniukams 12 kg - Zooprekes24","description":"Pilnv\u0113rt\u012bga, hipoaler\u0123iska saus\u0101 bar\u012bba lielo un milzu \u0161\u0137ir\u0146u su\u0146iem (pieaugu\u0161o su\u0146u svars virs 35 kg) no 5 m\u0113ne\u0161u l\u012bdz 1,5 gadu vecumam.  Pagardi"},"iawp_total_views":266},"product_brand":[],"product_cat":[9044,9002,8999,29,31],"product_tag":[268,235,271,274],"class_list":{"0":"post-23963","1":"product","2":"type-product","3":"status-publish","4":"has-post-thumbnail","6":"product_cat-fitmin-nutritional-programme","7":"product_cat-sausas-maistas","8":"product_cat-sunims","9":"product_cat-sunu-maistas","10":"product_cat-sunu-prekiu-gamintojai","11":"product_tag-edalas-nesciai-kalei","12":"product_tag-edalas-suniukams","13":"product_tag-edalas-zindaciai-kalei","14":"product_tag-fitmin-edalas-suniukams","15":"pa_pasaro-sudetis-eriena","16":"pa_pasaro-sudetis-jautiena","17":"pa_prekiu-zenklai-fitmin-nutritional-programme","18":"pa_suns-amzius-jauniems","19":"pa_veisles-dydis-didelems-veislems","21":"first","22":"instock","23":"taxable","24":"shipping-taxable","25":"purchasable","26":"product-type-simple"},"acf":[],"_links":{"self":[{"href":"https:\/\/zooprekes24.lt\/lv\/wp-json\/wp\/v2\/product\/23963","targetHints":{"allow":["GET"]}}],"collection":[{"href":"https:\/\/zooprekes24.lt\/lv\/wp-json\/wp\/v2\/product"}],"about":[{"href":"https:\/\/zooprekes24.lt\/lv\/wp-json\/wp\/v2\/types\/product"}],"replies":[{"embeddable":true,"href":"https:\/\/zooprekes24.lt\/lv\/wp-json\/wp\/v2\/comments?post=23963"}],"wp:featuredmedia":[{"embeddable":true,"href":"https:\/\/zooprekes24.lt\/lv\/wp-json\/wp\/v2\/media\/18806"}],"wp:attachment":[{"href":"https:\/\/zooprekes24.lt\/lv\/wp-json\/wp\/v2\/media?parent=23963"}],"wp:term":[{"taxonomy":"product_brand","embeddable":true,"href":"https:\/\/zooprekes24.lt\/lv\/wp-json\/wp\/v2\/product_brand?post=23963"},{"taxonomy":"product_cat","embeddable":true,"href":"https:\/\/zooprekes24.lt\/lv\/wp-json\/wp\/v2\/product_cat?post=23963"},{"taxonomy":"product_tag","embeddable":true,"href":"https:\/\/zooprekes24.lt\/lv\/wp-json\/wp\/v2\/product_tag?post=23963"}],"curies":[{"name":"wp","href":"https:\/\/api.w.org\/{rel}","templated":true}]}}