{"id":23959,"date":"2024-04-19T13:27:54","date_gmt":"2024-04-19T10:27:54","guid":{"rendered":"https:\/\/zooprekes24.lt\/produktas\/fitmin-medium-maxi-puppy-lamb-beef\/"},"modified":"2026-02-26T16:08:56","modified_gmt":"2026-02-26T14:08:56","slug":"fitmin-medium-maxi-kucens-jera-galas-liellopu-gala","status":"publish","type":"product","link":"https:\/\/zooprekes24.lt\/lv\/produktas\/fitmin-medium-maxi-puppy-lamb-beef\/","title":{"rendered":"Fitmin Medium Maxi Puppy Lamb &amp; Beef sausas maistas \u0161uniukams"},"content":{"rendered":"<h3>Fitmin Medium Maxi Puppy Lamb &amp; Beef ir pilnv\u0113rt\u012bga Super Premium saus\u0101 bar\u012bba vid\u0113ju un lielu \u0161\u0137ir\u0146u (no 15 kg) kuc\u0113niem no 6 ned\u0113\u013cu l\u012bdz 12 m\u0113ne\u0161u vecumam. Jaun\u0101 Fitmin Nutritional Program s\u0113rija ir ra\u017eota tikai no augst\u0101k\u0101s kvalit\u0101tes j\u0113ra un liellopa ga\u013cas. Pateicoties \u0161im unik\u0101lajam sast\u0101vam, tiek ne tikai samazin\u0101ts m\u0101jdz\u012bvnieka aler\u0123isku reakciju risks, bet ar\u012b stiprin\u0101ta su\u0146a imunit\u0101te un nodro\u0161in\u0101ta lieliska produkta sagremojam\u012bba.<\/h3>\n<ul>\n<li>Uztura sast\u0101v\u0101 ir 81,5% dz\u012bvnieku olbaltumvielu un 50% svaigas j\u0113ra ga\u013cas.<\/li>\n<li>Hipoaler\u0123iska formula, kas piel\u0101gota jut\u012bgu, aler\u0123isku un \u0113diena nepanes\u012bgu kuc\u0113nu vajadz\u012bb\u0101m.<\/li>\n<li>T\u0101 sast\u0101v\u0101 ir mellenes un upenes, kas darbojas k\u0101 dabiskie antioksidanti, aizsarg\u0101jot \u0161\u016bnas no br\u012bvajiem radik\u0101\u013ciem.<\/li>\n<li><a href=\"https:\/\/www.fitmin.cz\" target=\"_blank\" rel=\"noopener\">Fitmin<\/a> Medium Maxi Puppy Lamb &amp; Beef bar\u012bba ir papildin\u0101ta ar prebiotik\u0101m, lai atbalst\u012btu pareizu zarnu mikrofloru jauniem m\u0101jdz\u012bvniekiem.<\/li>\n<li><a href=\"https:\/\/zooprekes24.lt\/lv\/products\/dr-clauders-barf-lassi-ella\/\">La\u0161a e\u013c\u013ca<\/a> ir lielisks Omega-3 un Omega-6 tauksk\u0101bju (EPA un DHA) avots, kas baro un mitrina su\u0146a ka\u017eoku un \u0101du. EPA piem\u012bt dabiska pretiekaisuma iedarb\u012bba, savuk\u0101rt DHA ir saist\u012bta ar smadze\u0146u un t\u012bklenes strukt\u016bru.<\/li>\n<li>Kumel\u012btei ir pozit\u012bva ietekme uz gremo\u0161anas un ur\u012bnce\u013cu sist\u0113mu, t\u0101 mazina iekaisumu risku un darbojas k\u0101 dezinfic\u0113jo\u0161s l\u012bdzeklis.<\/li>\n<li>Fitmin Medium Maxi Puppy Lamb &amp; Beef ir piem\u0113rots gr\u016bsn\u0101m un lakt\u0113jo\u0161\u0101m kuc\u0113m.<\/li>\n<li>Lamb neizmanto: m\u0101jputnu vai vistas ga\u013cu, kvie\u0161us, kukur\u016bzu, soju vai \u0122MO.<\/li>\n<li>Produkts ir iepakots videi draudz\u012bg\u0101, videi nekait\u012bg\u0101 iepakojum\u0101 ar rokturi un r\u0101v\u0113jsl\u0113dz\u0113ja aizdari.<\/li>\n<\/ul>","protected":false},"excerpt":{"rendered":"<p>Fitmin Medium Maxi Puppy Lamb &amp; Beef &#8211; visavertis Super Premium klas\u0117s sausas maistas vidutini\u0173 ir dideli\u0173 veisli\u0173 (nuo 15 kg) \u0161uniukams nuo 6 savai\u010di\u0173 iki 12 m\u0117nesi\u0173 am\u017eiaus. Nauja Fitmin Nutritional Program pa\u0161ar\u0173 linija yra gaminama i\u0161skirtinai i\u0161 auk\u0161\u010diausios kokyb\u0117s \u0117rienos ir jautienos m\u0117sos. D\u0117ka \u0161ios unikalios kompozicijos ne tik suma\u017einama augintinio alergini\u0173 reakcij\u0173&#8230;<\/p>","protected":false},"featured_media":20406,"comment_status":"closed","ping_status":"closed","template":"","meta":{"_acf_changed":false,"slim_seo":{"title":"Fitmin Medium Maxi Puppy Lamb &amp; Beef sausas maistas \u0161uniukams - Zooprekes24","description":"Fitmin Medium Maxi Puppy Lamb &amp; Beef ir pilnv\u0113rt\u012bga Super Premium saus\u0101 bar\u012bba vid\u0113ju un lielu \u0161\u0137ir\u0146u kuc\u0113niem (no 15 kg) no 6 ned\u0113\u013c\u0101m l\u012bdz 6 ned\u0113\u013c\u0101m."},"iawp_total_views":213},"product_brand":[],"product_cat":[9044,9002,8999,29,31],"product_tag":[268,235,271,274],"class_list":{"0":"post-23959","1":"product","2":"type-product","3":"status-publish","4":"has-post-thumbnail","6":"product_cat-fitmin-nutritional-programme","7":"product_cat-sausas-maistas","8":"product_cat-sunims","9":"product_cat-sunu-maistas","10":"product_cat-sunu-prekiu-gamintojai","11":"product_tag-edalas-nesciai-kalei","12":"product_tag-edalas-suniukams","13":"product_tag-edalas-zindaciai-kalei","14":"product_tag-fitmin-edalas-suniukams","15":"pa_pasaro-sudetis-eriena","16":"pa_pasaro-sudetis-jautiena","17":"pa_prekiu-zenklai-fitmin-nutritional-programme","18":"pa_suns-amzius-jauniems","19":"pa_veisles-dydis-didelems-veislems","20":"pa_veisles-dydis-vidutinems-veislems","22":"first","23":"instock","24":"taxable","25":"shipping-taxable","26":"purchasable","27":"product-type-variable"},"acf":[],"_links":{"self":[{"href":"https:\/\/zooprekes24.lt\/lv\/wp-json\/wp\/v2\/product\/23959","targetHints":{"allow":["GET"]}}],"collection":[{"href":"https:\/\/zooprekes24.lt\/lv\/wp-json\/wp\/v2\/product"}],"about":[{"href":"https:\/\/zooprekes24.lt\/lv\/wp-json\/wp\/v2\/types\/product"}],"replies":[{"embeddable":true,"href":"https:\/\/zooprekes24.lt\/lv\/wp-json\/wp\/v2\/comments?post=23959"}],"wp:featuredmedia":[{"embeddable":true,"href":"https:\/\/zooprekes24.lt\/lv\/wp-json\/wp\/v2\/media\/20406"}],"wp:attachment":[{"href":"https:\/\/zooprekes24.lt\/lv\/wp-json\/wp\/v2\/media?parent=23959"}],"wp:term":[{"taxonomy":"product_brand","embeddable":true,"href":"https:\/\/zooprekes24.lt\/lv\/wp-json\/wp\/v2\/product_brand?post=23959"},{"taxonomy":"product_cat","embeddable":true,"href":"https:\/\/zooprekes24.lt\/lv\/wp-json\/wp\/v2\/product_cat?post=23959"},{"taxonomy":"product_tag","embeddable":true,"href":"https:\/\/zooprekes24.lt\/lv\/wp-json\/wp\/v2\/product_tag?post=23959"}],"curies":[{"name":"wp","href":"https:\/\/api.w.org\/{rel}","templated":true}]}}