{"id":23952,"date":"2024-04-19T13:27:54","date_gmt":"2024-04-19T10:27:54","guid":{"rendered":"https:\/\/zooprekes24.lt\/produktas\/quattro-adult-all-breed-salmon\/"},"modified":"2026-04-20T09:27:05","modified_gmt":"2026-04-20T07:27:05","slug":"quattro-pieauguso-visu-skirnu-lasi","status":"publish","type":"product","link":"https:\/\/zooprekes24.lt\/lv\/produktas\/quattro-adult-all-breed-salmon\/","title":{"rendered":"Quattro Adult All Breed Salmon saus\u0101 bar\u012bba su\u0146iem"},"content":{"rendered":"<h3>Quattro Adult All Breed Salmon - Super Premium saus\u0101 bar\u012bba pieaugu\u0161iem visu \u0161\u0137ir\u0146u su\u0146iem ar gardu lasi. Izgatavota, izmantojot inovat\u012bvu liofiliz\u0113tas ga\u013cas p\u0101rkl\u0101juma tehnolo\u0123iju. \u0160is ekskluz\u012bvais risin\u0101jums katru bar\u012bbas granulu p\u0101rkl\u0101j ar dabisku liofiliz\u0113tu ga\u013cu, kas ne tikai bag\u0101tina bar\u012bbas sast\u0101vu, bet ar\u012b <a href=\"https:\/\/www.youtube.com\/watch?v=nHBX0FeuZ9w\" target=\"_blank\" rel=\"noopener\">Quattro<\/a> bar\u012bba ar dabiski saglab\u0101t\u0101m bar\u012bbas viel\u0101m, k\u0101 ar\u012b ar lielisk\u0101m gar\u0161as \u012bpa\u0161\u012bb\u0101m.<\/h3>\n<div>\n<div>\n<ul>\n<li>Sveikai odai ir kailiui. Omega- 3 ir Omega-6 riebal\u0173 r\u016bg\u0161tys kartu su cinku ir B grup\u0117s vitaminais padeda i\u0161laikyti sveik\u0105 od\u0105, mink\u0161t\u0105 ir blizgant\u012f kail\u012f.<\/li>\n<li>Nat\u016bral\u016bs prebiotikai. Manano-oligosacharid\u0173, inulino ir jukos ekstrakto praturtinta Quattro Adult All Breed Salmon maisto sud\u0117ties formul\u0117 padeda palaikyti sveik\u0105 \u017earnyno flor\u0105, apr\u016bpindama maistines med\u017eiagas naudingosioms bakterijoms.<\/li>\n<li>Hipoalerginis. La\u0161i\u0161a yra hipoalergini\u0173 baltym\u0173 \u0161altinis, kuris gali \u017eymiai suma\u017einti \u0161un\u0173 alergini\u0173 reakcij\u0173 tikimyb\u0119.<\/li>\n<li>Be kvie\u010di\u0173. Quattro Adult All Breed Salmon maistas tinkamas jautrios odos ir skrand\u017eio \u0161unims &#8211; padeda i\u0161vengti alergini\u0173 reakcij\u0173, kurias sukelia kvie\u010di\u0173 glitimas.<\/li>\n<li>100 % Norvegi\u0161ka la\u0161i\u0161a.<\/li>\n<li>70 % baltym\u0173 i\u0161 gyv\u016bnin\u0117s kilm\u0117s ingredient\u0173.<\/li>\n<li>0 % dirbtini\u0173 da\u017eikli\u0173 ir skoni\u0173 stiprikli\u0173.<\/li>\n<\/ul>\n<\/div>\n<\/div>","protected":false},"excerpt":{"rendered":"<p>Quattro Adult All Breed Salmon &#8211; Super Premium klas\u0117s, sausas maistas suaugusiems vis\u0173 veisli\u0173 \u0161unims su gard\u017eia la\u0161i\u0161a. Maistas pagamintas naudojant inovatyvi\u0105 &#8222;freeze-dried meat coated&#8221; technologij\u0105. \u0160io i\u0161skirtinio sprendimo pagalba kiekviena pa\u0161aro granul\u0117 padengiama nat\u016bralia liofilizuota m\u0117sa, ne tik praturtinan\u010dia Quattro pa\u0161arus nat\u016braliai i\u0161saugotomis maistin\u0117mis med\u017eiagomis, bet ir u\u017etikrinan\u010dia puik\u0173 produkto \u0117damum\u0105. Sveikai odai ir&#8230;<\/p>","protected":false},"featured_media":20400,"comment_status":"closed","ping_status":"closed","template":"","meta":{"_acf_changed":false,"slim_seo":{"title":"Quattro Adult All Breed Salmon sausas maistas \u0161unims - Zooprekes24","description":"Quattro Adult All Breed Salmon - Super Premium saus\u0101 bar\u012bba pieaugu\u0161iem visu \u0161\u0137ir\u0146u su\u0146iem ar gardu la\u0161a gar\u0161u. Bar\u012bba ir izgatavota, izmantojot inovat\u012bvu"},"iawp_total_views":321},"product_brand":[],"product_cat":[9055,9076,9002,8999,29,31],"product_tag":[177,743,751,200],"class_list":{"0":"post-23952","1":"product","2":"type-product","3":"status-publish","4":"has-post-thumbnail","6":"product_cat-isdziovintas-saltyje-maistas","7":"product_cat-quattro-sunims","8":"product_cat-sausas-maistas","9":"product_cat-sunims","10":"product_cat-sunu-maistas","11":"product_cat-sunu-prekiu-gamintojai","12":"product_tag-edalas-sunims","13":"product_tag-isdziovintas-saltyje-maistas","14":"product_tag-quattro-isdziovintas-saltyje","15":"product_tag-super-premium-maistas-sunims","16":"pa_pasaro-sudetis-lasisa","17":"pa_pasaro-sudetis-zuvis","18":"pa_prekiu-zenklai-quattro","19":"pa_suns-amzius-suaugusiems","20":"pa_veisles-dydis-didelems-veislems","21":"pa_veisles-dydis-mazoms-veislems","22":"pa_veisles-dydis-vidutinems-veislems","23":"pa_veisles-dydis-visu-dydziu-veislems","25":"first","26":"instock","27":"sale","28":"featured","29":"taxable","30":"shipping-taxable","31":"purchasable","32":"product-type-variable"},"acf":[],"_links":{"self":[{"href":"https:\/\/zooprekes24.lt\/lv\/wp-json\/wp\/v2\/product\/23952","targetHints":{"allow":["GET"]}}],"collection":[{"href":"https:\/\/zooprekes24.lt\/lv\/wp-json\/wp\/v2\/product"}],"about":[{"href":"https:\/\/zooprekes24.lt\/lv\/wp-json\/wp\/v2\/types\/product"}],"replies":[{"embeddable":true,"href":"https:\/\/zooprekes24.lt\/lv\/wp-json\/wp\/v2\/comments?post=23952"}],"wp:featuredmedia":[{"embeddable":true,"href":"https:\/\/zooprekes24.lt\/lv\/wp-json\/wp\/v2\/media\/20400"}],"wp:attachment":[{"href":"https:\/\/zooprekes24.lt\/lv\/wp-json\/wp\/v2\/media?parent=23952"}],"wp:term":[{"taxonomy":"product_brand","embeddable":true,"href":"https:\/\/zooprekes24.lt\/lv\/wp-json\/wp\/v2\/product_brand?post=23952"},{"taxonomy":"product_cat","embeddable":true,"href":"https:\/\/zooprekes24.lt\/lv\/wp-json\/wp\/v2\/product_cat?post=23952"},{"taxonomy":"product_tag","embeddable":true,"href":"https:\/\/zooprekes24.lt\/lv\/wp-json\/wp\/v2\/product_tag?post=23952"}],"curies":[{"name":"wp","href":"https:\/\/api.w.org\/{rel}","templated":true}]}}