{"id":23922,"date":"2024-04-19T13:27:34","date_gmt":"2024-04-19T10:27:34","guid":{"rendered":"https:\/\/zooprekes24.lt\/produktas\/brit-premium-delicate-chicken-kitten\/"},"modified":"2024-09-04T14:08:51","modified_gmt":"2024-09-04T11:08:51","slug":"brit-premium-delicate-chicken-kitten","status":"publish","type":"product","link":"https:\/\/zooprekes24.lt\/lv\/produktas\/brit-premium-delicate-chicken-kitten\/","title":{"rendered":"Brit Premium Delicate Chicken Kitten konservi ka\u0137\u0113niem m\u0113rc\u0113"},"content":{"rendered":"<h3>Brit Premium Delicate Chicken Kitten konservai ka\u010diukams &#8211; auk\u0161\u010diausios kokyb\u0117s visavertis <a href=\"https:\/\/zooprekes24.lt\/kategorija\/prekes-katems\/?filters=kates-amzius[384]|pasaro-sudetis[2181]\" target=\"_blank\" rel=\"noopener\">jaun\u0173 ka\u010di\u0173 maistas<\/a> mai\u0161elyje.<\/h3>\n<p>\u0160ie itin gard\u016bs vi\u0161tienos fil\u0117 gabaliukai pada\u017ee tai &#8211; subalansuota J\u016bs\u0173 augintinio mityba ir malonus pasitenkinimas su kiekvienu <a href=\"https:\/\/brit-petfood.com\/en\/\" target=\"_blank\" rel=\"noopener\">Brit<\/a> konserv\u0173 k\u0105sneliu.<\/p>\n","protected":false},"excerpt":{"rendered":"<p>Brit Premium Delicate Chicken Kitten konservi ka\u0137\u0113niem - augst\u0101k\u0101s kvalit\u0101tes pilnv\u0113rt\u012bga bar\u012bba jaunajiem ka\u0137iem maisi\u0146\u0101. \u0160\u012bs \u012bpa\u0161i gar\u0161\u012bg\u0101s vistas filejas m\u0113rc\u0113 nodro\u0161ina j\u016bsu m\u012blulim sabalans\u0113tu uzturu un s\u0101t\u012bgu k\u0101rumu ar katru Brit konservu kumosi\u0146u.<\/p>","protected":false},"featured_media":29956,"comment_status":"closed","ping_status":"closed","template":"","meta":{"_acf_changed":false,"slim_seo":{"title":"Brit Premium Delicate Chicken Kitten konservai ka\u010diukams pada\u017ee - Zooprekes24","description":"Brit Premium Delicate Chicken Kitten konservi ka\u0137\u0113niem - augst\u0101k\u0101s kvalit\u0101tes pilnv\u0113rt\u012bga bar\u012bba jaunajiem ka\u0137iem maisi\u0146\u0101. \u0160ie \u012bpa\u0161i gar\u0161\u012bgie vistas filejas gabali\u0146i"},"iawp_total_views":124},"product_brand":[],"product_cat":[9048,72,83,25,9020],"product_tag":[730,2168,1675,2173],"class_list":{"0":"post-23922","1":"product","2":"type-product","3":"status-publish","4":"has-post-thumbnail","6":"product_cat-brit-premium-kaciu-prekiu-gamintojai","7":"product_cat-kaciu-maistas","8":"product_cat-kaciu-prekiu-gamintojai","9":"product_cat-katems","10":"product_cat-slapias-maistas-kaciu-maistas","11":"product_tag-brit-premium-slapias-maistas","12":"product_tag-brit-slapias-maistas","13":"product_tag-kaciu-edalas","14":"product_tag-konservuotas-maistas-katems","15":"pa_pasaro-sudetis-vistiena","16":"pa_prekiu-zenklai-brit-premium","18":"first","19":"instock","20":"featured","21":"taxable","22":"shipping-taxable","23":"purchasable","24":"product-type-variable"},"acf":[],"_links":{"self":[{"href":"https:\/\/zooprekes24.lt\/lv\/wp-json\/wp\/v2\/product\/23922","targetHints":{"allow":["GET"]}}],"collection":[{"href":"https:\/\/zooprekes24.lt\/lv\/wp-json\/wp\/v2\/product"}],"about":[{"href":"https:\/\/zooprekes24.lt\/lv\/wp-json\/wp\/v2\/types\/product"}],"replies":[{"embeddable":true,"href":"https:\/\/zooprekes24.lt\/lv\/wp-json\/wp\/v2\/comments?post=23922"}],"wp:featuredmedia":[{"embeddable":true,"href":"https:\/\/zooprekes24.lt\/lv\/wp-json\/wp\/v2\/media\/29956"}],"wp:attachment":[{"href":"https:\/\/zooprekes24.lt\/lv\/wp-json\/wp\/v2\/media?parent=23922"}],"wp:term":[{"taxonomy":"product_brand","embeddable":true,"href":"https:\/\/zooprekes24.lt\/lv\/wp-json\/wp\/v2\/product_brand?post=23922"},{"taxonomy":"product_cat","embeddable":true,"href":"https:\/\/zooprekes24.lt\/lv\/wp-json\/wp\/v2\/product_cat?post=23922"},{"taxonomy":"product_tag","embeddable":true,"href":"https:\/\/zooprekes24.lt\/lv\/wp-json\/wp\/v2\/product_tag?post=23922"}],"curies":[{"name":"wp","href":"https:\/\/api.w.org\/{rel}","templated":true}]}}