{"id":23919,"date":"2024-04-19T13:27:34","date_gmt":"2024-04-19T10:27:34","guid":{"rendered":"https:\/\/zooprekes24.lt\/produktas\/brit-premium-delicate-beef-jelly\/"},"modified":"2024-07-08T16:51:38","modified_gmt":"2024-07-08T13:51:38","slug":"brit-premium-delikats-liellopu-galas-zelejas","status":"publish","type":"product","link":"https:\/\/zooprekes24.lt\/lv\/produktas\/brit-premium-delicate-beef-jelly\/","title":{"rendered":"Brit Premium Delicate Beef konservi ka\u0137iem \u017eelej\u0101"},"content":{"rendered":"<h3>Brit Premium Delicate Beef Canned Cat Food ir augst\u0101k\u0101s kvalit\u0101tes pilnv\u0113rt\u012bga bar\u012bba maisi\u0146\u0101 pieaugu\u0161iem ka\u0137iem.<\/h3>\n<p>\u0160ie \u012bpa\u0161i gar\u0161\u012bgie <a href=\"https:\/\/zooprekes24.lt\/lv\/?s=jautienos&amp;post_type=product\" target=\"_blank\" rel=\"noopener\">liellopa fileja<\/a> gabali\u0146i \u017eelej\u0101 noz\u012bm\u0113 sabalans\u0113tu uzturu j\u016bsu m\u0101jdz\u012bvniekam un pat\u012bkamu gandar\u012bjumu par katru <a href=\"https:\/\/brit-petfood.com\/en\/\" target=\"_blank\" rel=\"noopener\">Brit<\/a> iekost konserv\u0113t\u0101 \u0113diena.<\/p>","protected":false},"excerpt":{"rendered":"<p>Brit Premium Delicate Beef Canned Cat Food ir augst\u0101k\u0101s kvalit\u0101tes pilnv\u0113rt\u012bga bar\u012bba maisi\u0146\u0101 pieaugu\u0161iem ka\u0137iem. \u0160ie \u013coti gar\u0161\u012bgie liellopa filejas gabali\u0146i \u017eelej\u0101 ir sabalans\u0113ts uzturs j\u016bsu m\u0101jdz\u012bvniekam, un katrs Brit konservu kumosi\u0146\u0161 sniedz baud\u012bjumu.<\/p>","protected":false},"featured_media":20390,"comment_status":"closed","ping_status":"closed","template":"","meta":{"_acf_changed":false,"slim_seo":{"title":"Brit Premium Delicate Beef konservai kat\u0117ms drebu\u010diuose - Zooprekes24","description":"Brit Premium Delicate Beef ka\u0137u bar\u012bba ir augst\u0101k\u0101s kvalit\u0101tes pilnv\u0113rt\u012bga bar\u012bba pieaugu\u0161iem ka\u0137iem maisi\u0146\u0101. \u0160ie \u012bpa\u0161i gardie liellopa filejas gabali\u0146i liks j\u016bsu ka\u0137im tr\u012bc\u0113t."},"iawp_total_views":61},"product_brand":[],"product_cat":[9048,72,83,25,9020],"product_tag":[730,2168,1675,2173],"class_list":{"0":"post-23919","1":"product","2":"type-product","3":"status-publish","4":"has-post-thumbnail","6":"product_cat-brit-premium-kaciu-prekiu-gamintojai","7":"product_cat-kaciu-maistas","8":"product_cat-kaciu-prekiu-gamintojai","9":"product_cat-katems","10":"product_cat-slapias-maistas-kaciu-maistas","11":"product_tag-brit-premium-slapias-maistas","12":"product_tag-brit-slapias-maistas","13":"product_tag-kaciu-edalas","14":"product_tag-konservuotas-maistas-katems","15":"pa_pasaro-sudetis-jautiena","16":"pa_prekiu-zenklai-brit-premium","18":"first","19":"instock","20":"featured","21":"taxable","22":"shipping-taxable","23":"purchasable","24":"product-type-variable"},"acf":[],"_links":{"self":[{"href":"https:\/\/zooprekes24.lt\/lv\/wp-json\/wp\/v2\/product\/23919","targetHints":{"allow":["GET"]}}],"collection":[{"href":"https:\/\/zooprekes24.lt\/lv\/wp-json\/wp\/v2\/product"}],"about":[{"href":"https:\/\/zooprekes24.lt\/lv\/wp-json\/wp\/v2\/types\/product"}],"replies":[{"embeddable":true,"href":"https:\/\/zooprekes24.lt\/lv\/wp-json\/wp\/v2\/comments?post=23919"}],"wp:featuredmedia":[{"embeddable":true,"href":"https:\/\/zooprekes24.lt\/lv\/wp-json\/wp\/v2\/media\/20390"}],"wp:attachment":[{"href":"https:\/\/zooprekes24.lt\/lv\/wp-json\/wp\/v2\/media?parent=23919"}],"wp:term":[{"taxonomy":"product_brand","embeddable":true,"href":"https:\/\/zooprekes24.lt\/lv\/wp-json\/wp\/v2\/product_brand?post=23919"},{"taxonomy":"product_cat","embeddable":true,"href":"https:\/\/zooprekes24.lt\/lv\/wp-json\/wp\/v2\/product_cat?post=23919"},{"taxonomy":"product_tag","embeddable":true,"href":"https:\/\/zooprekes24.lt\/lv\/wp-json\/wp\/v2\/product_tag?post=23919"}],"curies":[{"name":"wp","href":"https:\/\/api.w.org\/{rel}","templated":true}]}}