{"id":23903,"date":"2024-04-19T13:27:23","date_gmt":"2024-04-19T10:27:23","guid":{"rendered":"https:\/\/zooprekes24.lt\/produktas\/brit-fresh-turkey-peas-konservai-sunims\/"},"modified":"2024-07-04T14:21:54","modified_gmt":"2024-07-04T11:21:54","slug":"brit-svaigi-titara-zirni-suniem-konserveti","status":"publish","type":"product","link":"https:\/\/zooprekes24.lt\/lv\/produktas\/brit-fresh-turkey-peas-konservai-sunims\/","title":{"rendered":"Brit Fresh Turkey &amp; Peas konservi su\u0146iem"},"content":{"rendered":"<h3>Brit Fresh Turkey &amp; Peas konservai \u0161unims &#8211; tai skanus, visavertis ir subalansuotas pa\u0161aras su tikra m\u0117sa, organais, dar\u017eov\u0117mis, vaisiais ir prieskonin\u0117mis \u017eolel\u0117mis i\u0161 vietini\u0173 \u016bki\u0173. Pagaminta naudojant \u0161vie\u017ei\u0105 m\u0117s\u0105, kuri yra kruop\u0161\u010diai apdorota.<\/h3>\n<ul>\n<li>Sud\u0117tyje yra s\u0117men\u0173, la\u0161i\u0161\u0173 aliejaus, dumbli\u0173 ir aronij\u0173.<\/li>\n<li>Konserv\u0173 linija puikai dera su <a href=\"https:\/\/zooprekes24.lt\/kategorija\/prekes-sunims\/sunu-maistas\/sausas-maistas-sunims\/?filters=prekiu-zenklai[2217]\" target=\"_blank\" rel=\"noopener\">Brit Fresh sauso maisto linija<\/a>.<\/li>\n<li>Receptas papildytas senoviniais gr\u016bdais &#8211; grikiais ir avin\u017eirniais.<\/li>\n<li>Praturtintas tradicin\u0117mis \u017eolel\u0117mis &#8211; rozmarinu, \u010diobreliu, medetka, kiaulpiene.<\/li>\n<li>Idealus sauso maisto papildymas &#8211; padeda pagerinti maisto suvartojim\u0105 ir palaikyti \u0161uns hidratacij\u0105.<\/li>\n<li>Konservai \u0161unims <a href=\"https:\/\/brit-petfood.com\/en\/\" target=\"_blank\" rel=\"noopener\">Brit<\/a> Fresh Turkey &amp; Peas &#8211; Be glitimo \/ Be soj\u0173 \/ Be GMO \/ Be konservant\u0173 \/ Be da\u017eikli\u0173.<\/li>\n<\/ul>\n","protected":false},"excerpt":{"rendered":"<p>Brit Fresh Turkey &amp; Peas konservai \u0161unims &#8211; tai skanus, visavertis ir subalansuotas pa\u0161aras su tikra m\u0117sa, organais, dar\u017eov\u0117mis, vaisiais ir prieskonin\u0117mis \u017eolel\u0117mis i\u0161 vietini\u0173 \u016bki\u0173. Pagaminta naudojant \u0161vie\u017ei\u0105 m\u0117s\u0105, kuri yra kruop\u0161\u010diai apdorota. Sud\u0117tyje yra s\u0117men\u0173, la\u0161i\u0161\u0173 aliejaus, dumbli\u0173 ir aronij\u0173. Konserv\u0173 linija puikai dera su Brit Fresh sauso maisto linija. Receptas papildytas senoviniais&#8230;<\/p>","protected":false},"featured_media":20386,"comment_status":"closed","ping_status":"closed","template":"","meta":{"_acf_changed":false,"slim_seo":{"title":"Brit Fresh Turkey & Peas konservai \u0161unims - Zooprekes24","description":"Brit Fresh Turkey &amp; Peas konservi su\u0146iem ir gar\u0161\u012bga, pilnv\u0113rt\u012bga un sabalans\u0113ta bar\u012bba ar \u012bstu ga\u013cu, org\u0101niem, d\u0101rze\u0146iem, aug\u013ciem un gar\u0161augiem."},"iawp_total_views":32},"product_brand":[],"product_cat":[9073,9004,8999,29,31],"product_tag":[2524,1644,418],"class_list":{"0":"post-23903","1":"product","2":"type-product","3":"status-publish","4":"has-post-thumbnail","6":"product_cat-brit-fresh","7":"product_cat-slapias-maistas","8":"product_cat-sunims","9":"product_cat-sunu-maistas","10":"product_cat-sunu-prekiu-gamintojai","11":"product_tag-brit-fresh-konservuotas-edalas-sunims","12":"product_tag-brit-konservai-skardineje","13":"product_tag-konservuotas-maistas-sunims","14":"pa_pasaro-sudetis-darzoves","15":"pa_pasaro-sudetis-kalakutiena","16":"pa_pasaro-sudetis-vaisiai","17":"pa_prekiu-zenklai-brit-fresh","18":"pa_suns-amzius-suaugusiems","19":"pa_veisles-dydis-didelems-veislems","20":"pa_veisles-dydis-mazoms-veislems","21":"pa_veisles-dydis-vidutinems-veislems","22":"pa_veisles-dydis-visu-dydziu-veislems","24":"first","25":"instock","26":"featured","27":"taxable","28":"shipping-taxable","29":"purchasable","30":"product-type-variable"},"acf":[],"_links":{"self":[{"href":"https:\/\/zooprekes24.lt\/lv\/wp-json\/wp\/v2\/product\/23903","targetHints":{"allow":["GET"]}}],"collection":[{"href":"https:\/\/zooprekes24.lt\/lv\/wp-json\/wp\/v2\/product"}],"about":[{"href":"https:\/\/zooprekes24.lt\/lv\/wp-json\/wp\/v2\/types\/product"}],"replies":[{"embeddable":true,"href":"https:\/\/zooprekes24.lt\/lv\/wp-json\/wp\/v2\/comments?post=23903"}],"wp:featuredmedia":[{"embeddable":true,"href":"https:\/\/zooprekes24.lt\/lv\/wp-json\/wp\/v2\/media\/20386"}],"wp:attachment":[{"href":"https:\/\/zooprekes24.lt\/lv\/wp-json\/wp\/v2\/media?parent=23903"}],"wp:term":[{"taxonomy":"product_brand","embeddable":true,"href":"https:\/\/zooprekes24.lt\/lv\/wp-json\/wp\/v2\/product_brand?post=23903"},{"taxonomy":"product_cat","embeddable":true,"href":"https:\/\/zooprekes24.lt\/lv\/wp-json\/wp\/v2\/product_cat?post=23903"},{"taxonomy":"product_tag","embeddable":true,"href":"https:\/\/zooprekes24.lt\/lv\/wp-json\/wp\/v2\/product_tag?post=23903"}],"curies":[{"name":"wp","href":"https:\/\/api.w.org\/{rel}","templated":true}]}}