{"id":23894,"date":"2024-04-19T13:27:23","date_gmt":"2024-04-19T10:27:23","guid":{"rendered":"https:\/\/zooprekes24.lt\/produktas\/fitmin-puppy-mush-kose-suniukams\/"},"modified":"2026-02-05T13:22:02","modified_gmt":"2026-02-05T11:22:02","slug":"fitmin-puppy-mash-kose-suniukams","status":"publish","type":"product","link":"https:\/\/zooprekes24.lt\/lv\/produktas\/fitmin-puppy-mash-kose-suniukams\/","title":{"rendered":"Fitmin Puppy Mash ko\u0161\u0117 \u0161uniukams"},"content":{"rendered":"<h3>Fitmin Puppy Mash &#8211; specialiai subalansuota ko\u0161\u0117 \u0161uniukams, padedanti harmoningai ir be papildomo augintinio streso pereiti nuo motinos pieno prie kieto maisto mitybos. Sud\u0117tyje naudojami ingredientai u\u017etikrina puik\u0173 skon\u012f ir produkto vir\u0161kinamum\u0105. S<span lang=\"en-us\">krustojas ar kuc\u0113niem<\/span><span lang=\"lt-lt\">\u00a0baro\u0161ana at\u0161\u0137ir\u0161anas period\u0101.<\/span><\/h3>\n<ul>\n<li>Kuc\u0113niem no 4 ned\u0113\u013cu vecuma.<\/li>\n<li>Putra nav pilnv\u0113rt\u012bga bar\u012bba, tas ir produkts, kas var viegli pal\u012bdz\u0113t kuc\u0113nam pierast pie cieta uztura.<\/li>\n<li>Sast\u0101v\u0101 eso\u0161ais inozitols veicina vesel\u012bgu kuc\u0113na aug\u0161anu un att\u012bst\u012bbu.<\/li>\n<li>Piens un s\u016bkalu pulveris pie\u0161\u0137ir produktam lielisku gar\u0161u un sagremojam\u012bbu.<\/li>\n<li>Dabiskie antioksidanti aizsarg\u0101 strauji augo\u0161as <a href=\"https:\/\/zooprekes24.lt\/lv\/?s=puppy&amp;post_type=product\" target=\"_blank\" rel=\"noopener\">Kuc\u0113ns<\/a>\u00a0audumi.<\/li>\n<li><a href=\"https:\/\/www.fitmin.cz\" target=\"_blank\" rel=\"noopener\">Fitmin<\/a> Puppy Mash ko\u0161\u0117s sud\u0117tyje esantys ry\u017eiai, burno\u010diai ir kukur\u016bzai yra gerai vir\u0161kinami gr\u016bdai, kurie palengvina augintinio per\u0117jim\u0105 prie kieto maisto.<\/li>\n<li>Dabisk\u0101s bakt\u0113rijas veicina gremo\u0161anu, un formulas sast\u0101v\u0101 eso\u0161ie nukleot\u012bdi pal\u012bdz uztur\u0113t optim\u0101lu kuc\u0113na im\u016bnsist\u0113mu.<\/li>\n<\/ul>","protected":false},"excerpt":{"rendered":"<p>Fitmin Puppy Mash &#8211; specialiai subalansuota ko\u0161\u0117 \u0161uniukams, padedanti harmoningai ir be papildomo augintinio streso pereiti nuo motinos pieno prie kieto maisto mitybos. Sud\u0117tyje naudojami ingredientai u\u017etikrina puik\u0173 skon\u012f ir produkto vir\u0161kinamum\u0105. Skirta \u0161uniuk\u0173\u00a0maitinimui nujunkymo laikotarpiu. Skirta \u0161uniukams nujunkymo laikotarpiu nuo 4 savai\u010di\u0173 am\u017eiaus. Ko\u0161\u0117 n\u0117ra visavertis maistas, tai produktas, kurio pagalb\u0105 \u0161uniuk\u0105 lengvai pripratinsite&#8230;<\/p>","protected":false},"featured_media":45387,"comment_status":"closed","ping_status":"closed","template":"","meta":{"_acf_changed":false,"slim_seo":{"title":"Fitmin Puppy Mash ko\u0161\u0117 \u0161uniukams - Zooprekes24","description":"Fitmin Puppy Mash - specialiai subalansuota ko\u0161\u0117 \u0161uniukams, padedanti harmoningai ir be papildomo augintinio streso pereiti nuo motinos pieno prie kieto maisto"},"iawp_total_views":74},"product_brand":[],"product_cat":[9044,9004,8999,29,31],"product_tag":[],"class_list":{"0":"post-23894","1":"product","2":"type-product","3":"status-publish","4":"has-post-thumbnail","6":"product_cat-fitmin-nutritional-programme","7":"product_cat-slapias-maistas","8":"product_cat-sunims","9":"product_cat-sunu-maistas","10":"product_cat-sunu-prekiu-gamintojai","11":"pa_prekiu-zenklai-fitmin-nutritional-programme","12":"pa_suns-amzius-jauniems","13":"pa_veisles-dydis-didelems-veislems","14":"pa_veisles-dydis-mazoms-veislems","15":"pa_veisles-dydis-vidutinems-veislems","16":"pa_veisles-dydis-visu-dydziu-veislems","18":"first","19":"outofstock","20":"featured","21":"taxable","22":"shipping-taxable","23":"purchasable","24":"product-type-variable"},"acf":[],"_links":{"self":[{"href":"https:\/\/zooprekes24.lt\/lv\/wp-json\/wp\/v2\/product\/23894","targetHints":{"allow":["GET"]}}],"collection":[{"href":"https:\/\/zooprekes24.lt\/lv\/wp-json\/wp\/v2\/product"}],"about":[{"href":"https:\/\/zooprekes24.lt\/lv\/wp-json\/wp\/v2\/types\/product"}],"replies":[{"embeddable":true,"href":"https:\/\/zooprekes24.lt\/lv\/wp-json\/wp\/v2\/comments?post=23894"}],"wp:featuredmedia":[{"embeddable":true,"href":"https:\/\/zooprekes24.lt\/lv\/wp-json\/wp\/v2\/media\/45387"}],"wp:attachment":[{"href":"https:\/\/zooprekes24.lt\/lv\/wp-json\/wp\/v2\/media?parent=23894"}],"wp:term":[{"taxonomy":"product_brand","embeddable":true,"href":"https:\/\/zooprekes24.lt\/lv\/wp-json\/wp\/v2\/product_brand?post=23894"},{"taxonomy":"product_cat","embeddable":true,"href":"https:\/\/zooprekes24.lt\/lv\/wp-json\/wp\/v2\/product_cat?post=23894"},{"taxonomy":"product_tag","embeddable":true,"href":"https:\/\/zooprekes24.lt\/lv\/wp-json\/wp\/v2\/product_tag?post=23894"}],"curies":[{"name":"wp","href":"https:\/\/api.w.org\/{rel}","templated":true}]}}