{"id":23891,"date":"2024-04-19T13:27:23","date_gmt":"2024-04-19T10:27:23","guid":{"rendered":"https:\/\/zooprekes24.lt\/produktas\/fitmin-puppy-milk-pieno-pakaitalas\/"},"modified":"2026-02-05T13:16:27","modified_gmt":"2026-02-05T11:16:27","slug":"fitmin-puppy-milk-pieno-pakaitalas","status":"publish","type":"product","link":"https:\/\/zooprekes24.lt\/lv\/produktas\/fitmin-puppy-milk-pieno-pakaitalas\/","title":{"rendered":"Fitmin Puppy Milk piena aizst\u0101j\u0113js kuc\u0113niem"},"content":{"rendered":"<h3>Fitmin Puppy Milk &#8211; specialiai subalansuotas pienas \u0161uniukams, kuris skirtas stabiliam ir harmoningam ma\u017eyli\u0173 augimui. Pieno sud\u0117tyje daug energijos ir baltym\u0173 kurie beveik nesiskiria nuo maitinan\u010dios kal\u0117s pieno. S<span lang=\"en-us\">krustojas ar kuc\u0113niem<\/span><span lang=\"lt-lt\">\u00a0baro\u0161ana no dzim\u0161anas l\u012bdz at\u0161\u0137ir\u0161anai no m\u0101tes.<\/span><\/h3>\n<ul>\n<li>Kuc\u0113niem l\u012bdz 4 ned\u0113\u013cu vecumam.<\/li>\n<li><a href=\"https:\/\/www.fitmin.cz\">Fitmin<\/a> Kuc\u0113nu piens satur r\u016bp\u012bgi atlas\u012btas, viegli sagremojamas olbaltumvielas un laktozi, kas praktiski neat\u0161\u0137iras no laktozes, kura ir m\u0101tes pien\u0101. \u0160is piens ir \u012bpa\u0161i piem\u0113rots kuc\u0113na gremo\u0161anas sist\u0113mai, jo nesatur cieti (kuc\u0113ni neizdala pietiekami daudz amil\u0101zes, lai sagremotu cieti).<\/li>\n<li>L\u012bdzsvarota bioakt\u012bvo vielu attiec\u012bba \u013cauj jaun\u0101 kuc\u0113na organismam att\u012bst\u012bties vienm\u0113r\u012bgi.<\/li>\n<li>Sast\u0101v\u0101 eso\u0161ie nukleot\u012bdi atbalsta j\u016bsu kuc\u0113na trauslo im\u016bnsist\u0113mu, bet dab\u012bgie antioksidanti nodro\u0161ina aizsardz\u012bbu \u0101tri augo\u0161ajiem audiem.<\/li>\n<li>Viegli pagatavojams. Ekskluz\u012bv\u0101 formula \u013coti \u0101tri iz\u0161\u0137\u012bdina pienu un nodro\u0161ina pilnv\u0113rt\u012bgu, viendab\u012bgu mais\u012bjumu bez nogulsn\u0113m.<\/li>\n<li>Turpm\u0101ka att\u012bst\u012bba p\u0113c dzim\u0161anas <a href=\"https:\/\/zooprekes24.lt\/lv\/?s=puppy&amp;post_type=product\" target=\"_blank\" rel=\"noopener\">kuc\u0113ni<\/a> nervu sist\u0113ma. M\u0101tes pien\u0101 eso\u0161\u0101 dab\u012bg\u0101 dokozaheksa\u0113nsk\u0101be pal\u012bdz kognit\u012bvo funkciju att\u012bst\u012bbai, t\u0101p\u0113c to papildina ar lecit\u012bnu, lai nodro\u0161in\u0101tu kuc\u0113na nervu audu pareizu darb\u012bbu un aizsarg\u0101tu aknu \u0161\u016bnas.<\/li>\n<\/ul>","protected":false},"excerpt":{"rendered":"<p>Fitmin Puppy Milk &#8211; specialiai subalansuotas pienas \u0161uniukams, kuris skirtas stabiliam ir harmoningam ma\u017eyli\u0173 augimui. Pieno sud\u0117tyje daug energijos ir baltym\u0173 kurie beveik nesiskiria nuo maitinan\u010dios kal\u0117s pieno. Skirta \u0161uniuk\u0173\u00a0maitinimui nuo gimimo iki nujunkymo. Skirta \u0161uniukams iki 4 savai\u010di\u0173 am\u017eiaus. Fitmin Puppy Milk sud\u0117tyje yra kruop\u0161\u010diai atrinkti, labai gerai vir\u0161kinami baltymai ir laktoz\u0117, beveik nesiskirianti&#8230;<\/p>","protected":false},"featured_media":45386,"comment_status":"closed","ping_status":"closed","template":"","meta":{"_acf_changed":false,"slim_seo":{"title":"Fitmin Puppy Milk pieno pakaitalas \u0161uniukams - Zooprekes24","description":"Fitmin Puppy Milk - specialiai subalansuotas pienas \u0161uniukams, kuris skirtas stabiliam ir harmoningam ma\u017eyli\u0173 augimui. Pieno sud\u0117tyje daug energijos ir baltym\u0173"},"iawp_total_views":46},"product_brand":[],"product_cat":[9044,9004,8999,29,31],"product_tag":[],"class_list":{"0":"post-23891","1":"product","2":"type-product","3":"status-publish","4":"has-post-thumbnail","6":"product_cat-fitmin-nutritional-programme","7":"product_cat-slapias-maistas","8":"product_cat-sunims","9":"product_cat-sunu-maistas","10":"product_cat-sunu-prekiu-gamintojai","11":"pa_prekiu-zenklai-fitmin-nutritional-programme","12":"pa_suns-amzius-jauniems","13":"pa_veisles-dydis-didelems-veislems","14":"pa_veisles-dydis-mazoms-veislems","15":"pa_veisles-dydis-vidutinems-veislems","16":"pa_veisles-dydis-visu-dydziu-veislems","18":"first","19":"outofstock","20":"featured","21":"taxable","22":"shipping-taxable","23":"purchasable","24":"product-type-variable"},"acf":[],"_links":{"self":[{"href":"https:\/\/zooprekes24.lt\/lv\/wp-json\/wp\/v2\/product\/23891","targetHints":{"allow":["GET"]}}],"collection":[{"href":"https:\/\/zooprekes24.lt\/lv\/wp-json\/wp\/v2\/product"}],"about":[{"href":"https:\/\/zooprekes24.lt\/lv\/wp-json\/wp\/v2\/types\/product"}],"replies":[{"embeddable":true,"href":"https:\/\/zooprekes24.lt\/lv\/wp-json\/wp\/v2\/comments?post=23891"}],"wp:featuredmedia":[{"embeddable":true,"href":"https:\/\/zooprekes24.lt\/lv\/wp-json\/wp\/v2\/media\/45386"}],"wp:attachment":[{"href":"https:\/\/zooprekes24.lt\/lv\/wp-json\/wp\/v2\/media?parent=23891"}],"wp:term":[{"taxonomy":"product_brand","embeddable":true,"href":"https:\/\/zooprekes24.lt\/lv\/wp-json\/wp\/v2\/product_brand?post=23891"},{"taxonomy":"product_cat","embeddable":true,"href":"https:\/\/zooprekes24.lt\/lv\/wp-json\/wp\/v2\/product_cat?post=23891"},{"taxonomy":"product_tag","embeddable":true,"href":"https:\/\/zooprekes24.lt\/lv\/wp-json\/wp\/v2\/product_tag?post=23891"}],"curies":[{"name":"wp","href":"https:\/\/api.w.org\/{rel}","templated":true}]}}