{"id":23829,"date":"2024-04-19T13:25:16","date_gmt":"2024-04-19T10:25:16","guid":{"rendered":"https:\/\/zooprekes24.lt\/produktas\/aatas-tantalizing-tuna-beef-80g\/"},"modified":"2026-03-02T14:22:34","modified_gmt":"2026-03-02T12:22:34","slug":"aatas-tantalizing-tuna-beef-80g","status":"publish","type":"product","link":"https:\/\/zooprekes24.lt\/lv\/produktas\/aatas-tantalizing-tuna-beef-80g\/","title":{"rendered":"Aatas Tantalizing Tuna &amp; Beef Konservi ka\u0137iem"},"content":{"rendered":"<h3>Aatas Tantalizing Tuna &amp; Beef ir lieliskas gar\u0161as, pilnv\u0113rt\u012bgs mitrs <a href=\"https:\/\/zooprekes24.lt\/lv\/?s=%C4%97dalas+kat%C4%97ms&amp;post_type=product&amp;product_cat=0\" target=\"_blank\" rel=\"noopener noreferrer\">Ka\u0137u bar\u012bba<\/a>pagatavots no savva\u013c\u0101 nozvejot\u0101m ziv\u012bm un l\u0113ni termiski apstr\u0101d\u0101tas liellopu ga\u013cas. Lieliska izv\u0113le vesel\u012bgam J\u016bsu m\u0101jdz\u012bvnieka uzturam.<\/h3>\n<ul>\n<li>Dab\u012bga ga\u013ca.<\/li>\n<li>Nesatur graudaugus.<\/li>\n<li><a href=\"https:\/\/www.aatascat.com\/lt\/about1\" target=\"_blank\" rel=\"noopener noreferrer\">Bez konservantiem un \u0122MO.<\/a><\/li>\n<li>Zems tauku un kaloriju saturs.<\/li>\n<li>Pat vispras\u012bg\u0101kajiem tas patiks.<\/li>\n<\/ul>","protected":false},"excerpt":{"rendered":"<p>Aatas Tantalizing Tuna &amp; Beef puikaus skonio, visavertis dr\u0117gnas \u0117dalas kat\u0117ms, pagamintas i\u0161 laukin\u0117je gamtoje pagautos \u017euvies ir l\u0117tai virtos jautienos. Puikus pasirinkimas sveikai J\u016bs\u0173 augintinio mitybai. Nat\u016brali m\u0117sa. Sud\u0117tyje n\u0117ra gr\u016bd\u0173. Be konservant\u0173 ir GMO. Ma\u017eai riebal\u0173 ir kalorij\u0173. Patiks ir pa\u010dioms i\u0161rankiausioms.<\/p>","protected":false},"featured_media":20363,"comment_status":"closed","ping_status":"closed","template":"","meta":{"_acf_changed":false,"slim_seo":{"title":"Aatas Tantalizing Tuna & Beef konservai kat\u0117ms - Zooprekes24","description":"Aatas Tantalizing Tuna &amp; Beef puikaus skonio, visavertis dr\u0117gnas \u0117dalas kat\u0117ms , pagamintas i\u0161 laukin\u0117je gamtoje pagautos \u017euvies ir l\u0117tai virtos jautienos."},"iawp_total_views":154},"product_brand":[],"product_cat":[9071,9027,72,83,25,9020],"product_tag":[1815,1817,1675],"class_list":{"0":"post-23829","1":"product","2":"type-product","3":"status-publish","4":"has-post-thumbnail","6":"product_cat-aatas-katems","7":"product_cat-begrudis-maistas-kaciu-maistas","8":"product_cat-kaciu-maistas","9":"product_cat-kaciu-prekiu-gamintojai","10":"product_cat-katems","11":"product_cat-slapias-maistas-kaciu-maistas","12":"product_tag-atas","13":"product_tag-edalas-katems","14":"product_tag-kaciu-edalas","15":"pa_pasaro-sudetis-jautiena","16":"pa_pasaro-sudetis-tunas","17":"pa_pasaro-sudetis-zuvis","18":"pa_prekiu-zenklai-aatas","20":"first","21":"instock","22":"featured","23":"taxable","24":"shipping-taxable","25":"purchasable","26":"product-type-variable"},"acf":[],"_links":{"self":[{"href":"https:\/\/zooprekes24.lt\/lv\/wp-json\/wp\/v2\/product\/23829","targetHints":{"allow":["GET"]}}],"collection":[{"href":"https:\/\/zooprekes24.lt\/lv\/wp-json\/wp\/v2\/product"}],"about":[{"href":"https:\/\/zooprekes24.lt\/lv\/wp-json\/wp\/v2\/types\/product"}],"replies":[{"embeddable":true,"href":"https:\/\/zooprekes24.lt\/lv\/wp-json\/wp\/v2\/comments?post=23829"}],"wp:featuredmedia":[{"embeddable":true,"href":"https:\/\/zooprekes24.lt\/lv\/wp-json\/wp\/v2\/media\/20363"}],"wp:attachment":[{"href":"https:\/\/zooprekes24.lt\/lv\/wp-json\/wp\/v2\/media?parent=23829"}],"wp:term":[{"taxonomy":"product_brand","embeddable":true,"href":"https:\/\/zooprekes24.lt\/lv\/wp-json\/wp\/v2\/product_brand?post=23829"},{"taxonomy":"product_cat","embeddable":true,"href":"https:\/\/zooprekes24.lt\/lv\/wp-json\/wp\/v2\/product_cat?post=23829"},{"taxonomy":"product_tag","embeddable":true,"href":"https:\/\/zooprekes24.lt\/lv\/wp-json\/wp\/v2\/product_tag?post=23829"}],"curies":[{"name":"wp","href":"https:\/\/api.w.org\/{rel}","templated":true}]}}