{"id":23822,"date":"2024-04-19T13:25:16","date_gmt":"2024-04-19T10:25:16","guid":{"rendered":"https:\/\/zooprekes24.lt\/produktas\/fitmin-for-life-kitten-kaciukams\/"},"modified":"2026-02-27T11:30:04","modified_gmt":"2026-02-27T09:30:04","slug":"fitmin-for-life-kakens-kakeniem","status":"publish","type":"product","link":"https:\/\/zooprekes24.lt\/lv\/produktas\/fitmin-for-life-kitten-kaciukams\/","title":{"rendered":"Fitmin for Life Kitten saus\u0101 bar\u012bba ka\u0137\u0113niem"},"content":{"rendered":"<h3>Fitmin for Life Kitten ir pilnv\u0113rt\u012bga saus\u0101 bar\u012bba ka\u0137\u0113niem, kas satur l\u012bdz 89 % dz\u012bvnieku olbaltumvielu. Gar\u0161\u012bgo granulu formula garant\u0113 lielisku gar\u0161u un optim\u0101lu uzturvielu attiec\u012bbu bar\u012bb\u0101. Palutiniet savu uzticamo draugu ar gardu Fitmin for Life bar\u012bbu, kuras sast\u0101vda\u013cas r\u016bp\u012bgi atlas\u012btas viet\u0113j\u0101s saimniec\u012bb\u0101s starp kalniem Eiropas sird\u012b, \u010cehij\u0101.<\/h3>\n<ul>\n<li>Ka\u0137\u0113niem ir \u012bpa\u0161i svar\u012bgi, lai uztur\u0101 b\u016btu kvalitat\u012bvas olbaltumvielas, tauki, vitam\u012bni un svar\u012bg\u0101k\u0101s uzturvielas vesel\u012bgai aug\u0161anai un optim\u0101lai att\u012bst\u012bbai. Fitmin for Life Kitten\u00a0<strong><span style=\"color: #808080\"><span style=\"color: #808080\">receptes b\u0101ze - vistas ga\u013ca<\/span>kas ir ne tikai gar\u0161\u012bgs un viegli sagremojams, bet ar\u012b nodro\u0161ina ka\u0137\u0113nu ar visu nepiecie\u0161amo, lai tas var\u0113tu lieliski un pilnv\u0113rt\u012bgi augt.<\/span><\/strong><\/li>\n<li><span style=\"color: #808080\"><strong><a style=\"color: #808080\" href=\"https:\/\/www.youtube.com\/watch?v=1yoQTbErEss\" target=\"_blank\" rel=\"noopener\">Svaigu ga\u013cu izmanto p\u0101rtikas ra\u017eo\u0161anas tehnolo\u0123ij\u0101<\/a><\/strong><\/span>kas izce\u013c dab\u012bgo sast\u0101vda\u013cu gar\u0161u, vienlaikus saglab\u0101jot svar\u012bg\u0101ko uzturvielu un olbaltumvielu integrit\u0101ti. Tas nodro\u0161ina ar\u012b augstu p\u0101rtikas kvalit\u0101tes garantiju un gar\u0161u, kas nevienu neatst\u0101j vienaldz\u012bgu.<\/li>\n<li>Satur <strong><span style=\"color: #808080\">Zobu kop\u0161anas komplekss nodro\u0161ina mutes dobuma antibakteri\u0101lu aizsardz\u012bbu.<\/span><\/strong>kas nov\u0113r\u0161 agr\u012bnu zobakmens veido\u0161anos un aizsarg\u0101 ka\u0137\u0113na zobus no aplikuma veido\u0161an\u0101s.<\/li>\n<li><span style=\"color: #808080\"><strong>Prebiotikas\u00a0<\/strong><\/span>ne tikai aizsarg\u0101 jaun\u0101 ka\u0137\u0113na \u0137ermeni, bet ar\u012b <span style=\"color: #808080\"><strong>veicina vesel\u012bgu gremo\u0161anas sist\u0113mu<\/strong><\/span>.<\/li>\n<li>Apsekojums liecina, ka <span style=\"color: #808080\"><strong>100 % audz\u0113t\u0101ji ieteiktu saviem klientiem un draugiem ka\u0137u bar\u012bbu Fitmin for Life<\/strong><\/span>.<\/li>\n<li>Fitmin for Life ka\u0137\u0113nu bar\u012bba <strong><span style=\"color: #808080\">atbilsto\u0161s <\/span><\/strong><span style=\"color: #808080\"><strong>gr\u016bsn\u0101m un lakt\u0113jo\u0161\u0101m ka\u0137en\u0113m<\/strong><\/span>.<\/li>\n<li>Satur <span style=\"color: #808080\"><strong>neizmanto kvie\u0161us vai kukur\u016bzu<\/strong>.<\/span><\/li>\n<\/ul>","protected":false},"excerpt":{"rendered":"<p>Fitmin for Life Kitten &#8211; visavertis sausas maistas ka\u010diukams, kuriame yra net 89 % gyv\u016bnin\u0117s kilm\u0117s baltym\u0173.\u00a0Gardi granuli\u0173 formul\u0117 garantuoja puik\u0173 \u0117dalo skon\u012f ir optimali\u0105 maistini\u0173 med\u017eiag\u0173 proporcij\u0105 esan\u010dia pa\u0161are. Palepinkite savo i\u0161tikimiausi\u0105 draug\u0105 gard\u017eiu Fitmin for Life maistu, kurio ingredientai kruop\u0161\u010diai\u00a0atrenkami vietin\u0117se fermose tarp kaln\u0173, Europos \u0161irdyje, \u010cekijoje. Ka\u010diukams yra ypa\u010d svarbus maistas, kuriame&#8230;<\/p>","protected":false},"featured_media":20361,"comment_status":"closed","ping_status":"closed","template":"","meta":{"_acf_changed":false,"slim_seo":{"title":"Fitmin for Life Kitten sausas maistas ka\u010diukams - Zooprekes24","description":"Fitmin for Life Kitten ir pilnv\u0113rt\u012bga saus\u0101 bar\u012bba ka\u0137\u0113niem, kas satur l\u012bdz 89 % dz\u012bvnieku olbaltumvielu. Gar\u0161\u012bgo granulu formula garant\u0113 lielisku gar\u0161u."},"iawp_total_views":251},"product_brand":[],"product_cat":[9042,72,83,25,9016],"product_tag":[3194,1817,1675,1682],"class_list":{"0":"post-23822","1":"product","2":"type-product","3":"status-publish","4":"has-post-thumbnail","6":"product_cat-fitmin-for-life-katems","7":"product_cat-kaciu-maistas","8":"product_cat-kaciu-prekiu-gamintojai","9":"product_cat-katems","10":"product_cat-sausas-maistas-kaciu-maistas","11":"product_tag-begrudis-maistas-kaciukams","12":"product_tag-edalas-katems","13":"product_tag-kaciu-edalas","14":"product_tag-kaciu-maistas-super-premium-klases","15":"pa_pasaro-sudetis-vistiena","16":"pa_prekiu-zenklai-fitmin-for-life","18":"first","19":"instock","20":"sale","21":"featured","22":"taxable","23":"shipping-taxable","24":"purchasable","25":"product-type-variable"},"acf":[],"_links":{"self":[{"href":"https:\/\/zooprekes24.lt\/lv\/wp-json\/wp\/v2\/product\/23822","targetHints":{"allow":["GET"]}}],"collection":[{"href":"https:\/\/zooprekes24.lt\/lv\/wp-json\/wp\/v2\/product"}],"about":[{"href":"https:\/\/zooprekes24.lt\/lv\/wp-json\/wp\/v2\/types\/product"}],"replies":[{"embeddable":true,"href":"https:\/\/zooprekes24.lt\/lv\/wp-json\/wp\/v2\/comments?post=23822"}],"wp:featuredmedia":[{"embeddable":true,"href":"https:\/\/zooprekes24.lt\/lv\/wp-json\/wp\/v2\/media\/20361"}],"wp:attachment":[{"href":"https:\/\/zooprekes24.lt\/lv\/wp-json\/wp\/v2\/media?parent=23822"}],"wp:term":[{"taxonomy":"product_brand","embeddable":true,"href":"https:\/\/zooprekes24.lt\/lv\/wp-json\/wp\/v2\/product_brand?post=23822"},{"taxonomy":"product_cat","embeddable":true,"href":"https:\/\/zooprekes24.lt\/lv\/wp-json\/wp\/v2\/product_cat?post=23822"},{"taxonomy":"product_tag","embeddable":true,"href":"https:\/\/zooprekes24.lt\/lv\/wp-json\/wp\/v2\/product_tag?post=23822"}],"curies":[{"name":"wp","href":"https:\/\/api.w.org\/{rel}","templated":true}]}}