{"id":23819,"date":"2024-04-19T13:25:16","date_gmt":"2024-04-19T10:25:16","guid":{"rendered":"https:\/\/zooprekes24.lt\/produktas\/fitmin-for-life-fish-chicken-katems\/"},"modified":"2026-04-03T16:07:09","modified_gmt":"2026-04-03T14:07:09","slug":"fitmin-for-life-zivju-vistas-katems","status":"publish","type":"product","link":"https:\/\/zooprekes24.lt\/lv\/produktas\/fitmin-for-life-fish-chicken-katems\/","title":{"rendered":"Fitmin for Life Fish &amp; Chicken sausas maistas kat\u0117ms"},"content":{"rendered":"<h3>Fitmin for Life Fish &amp; Chicken ir pilnv\u0113rt\u012bga saus\u0101 bar\u012bba pieaugu\u0161iem ka\u0137iem, kas satur 84 % dz\u012bvnieku olbaltumvielu. Gar\u0161\u012bgo granulu formula garant\u0113 lielisku gar\u0161u un optim\u0101lu uzturvielu attiec\u012bbu bar\u012bb\u0101. Palutiniet savu uzticamo draugu ar gardu Fitmin for Life bar\u012bbu, kuras sast\u0101vda\u013cas r\u016bp\u012bgi atlas\u012btas viet\u0113j\u0101s saimniec\u012bb\u0101s Eiropas sird\u012b, starp kalniem \u010cehijas Republik\u0101.<\/h3>\n<ul>\n<li><span style=\"color: #808080\"><strong><a style=\"color: #808080\" href=\"https:\/\/www.youtube.com\/watch?v=1yoQTbErEss\" target=\"_blank\" rel=\"noopener\">Svaigas zivis, ko izmanto p\u0101rtikas ra\u017eo\u0161anas tehnolo\u0123ij\u0101<\/a><\/strong><\/span>kas izce\u013c dab\u012bgo sast\u0101vda\u013cu gar\u0161u, vienlaikus saglab\u0101jot svar\u012bg\u0101ko uzturvielu un olbaltumvielu integrit\u0101ti. Tas nodro\u0161ina ar\u012b augstu p\u0101rtikas kvalit\u0101tes garantiju un gar\u0161u, kas nevienu neatst\u0101j vienaldz\u012bgu.<\/li>\n<li>Si\u013c\u0137e ir optim\u0101ls olbaltumvielu avots. T\u0101 ir ne tikai lielisks omega-3 tauksk\u0101bju avots, kas pozit\u012bvi ietekm\u0113 ka\u0137a sirds un asinsvadu sist\u0113mu, bet ar\u012b m\u0101jdz\u012bvnieka smadze\u0146u darb\u012bbu. <span style=\"color: #808080\"><strong>Si\u013c\u0137es ir bag\u0101tas ar\u012b ar D vitam\u012bnu un sel\u0113nu, kas pal\u012bdz uzlabot dz\u012bvnieka ka\u017eoka skaistumu un \u0101das kvalit\u0101ti.<\/strong><\/span><\/li>\n<li>Fitmin for Life Zivis un vistas ga\u013ca <strong><span style=\"color: #808080\">Zobu kop\u0161anas komplekss nodro\u0161ina mutes dobuma antibakteri\u0101lu aizsardz\u012bbu.<\/span><\/strong>kas nov\u0113r\u0161 agr\u012bnu zobakmens veido\u0161anos un aizsarg\u0101 ka\u0137a zobus no aplikuma veido\u0161an\u0101s.<\/li>\n<li><span style=\"color: #808080\"><strong>Prebiotikas\u00a0<\/strong><\/span>ne tikai aizsarg\u0101 ka\u0137a \u0137ermeni, bet ar\u012b <span style=\"color: #808080\"><strong>pal\u012bdz nodro\u0161in\u0101t vesel\u012bgu gremo\u0161anas sist\u0113mu<\/strong><\/span>.<\/li>\n<li>Apsekojums liecina, ka <span style=\"color: #808080\"><strong>100 % audz\u0113t\u0101ji ieteiktu saviem klientiem un draugiem ka\u0137u bar\u012bbu Fitmin for Life<\/strong><\/span>.<\/li>\n<li>Fitmin for Life Fish &amp; Chicken satur <span style=\"color: #808080\"><strong>neizmanto kvie\u0161us vai kukur\u016bzu<\/strong>.<\/span><\/li>\n<\/ul>","protected":false},"excerpt":{"rendered":"<p>Fitmin for Life Fish &amp; Chicken &#8211; visavertis sausas maistas suaugusioms kat\u0117ms, kuriame yra 84 % gyv\u016bnin\u0117s kilm\u0117s baltym\u0173.\u00a0Gardi granuli\u0173 formul\u0117 garantuoja puik\u0173 \u0117dalo skon\u012f ir optimali\u0105 maistini\u0173 med\u017eiag\u0173 proporcij\u0105 esan\u010dia pa\u0161are. Palepinkite savo i\u0161tikimiausi\u0105 draug\u0105 gard\u017eiu Fitmin for Life maistu, kurio ingredientai kruop\u0161\u010diai\u00a0atrenkami vietin\u0117se fermose tarp kaln\u0173, Europos \u0161irdyje, \u010cekijoje. Maisto gamybos technologijoje naudojama&#8230;<\/p>","protected":false},"featured_media":20359,"comment_status":"closed","ping_status":"closed","template":"","meta":{"_acf_changed":false,"slim_seo":{"title":"Fitmin for Life Fish &amp; Chicken sausas maistas kat\u0117ms - Zooprekes24","description":"Fitmin for Life Fish &amp; Chicken ir pilnv\u0113rt\u012bga saus\u0101 bar\u012bba pieaugu\u0161iem ka\u0137iem, kas satur 84 % dz\u012bvnieku olbaltumvielu. Gar\u0161\u012bg\u0101 granulu formula garant\u0113"},"iawp_total_views":244},"product_brand":[],"product_cat":[9042,72,83,25,9016],"product_tag":[1671,1817,1675,1682],"class_list":{"0":"post-23819","1":"product","2":"type-product","3":"status-publish","4":"has-post-thumbnail","6":"product_cat-fitmin-for-life-katems","7":"product_cat-kaciu-maistas","8":"product_cat-kaciu-prekiu-gamintojai","9":"product_cat-katems","10":"product_cat-sausas-maistas-kaciu-maistas","11":"product_tag-begrudis-kaciu-maistas","12":"product_tag-edalas-katems","13":"product_tag-kaciu-edalas","14":"product_tag-kaciu-maistas-super-premium-klases","15":"pa_pasaro-sudetis-vistiena","16":"pa_pasaro-sudetis-zuvis","17":"pa_prekiu-zenklai-fitmin-for-life","19":"first","20":"instock","21":"featured","22":"taxable","23":"shipping-taxable","24":"purchasable","25":"product-type-variable"},"acf":[],"_links":{"self":[{"href":"https:\/\/zooprekes24.lt\/lv\/wp-json\/wp\/v2\/product\/23819","targetHints":{"allow":["GET"]}}],"collection":[{"href":"https:\/\/zooprekes24.lt\/lv\/wp-json\/wp\/v2\/product"}],"about":[{"href":"https:\/\/zooprekes24.lt\/lv\/wp-json\/wp\/v2\/types\/product"}],"replies":[{"embeddable":true,"href":"https:\/\/zooprekes24.lt\/lv\/wp-json\/wp\/v2\/comments?post=23819"}],"wp:featuredmedia":[{"embeddable":true,"href":"https:\/\/zooprekes24.lt\/lv\/wp-json\/wp\/v2\/media\/20359"}],"wp:attachment":[{"href":"https:\/\/zooprekes24.lt\/lv\/wp-json\/wp\/v2\/media?parent=23819"}],"wp:term":[{"taxonomy":"product_brand","embeddable":true,"href":"https:\/\/zooprekes24.lt\/lv\/wp-json\/wp\/v2\/product_brand?post=23819"},{"taxonomy":"product_cat","embeddable":true,"href":"https:\/\/zooprekes24.lt\/lv\/wp-json\/wp\/v2\/product_cat?post=23819"},{"taxonomy":"product_tag","embeddable":true,"href":"https:\/\/zooprekes24.lt\/lv\/wp-json\/wp\/v2\/product_tag?post=23819"}],"curies":[{"name":"wp","href":"https:\/\/api.w.org\/{rel}","templated":true}]}}