{"id":23807,"date":"2024-04-19T13:25:03","date_gmt":"2024-04-19T10:25:03","guid":{"rendered":"https:\/\/zooprekes24.lt\/produktas\/fitmin-for-life-castrate-beef-katems\/"},"modified":"2026-04-03T15:31:19","modified_gmt":"2026-04-03T13:31:19","slug":"fitmin-uz-muzu-kastret-liellopu-galas-katem","status":"publish","type":"product","link":"https:\/\/zooprekes24.lt\/lv\/produktas\/fitmin-for-life-castrate-beef-katems\/","title":{"rendered":"Fitmin for Life Castrate Beef saus\u0101 ka\u0137u bar\u012bba"},"content":{"rendered":"<h3>Fitmin for Life Castrate Beef ir pilnv\u0113rt\u012bga saus\u0101 bar\u012bba pieaugu\u0161iem steriliz\u0113tiem\/kastr\u0113tiem ka\u0137iem, kas satur 84 % dz\u012bvnieku olbaltumvielu. Gar\u0161\u012bgo granulu formula garant\u0113 lielisku gar\u0161u un optim\u0101lu uzturvielu attiec\u012bbu bar\u012bb\u0101. Palutiniet savu uzticamo draugu ar gardu Fitmin for Life bar\u012bbu, kuras sast\u0101vda\u013cas r\u016bp\u012bgi atlas\u012btas viet\u0113j\u0101s saimniec\u012bb\u0101s Eiropas sird\u012b, starp kalniem \u010cehijas Republik\u0101.<\/h3>\n<ul>\n<li><span style=\"color: #808080\"><strong><a style=\"color: #808080\" href=\"https:\/\/www.youtube.com\/watch?v=1yoQTbErEss\" target=\"_blank\" rel=\"noopener\">Svaiga liellopu ga\u013ca, ko izmanto p\u0101rtikas ra\u017eo\u0161anas tehnolo\u0123ij\u0101<\/a><\/strong><\/span>kas izce\u013c dab\u012bgo sast\u0101vda\u013cu gar\u0161u, vienlaikus saglab\u0101jot svar\u012bg\u0101ko uzturvielu un olbaltumvielu integrit\u0101ti. Tas nodro\u0161ina ar\u012b augstu p\u0101rtikas kvalit\u0101tes garantiju un gar\u0161u, kas nevienu neatst\u0101j vienaldz\u012bgu.<\/li>\n<li>Satur <strong><span style=\"color: #808080\">antioksidantu komplekss kop\u0101 ar prebiotik\u0101m stiprina ka\u0137a dabisk\u0101s aizsargsp\u0113jas un c\u012bn\u0101s pret noveco\u0161an\u0101s paz\u012bm\u0113m.<\/span><\/strong> lai saglab\u0101tu j\u016bsu m\u012blu\u013ca vitalit\u0101ti un labu vesel\u012bbu.<\/li>\n<li>Fitmin for Life Kastr\u0113ta liellopu ga\u013ca <strong><span style=\"color: #808080\">Zobu kop\u0161anas komplekss nodro\u0161ina mutes dobuma antibakteri\u0101lu aizsardz\u012bbu.<\/span><\/strong>kas nov\u0113r\u0161 agr\u012bnu zobakmens veido\u0161anos un aizsarg\u0101 ka\u0137a zobus no aplikuma veido\u0161an\u0101s.<\/li>\n<li>Apsekojums liecina, ka <span style=\"color: #808080\"><strong>100 % audz\u0113t\u0101ji ieteiktu saviem klientiem un draugiem ka\u0137u bar\u012bbu Fitmin for Life<\/strong><\/span>.<\/li>\n<li>Fitmin for Life Castrate Beef satur <span style=\"color: #808080\"><strong>neizmanto kvie\u0161us vai kukur\u016bzu<\/strong>.<\/span><\/li>\n<\/ul>","protected":false},"excerpt":{"rendered":"<p>Fitmin for Life Castrate Beef\u00a0&#8211; visavertis sausas maistas suaugusioms, sterilizuotoms kat\u0117ms, kuriame yra 84 % gyv\u016bnin\u0117s kilm\u0117s baltym\u0173.\u00a0Gardi granuli\u0173 formul\u0117 garantuoja puik\u0173 \u0117dalo skon\u012f ir optimali\u0105 maistini\u0173 med\u017eiag\u0173 proporcij\u0105 esan\u010dia pa\u0161are. Palepinkite savo i\u0161tikimiausi\u0105 draug\u0105 gard\u017eiu Fitmin for Life maistu, kurio ingredientai kruop\u0161\u010diai\u00a0atrenkami vietin\u0117se fermose tarp kaln\u0173, Europos \u0161irdyje, \u010cekijoje. Maisto gamybos technologijoje naudojama \u0161vie\u017eia&#8230;<\/p>","protected":false},"featured_media":20350,"comment_status":"closed","ping_status":"closed","template":"","meta":{"_acf_changed":false,"slim_seo":{"title":"Fitmin for Life Castrate Beef sausas maistas kat\u0117ms - Zooprekes24","description":"Fitmin for Life Castrate Beef ir pilnv\u0113rt\u012bga saus\u0101 bar\u012bba pieaugu\u0161iem steriliz\u0113tiem\/kastr\u0113tiem ka\u0137iem, kas satur 84 % dz\u012bvnieku olbaltumvielu. Garda granulu formula"},"iawp_total_views":521},"product_brand":[],"product_cat":[9042,72,83,25,9016],"product_tag":[1671,1817,1965,1675,1682,1966],"class_list":{"0":"post-23807","1":"product","2":"type-product","3":"status-publish","4":"has-post-thumbnail","6":"product_cat-fitmin-for-life-katems","7":"product_cat-kaciu-maistas","8":"product_cat-kaciu-prekiu-gamintojai","9":"product_cat-katems","10":"product_cat-sausas-maistas-kaciu-maistas","11":"product_tag-begrudis-kaciu-maistas","12":"product_tag-edalas-katems","13":"product_tag-fitmin-maistas-sterilizuotoms-katems","14":"product_tag-kaciu-edalas","15":"product_tag-kaciu-maistas-super-premium-klases","16":"product_tag-maistas-kastruotam-katinui","17":"pa_pasaro-sudetis-jautiena","18":"pa_prekiu-zenklai-fitmin-for-life","20":"first","21":"instock","22":"featured","23":"taxable","24":"shipping-taxable","25":"purchasable","26":"product-type-variable"},"acf":[],"_links":{"self":[{"href":"https:\/\/zooprekes24.lt\/lv\/wp-json\/wp\/v2\/product\/23807","targetHints":{"allow":["GET"]}}],"collection":[{"href":"https:\/\/zooprekes24.lt\/lv\/wp-json\/wp\/v2\/product"}],"about":[{"href":"https:\/\/zooprekes24.lt\/lv\/wp-json\/wp\/v2\/types\/product"}],"replies":[{"embeddable":true,"href":"https:\/\/zooprekes24.lt\/lv\/wp-json\/wp\/v2\/comments?post=23807"}],"wp:featuredmedia":[{"embeddable":true,"href":"https:\/\/zooprekes24.lt\/lv\/wp-json\/wp\/v2\/media\/20350"}],"wp:attachment":[{"href":"https:\/\/zooprekes24.lt\/lv\/wp-json\/wp\/v2\/media?parent=23807"}],"wp:term":[{"taxonomy":"product_brand","embeddable":true,"href":"https:\/\/zooprekes24.lt\/lv\/wp-json\/wp\/v2\/product_brand?post=23807"},{"taxonomy":"product_cat","embeddable":true,"href":"https:\/\/zooprekes24.lt\/lv\/wp-json\/wp\/v2\/product_cat?post=23807"},{"taxonomy":"product_tag","embeddable":true,"href":"https:\/\/zooprekes24.lt\/lv\/wp-json\/wp\/v2\/product_tag?post=23807"}],"curies":[{"name":"wp","href":"https:\/\/api.w.org\/{rel}","templated":true}]}}