{"id":23801,"date":"2024-04-19T13:25:03","date_gmt":"2024-04-19T10:25:03","guid":{"rendered":"https:\/\/zooprekes24.lt\/produktas\/orijen-guardian-8-sausas-maistas-katems\/"},"modified":"2026-03-31T15:18:46","modified_gmt":"2026-03-31T13:18:46","slug":"orijen-guardian-8-sausa-kaku-bariba","status":"publish","type":"product","link":"https:\/\/zooprekes24.lt\/lv\/produktas\/orijen-guardian-8-sausas-maistas-katems\/","title":{"rendered":"Orijen Guardian 8 saus\u0101 ka\u0137u bar\u012bba"},"content":{"rendered":"<h3>Orijen Guardian 8 ir sausa ka\u0137u bar\u012bba ar sast\u0101vu, kas var pal\u012bdz\u0113t nov\u0113rst asto\u0146as izplat\u012btas ka\u0137u kaites. \u0160\u012b recepte ir bag\u0101ta ar svaig\u0101m un nep\u0101rstr\u0101d\u0101t\u0101m dz\u012bvnieku izcelsmes sast\u0101vda\u013c\u0101m, lai atbalst\u012btu j\u016bsu m\u012blu\u013ca labsaj\u016btu un vesel\u012bbu. Viss tiek pieg\u0101d\u0101ts svaigs <a href=\"https:\/\/orijen.ca\/en-CA\/orijen-about-fresh_regional_ingredients.html\" target=\"_blank\" rel=\"noopener\">WholePrey\u2122<\/a> j\u0113dziens (kop\u0113j\u0101 laup\u012bjuma).<\/h3>\n<ol>\n<li>Taur\u012bns no m\u0101jputniem, ziv\u012bm un ol\u0101m pal\u012bdz uztur\u0113t norm\u0101lu sirds darb\u012bbu.<\/li>\n<li>DHA un EPA no ziv\u012bm un antioksidanti no aug\u013ciem un d\u0101rze\u0146iem pal\u012bdz uztur\u0113t sp\u0113c\u012bgu im\u016bnsist\u0113mu.<\/li>\n<li>Omega-3 tauksk\u0101bes no polloku e\u013c\u013cas pal\u012bdz uztur\u0113t norm\u0101lu loc\u012btavu vesel\u012bbu.<\/li>\n<li>Omega-3 tauksk\u0101bes no polloku e\u013c\u013cas pal\u012bdz uztur\u0113t vesel\u012bgu \u0101du un sp\u012bd\u012bgu ka\u017eoku.<\/li>\n<li>Prebiotikas no cigori\u0146u sakn\u0113m un \u0161\u0137iedrvielas no aug\u013ciem un d\u0101rze\u0146iem pal\u012bdz uztur\u0113t norm\u0101lu gremo\u0161anu.<\/li>\n<li>Dz\u012bvnieku izcelsmes sast\u0101vda\u013cas, piem\u0113ram, vistas ga\u013ca, lasis un t\u012btars, pal\u012bdz uztur\u0113t norm\u0101lu musku\u013cu vesel\u012bbu.<\/li>\n<li>DHA un EPA no pollaku e\u013c\u013cas un argin\u012bns no m\u0101jputnu ga\u013cas un ziv\u012bm pal\u012bdz uztur\u0113t norm\u0101lu smadze\u0146u darb\u012bbu.<\/li>\n<li>Taur\u012bns un A vitam\u012bns no dz\u012bvnieku izcelsmes sast\u0101vda\u013c\u0101m, piem\u0113ram, vistas un t\u012btara akn\u0101m, pal\u012bdz uztur\u0113t norm\u0101lu acu darb\u012bbu.<\/li>\n<\/ol>\n<p>T\u0101 k\u0101 2\/3 ga\u013cas katr\u0101 kumos\u0101 ir svaiga vai j\u0113la, tas nodro\u0161ina j\u016bsu ka\u0137im nepiecie\u0161am\u0101s dabisk\u0101s bar\u012bbas vielas. Atlikus\u012b 1\/3 ga\u013cas tiek \u017e\u0101v\u0113ta zem\u0101 temperat\u016br\u0101, lai rad\u012btu koncentr\u0113tu uzturv\u0113rt\u012bgu olbaltumvielu avotu, ko nevar nodro\u0161in\u0101t tikai svaiga ga\u013ca. Guardian 8 satur uzturviel\u0101m bag\u0101tas sast\u0101vda\u013cas, kas pal\u012bdz uztur\u0113t j\u016bsu ka\u0137a visp\u0101r\u0113jo vesel\u012bbu un nodro\u0161ina pat 8 priek\u0161roc\u012bbas. Orijen Guardian 8 satur <a href=\"https:\/\/zooprekes24.lt\/lv\/kategorija\/prekes-katems\/pilu-produktu-razotaji\/orijen-katems\/\" target=\"_blank\" rel=\"noopener\">daudz svaigas ga\u013cas<\/a>, iek\u0161\u0113jiem org\u0101niem un kauliem, lai j\u016bsu ka\u0137is dabisk\u0101 veid\u0101 sa\u0146emtu tam nepiecie\u0161am\u0101s uzturvielas un miner\u0101lvielas. Izgatavots godalgot\u0101s virtuv\u0113s no lab\u0101kaj\u0101m un svaig\u0101kaj\u0101m sast\u0101vda\u013c\u0101m, <a href=\"https:\/\/orijen.ca\/en-CA\/orijen-about-biologically_appropriate.html\" target=\"_blank\" rel=\"noopener\">Biolo\u0123iski piem\u0113rots\u2122<\/a> (Biolo\u0123iski atbilsto\u0161a) formula garant\u0113 vesel\u012bgu un laim\u012bgu ka\u0137i.<\/p>","protected":false},"excerpt":{"rendered":"<p>Orijen Guardian 8 yra sausas maistas kat\u0117ms, kurio sud\u0117tis gali pad\u0117ti i\u0161vengti a\u0161tuoni\u0173 kat\u0117ms da\u017eniausiai pasitaikan\u010di\u0173 negalavim\u0173. \u0160iame recepte gausu \u0161vie\u017ei\u0173 ir neapdirbt\u0173 gyv\u016bnini\u0173 ingredient\u0173, kad palaikyti ger\u0105 augintinio savijaut\u0105 ir sveikat\u0105.\u00a0Viskas pristatoma \u0161vie\u017eia laikantis WholePrey\u2122 (viso grobio) koncepcijos. Taurinas i\u0161 pauk\u0161tienos, \u017euvies ir kiau\u0161iniu padeda palaikyti normali\u0105 \u0161irdies veikl\u0105. DHR ir EPA i\u0161 \u017euvies&#8230;<\/p>","protected":false},"featured_media":20348,"comment_status":"closed","ping_status":"closed","template":"","meta":{"_acf_changed":false,"slim_seo":{"title":"Orijen Guardian 8 sausas maistas kat\u0117ms - Zooprekes24","description":"Orijen Guardian 8 ir sausa ka\u0137u bar\u012bba ar sast\u0101vu, kas var pal\u012bdz\u0113t nov\u0113rst asto\u0146as izplat\u012btas ka\u0137u kaites. \u0160\u012b recepte ir bag\u0101ta ar svaigu"},"iawp_total_views":838},"product_brand":[],"product_cat":[9027,72,83,25,9028,9016],"product_tag":[1671,1817,1675,1682,1696],"class_list":{"0":"post-23801","1":"product","2":"type-product","3":"status-publish","4":"has-post-thumbnail","6":"product_cat-begrudis-maistas-kaciu-maistas","7":"product_cat-kaciu-maistas","8":"product_cat-kaciu-prekiu-gamintojai","9":"product_cat-katems","10":"product_cat-orijen-kaciu-prekiu-gamintojai","11":"product_cat-sausas-maistas-kaciu-maistas","12":"product_tag-begrudis-kaciu-maistas","13":"product_tag-edalas-katems","14":"product_tag-kaciu-edalas","15":"product_tag-kaciu-maistas-super-premium-klases","16":"product_tag-super-premium-maistas-katems","17":"pa_pasaro-sudetis-darzoves","18":"pa_pasaro-sudetis-kalakutiena","19":"pa_pasaro-sudetis-kepeneles","20":"pa_pasaro-sudetis-kiausiniai","21":"pa_pasaro-sudetis-lasisa","22":"pa_pasaro-sudetis-triusiena","23":"pa_pasaro-sudetis-uogos","24":"pa_pasaro-sudetis-vaisiai","25":"pa_pasaro-sudetis-vistiena","26":"pa_pasaro-sudetis-zuvis","27":"pa_prekiu-zenklai-orijen","29":"first","30":"instock","31":"featured","32":"taxable","33":"shipping-taxable","34":"purchasable","35":"product-type-variable"},"acf":[],"_links":{"self":[{"href":"https:\/\/zooprekes24.lt\/lv\/wp-json\/wp\/v2\/product\/23801","targetHints":{"allow":["GET"]}}],"collection":[{"href":"https:\/\/zooprekes24.lt\/lv\/wp-json\/wp\/v2\/product"}],"about":[{"href":"https:\/\/zooprekes24.lt\/lv\/wp-json\/wp\/v2\/types\/product"}],"replies":[{"embeddable":true,"href":"https:\/\/zooprekes24.lt\/lv\/wp-json\/wp\/v2\/comments?post=23801"}],"wp:featuredmedia":[{"embeddable":true,"href":"https:\/\/zooprekes24.lt\/lv\/wp-json\/wp\/v2\/media\/20348"}],"wp:attachment":[{"href":"https:\/\/zooprekes24.lt\/lv\/wp-json\/wp\/v2\/media?parent=23801"}],"wp:term":[{"taxonomy":"product_brand","embeddable":true,"href":"https:\/\/zooprekes24.lt\/lv\/wp-json\/wp\/v2\/product_brand?post=23801"},{"taxonomy":"product_cat","embeddable":true,"href":"https:\/\/zooprekes24.lt\/lv\/wp-json\/wp\/v2\/product_cat?post=23801"},{"taxonomy":"product_tag","embeddable":true,"href":"https:\/\/zooprekes24.lt\/lv\/wp-json\/wp\/v2\/product_tag?post=23801"}],"curies":[{"name":"wp","href":"https:\/\/api.w.org\/{rel}","templated":true}]}}