{"id":23784,"date":"2024-04-19T13:24:54","date_gmt":"2024-04-19T10:24:54","guid":{"rendered":"https:\/\/zooprekes24.lt\/produktas\/royal-canin-renal-chicken-konservai\/"},"modified":"2025-07-28T19:14:26","modified_gmt":"2025-07-28T17:14:26","slug":"royal-canin-nieru-vistas-konservi","status":"publish","type":"product","link":"https:\/\/zooprekes24.lt\/lv\/produktas\/royal-canin-renal-chicken-konservai\/","title":{"rendered":"Royal Canin Renal Chicken konservai kat\u0117ms pada\u017ee"},"content":{"rendered":"<div id=\"&quot;product_title_strong&quot;\">\n<div id=\"&quot;product_title_strong&quot;\">\n<h3>Detaliz\u0113ta inform\u0101cija par Royal Canin Renal Chicken Konservi ka\u0137iem pa\u0161laik tiek izstr\u0101d\u0101ta.<\/h3>\n<\/div>\n<\/div>\n<p><img loading=\"lazy\" decoding=\"async\" class=\"alignnone wp-image-8361\" src=\"https:\/\/zooprekes24.lt\/wp-content\/uploads\/vhn-all-territories-packaging-emblematic-all-adult-cat.png\" alt=\"Royal Canin VD Cat Gastro Intestinal logo\" width=\"320\" height=\"341\" \/><\/p>","protected":false},"excerpt":{"rendered":"<p>Detaliz\u0113ta inform\u0101cija par Royal Canin Renal Chicken Konservi ka\u0137iem pa\u0161laik tiek izstr\u0101d\u0101ta.<\/p>","protected":false},"featured_media":18574,"comment_status":"closed","ping_status":"closed","template":"","meta":{"_acf_changed":false,"slim_seo":{"title":"Royal Canin Renal Chicken konservai kat\u0117ms pada\u017ee - Zooprekes24","description":"Detaliz\u0113ta inform\u0101cija par Royal Canin Renal Chicken Konservi ka\u0137iem pa\u0161laik tiek izstr\u0101d\u0101ta."},"iawp_total_views":613},"product_brand":[],"product_cat":[72,83,25,9242,9020,9037],"product_tag":[1671,2322,1817,1675,1682,1696],"class_list":{"0":"post-23784","1":"product","2":"type-product","3":"status-publish","4":"has-post-thumbnail","6":"product_cat-kaciu-maistas","7":"product_cat-kaciu-prekiu-gamintojai","8":"product_cat-katems","9":"product_cat-royal-canin-veterinary-diets-katems","10":"product_cat-slapias-maistas-kaciu-maistas","11":"product_cat-veterinarine-dieta-kaciu-maistas","12":"product_tag-begrudis-kaciu-maistas","13":"product_tag-dietinis-edalas-katems","14":"product_tag-edalas-katems","15":"product_tag-kaciu-edalas","16":"product_tag-kaciu-maistas-super-premium-klases","17":"product_tag-super-premium-maistas-katems","18":"pa_pasaro-sudetis-kiauliena","19":"pa_pasaro-sudetis-vistiena","20":"pa_prekiu-zenklai-royal-canin-veterinary-diets","22":"first","23":"instock","24":"featured","25":"taxable","26":"shipping-taxable","27":"purchasable","28":"product-type-variable"},"acf":[],"_links":{"self":[{"href":"https:\/\/zooprekes24.lt\/lv\/wp-json\/wp\/v2\/product\/23784","targetHints":{"allow":["GET"]}}],"collection":[{"href":"https:\/\/zooprekes24.lt\/lv\/wp-json\/wp\/v2\/product"}],"about":[{"href":"https:\/\/zooprekes24.lt\/lv\/wp-json\/wp\/v2\/types\/product"}],"replies":[{"embeddable":true,"href":"https:\/\/zooprekes24.lt\/lv\/wp-json\/wp\/v2\/comments?post=23784"}],"wp:featuredmedia":[{"embeddable":true,"href":"https:\/\/zooprekes24.lt\/lv\/wp-json\/wp\/v2\/media\/18574"}],"wp:attachment":[{"href":"https:\/\/zooprekes24.lt\/lv\/wp-json\/wp\/v2\/media?parent=23784"}],"wp:term":[{"taxonomy":"product_brand","embeddable":true,"href":"https:\/\/zooprekes24.lt\/lv\/wp-json\/wp\/v2\/product_brand?post=23784"},{"taxonomy":"product_cat","embeddable":true,"href":"https:\/\/zooprekes24.lt\/lv\/wp-json\/wp\/v2\/product_cat?post=23784"},{"taxonomy":"product_tag","embeddable":true,"href":"https:\/\/zooprekes24.lt\/lv\/wp-json\/wp\/v2\/product_tag?post=23784"}],"curies":[{"name":"wp","href":"https:\/\/api.w.org\/{rel}","templated":true}]}}