{"id":23774,"date":"2024-04-19T13:24:54","date_gmt":"2024-04-19T10:24:54","guid":{"rendered":"https:\/\/zooprekes24.lt\/produktas\/royal-canin-early-renal-maistas-katems\/"},"modified":"2025-07-28T18:41:20","modified_gmt":"2025-07-28T16:41:20","slug":"royal-canin-early-renal-maistas-katems","status":"publish","type":"product","link":"https:\/\/zooprekes24.lt\/lv\/produktas\/royal-canin-early-renal-maistas-katems\/","title":{"rendered":"Royal Canin Early Renal saus\u0101 ka\u0137u bar\u012bba"},"content":{"rendered":"<h3>Detaliz\u0113ta inform\u0101cija par Royal Canin Early Renal sauso bar\u012bbu ka\u0137iem pa\u0161laik tiek izstr\u0101d\u0101ta.<\/h3>\n<p><img loading=\"lazy\" decoding=\"async\" class=\"alignnone wp-image-8361\" src=\"https:\/\/zooprekes24.lt\/wp-content\/uploads\/vhn-all-territories-packaging-emblematic-all-adult-cat.png\" alt=\"Royal Canin VD Cat Gastro Intestinal logo\" width=\"320\" height=\"341\" \/><\/p>","protected":false},"excerpt":{"rendered":"<p>Detaliz\u0113ta inform\u0101cija par Royal Canin Early Renal sauso bar\u012bbu ka\u0137iem pa\u0161laik tiek izstr\u0101d\u0101ta.<\/p>","protected":false},"featured_media":20334,"comment_status":"closed","ping_status":"closed","template":"","meta":{"_acf_changed":false,"slim_seo":{"title":"Royal Canin Early Renal sausas maistas kat\u0117ms - Zooprekes24","description":"Detaliz\u0113ta inform\u0101cija par Royal Canin Early Renal sauso bar\u012bbu ka\u0137iem pa\u0161laik tiek izstr\u0101d\u0101ta."},"iawp_total_views":428},"product_brand":[],"product_cat":[72,83,25,9242,9016,9037],"product_tag":[2322,1817,4855,1675,4856,3297,1696],"class_list":{"0":"post-23774","1":"product","2":"type-product","3":"status-publish","4":"has-post-thumbnail","6":"product_cat-kaciu-maistas","7":"product_cat-kaciu-prekiu-gamintojai","8":"product_cat-katems","9":"product_cat-royal-canin-veterinary-diets-katems","10":"product_cat-sausas-maistas-kaciu-maistas","11":"product_cat-veterinarine-dieta-kaciu-maistas","12":"product_tag-dietinis-edalas-katems","13":"product_tag-edalas-katems","14":"product_tag-inkstu-nepakankamumas-katems","15":"product_tag-kaciu-edalas","16":"product_tag-kaciu-inkstu-ligos","17":"product_tag-maistas-katei-jautriam-skrandziui","18":"product_tag-super-premium-maistas-katems","19":"pa_pasaro-sudetis-ryziai","20":"pa_pasaro-sudetis-vistiena","21":"pa_prekiu-zenklai-royal-canin-veterinary-diets","23":"first","24":"instock","25":"featured","26":"taxable","27":"shipping-taxable","28":"purchasable","29":"product-type-variable"},"acf":[],"_links":{"self":[{"href":"https:\/\/zooprekes24.lt\/lv\/wp-json\/wp\/v2\/product\/23774","targetHints":{"allow":["GET"]}}],"collection":[{"href":"https:\/\/zooprekes24.lt\/lv\/wp-json\/wp\/v2\/product"}],"about":[{"href":"https:\/\/zooprekes24.lt\/lv\/wp-json\/wp\/v2\/types\/product"}],"replies":[{"embeddable":true,"href":"https:\/\/zooprekes24.lt\/lv\/wp-json\/wp\/v2\/comments?post=23774"}],"wp:featuredmedia":[{"embeddable":true,"href":"https:\/\/zooprekes24.lt\/lv\/wp-json\/wp\/v2\/media\/20334"}],"wp:attachment":[{"href":"https:\/\/zooprekes24.lt\/lv\/wp-json\/wp\/v2\/media?parent=23774"}],"wp:term":[{"taxonomy":"product_brand","embeddable":true,"href":"https:\/\/zooprekes24.lt\/lv\/wp-json\/wp\/v2\/product_brand?post=23774"},{"taxonomy":"product_cat","embeddable":true,"href":"https:\/\/zooprekes24.lt\/lv\/wp-json\/wp\/v2\/product_cat?post=23774"},{"taxonomy":"product_tag","embeddable":true,"href":"https:\/\/zooprekes24.lt\/lv\/wp-json\/wp\/v2\/product_tag?post=23774"}],"curies":[{"name":"wp","href":"https:\/\/api.w.org\/{rel}","templated":true}]}}