{"id":23756,"date":"2024-04-19T13:24:39","date_gmt":"2024-04-19T10:24:39","guid":{"rendered":"https:\/\/zooprekes24.lt\/produktas\/brit-veterinary-diets-diabetes-cat-wet\/"},"modified":"2026-03-09T12:48:56","modified_gmt":"2026-03-09T10:48:56","slug":"britu-veterinaras-dietas-kaku-diabets-mitrs","status":"publish","type":"product","link":"https:\/\/zooprekes24.lt\/lv\/produktas\/brit-veterinary-diets-diabetes-cat-wet\/","title":{"rendered":"Brit Veterinary Diets Diabetes konservi ka\u0137iem"},"content":{"rendered":"<h3>Brit Veterinary Diets Diabetes ir pilnv\u0113rt\u012bga un sabalans\u0113ta di\u0113ta ka\u0137iem diab\u0113ta \u0101rst\u0113\u0161anai. Gar\u0161\u012bga j\u0113ra ga\u013cas un zir\u0146u formula.<\/h3>\n<h3><span style=\"color: #c1cd9e;\">Lieto\u0161anai ir piem\u0113rota mitra bar\u012bba:<\/span><\/h3>\n<ul>\n<li>Ja j\u016bsu dz\u012bvniekam ir cukura diab\u0113ts.<\/li>\n<li>Lai uztur\u0113tu ka\u0137a optim\u0101lo svaru.<\/li>\n<li><a href=\"https:\/\/zooprekes24.lt\/lv\/kategorija\/prekes-katems\/ciema-partika\/slapias-kaciu-maistas\/\" target=\"_blank\" rel=\"noopener\">P\u0101rtikas konservi<\/a> piem\u0113rots jebkura vecuma ka\u0137iem.<\/li>\n<li>Brit Veterinary Diets nesatur lipekli, soju un \u0122MO.<\/li>\n<li>Lai sasniegtu vislab\u0101ko un efekt\u012bv\u0101ko rezult\u0101tu, ieteicams lietot kop\u0101 ar <a href=\"https:\/\/britvetdiets.com\/\" target=\"_blank\" rel=\"noopener\">Brit veterin\u0101r\u0101s di\u0113tas<\/a> saus\u0101 p\u0101rtika.<\/li>\n<\/ul>\n<p><a ref=\"magnificPopup\" href=\"https:\/\/zooprekes24.lt\/wp-content\/uploads\/Brit-Veterinary-Diets-Grain-free-logo.png\"><img loading=\"lazy\" decoding=\"async\" class=\"alignnone wp-image-16429\" src=\"https:\/\/zooprekes24.lt\/wp-content\/uploads\/Brit-Veterinary-Diets-Grain-free-logo.png\" alt=\"Brit Veterinary Diets Grain-free logo\" width=\"150\" height=\"151\" \/><\/a><\/p>","protected":false},"excerpt":{"rendered":"<p>Brit Veterinary Diets Diabetes &#8211; visavertis ir subalansuotas dietinis pa\u0161aras kat\u0117ms skirtas palaikyti cukrinio diabeto gydym\u0105.\u00a0Gardi \u0117rienos ir \u017eirneli\u0173 formul\u0117. \u0160lapias maistas tinkamas naudojimui: Jeigu augintinis serga cukriniu diabetu. Norint palaikyti optimal\u0173 kat\u0117s svor\u012f. Konservai tinkami visoms am\u017eiaus grupi\u0173 kat\u0117ms. Brit Veterinary Diets sud\u0117tyje n\u0117ra naudojamas glitimas, sojos ir GMO. Siekiant geriausio ir efektyviausio rezultato&#8230;<\/p>","protected":false},"featured_media":45591,"comment_status":"closed","ping_status":"closed","template":"","meta":{"_acf_changed":false,"slim_seo":{"title":"Brit Veterinary Diets Diabetes konservai kat\u0117ms - Zooprekes24","description":"Brit Veterinary Diets Diabetes ir pilnv\u0113rt\u012bga un sabalans\u0113ta di\u0113ta ka\u0137iem diab\u0113ta \u0101rst\u0113\u0161anai. Gar\u0161\u012bga j\u0113ra ga\u013cas un zir\u0146u formula"},"iawp_total_views":93},"product_brand":[],"product_cat":[9234,72,83,25,9020,9037],"product_tag":[4971,1643,1644,1646,1650,2173],"class_list":{"0":"post-23756","1":"product","2":"type-product","3":"status-publish","4":"has-post-thumbnail","6":"product_cat-brit-veterinary-diets-katems","7":"product_cat-kaciu-maistas","8":"product_cat-kaciu-prekiu-gamintojai","9":"product_cat-katems","10":"product_cat-slapias-maistas-kaciu-maistas","11":"product_cat-veterinarine-dieta-kaciu-maistas","12":"product_tag-brit-care-konservuotas-edalas-katems","13":"product_tag-brit-care-veterinariniai-konservai","14":"product_tag-brit-konservai-skardineje","15":"product_tag-brit-vd-konservai","16":"product_tag-brit-veterinariniai-konservai","17":"product_tag-konservuotas-maistas-katems","18":"pa_pasaro-sudetis-darzoves","19":"pa_pasaro-sudetis-eriena","20":"pa_prekiu-zenklai-brit-veterinary-diets","22":"first","23":"instock","24":"featured","25":"taxable","26":"shipping-taxable","27":"purchasable","28":"product-type-variable"},"acf":[],"_links":{"self":[{"href":"https:\/\/zooprekes24.lt\/lv\/wp-json\/wp\/v2\/product\/23756","targetHints":{"allow":["GET"]}}],"collection":[{"href":"https:\/\/zooprekes24.lt\/lv\/wp-json\/wp\/v2\/product"}],"about":[{"href":"https:\/\/zooprekes24.lt\/lv\/wp-json\/wp\/v2\/types\/product"}],"replies":[{"embeddable":true,"href":"https:\/\/zooprekes24.lt\/lv\/wp-json\/wp\/v2\/comments?post=23756"}],"wp:featuredmedia":[{"embeddable":true,"href":"https:\/\/zooprekes24.lt\/lv\/wp-json\/wp\/v2\/media\/45591"}],"wp:attachment":[{"href":"https:\/\/zooprekes24.lt\/lv\/wp-json\/wp\/v2\/media?parent=23756"}],"wp:term":[{"taxonomy":"product_brand","embeddable":true,"href":"https:\/\/zooprekes24.lt\/lv\/wp-json\/wp\/v2\/product_brand?post=23756"},{"taxonomy":"product_cat","embeddable":true,"href":"https:\/\/zooprekes24.lt\/lv\/wp-json\/wp\/v2\/product_cat?post=23756"},{"taxonomy":"product_tag","embeddable":true,"href":"https:\/\/zooprekes24.lt\/lv\/wp-json\/wp\/v2\/product_tag?post=23756"}],"curies":[{"name":"wp","href":"https:\/\/api.w.org\/{rel}","templated":true}]}}