{"id":23744,"date":"2024-04-19T13:24:29","date_gmt":"2024-04-19T10:24:29","guid":{"rendered":"https:\/\/zooprekes24.lt\/produktas\/brit-veterinary-diets-struvite-cat-wet\/"},"modified":"2026-02-10T15:15:56","modified_gmt":"2026-02-10T13:15:56","slug":"britu-veterinaras-dietas-struvita-kakis-mitrs","status":"publish","type":"product","link":"https:\/\/zooprekes24.lt\/lv\/produktas\/brit-veterinary-diets-struvite-cat-wet\/","title":{"rendered":"Brit Veterinary Diets Struvite konservi ka\u0137iem"},"content":{"rendered":"<h3>Brit Veterinary Diets Struvite ir pilnv\u0113rt\u012bgs un sabalans\u0113ts uzturs ka\u0137iem ar ur\u012bnce\u013cu darb\u012bbas trauc\u0113jumiem. Gar\u0161\u012bga t\u012btara un zir\u0146u formula.<\/h3>\n<h3><span style=\"color: #a8cfca;\">Lieto\u0161anai ir piem\u0113rota mitra bar\u012bba:<\/span><\/h3>\n<ul>\n<li>Struv\u012bta krist\u0101lu vai akme\u0146u \u0161\u0137\u012bdin\u0101\u0161anai un profilaksei.<\/li>\n<li>K\u0101 da\u013ca no ka\u0137u ur\u012bnce\u013cu bakteri\u0101lo infekciju terapijas.<\/li>\n<li>Krist\u0101lisk\u0101 struv\u012bta profilaksei m\u0101jdz\u012bvniekiem.<\/li>\n<li><a href=\"https:\/\/zooprekes24.lt\/lv\/kategorija\/prekes-katems\/ciema-partika\/slapias-kaciu-maistas\/\" target=\"_blank\" rel=\"noopener\">P\u0101rtikas konservi<\/a> piem\u0113rots jebkura vecuma ka\u0137iem.<\/li>\n<li>Brit Veterinary Diets Struvite neizmanto lipekli, soju vai \u0122MO.<\/li>\n<li>Lai sasniegtu vislab\u0101ko un efekt\u012bv\u0101ko rezult\u0101tu, ieteicams lietot kop\u0101 ar <a href=\"https:\/\/britvetdiets.com\/\" target=\"_blank\" rel=\"noopener\">Brit veterin\u0101r\u0101s di\u0113tas<\/a> saus\u0101 p\u0101rtika.<\/li>\n<\/ul>\n<p><a ref=\"magnificPopup\" href=\"https:\/\/zooprekes24.lt\/wp-content\/uploads\/Brit-Veterinary-Diets-Grain-free-logo.png\"><img loading=\"lazy\" decoding=\"async\" class=\"alignnone wp-image-16429\" src=\"https:\/\/zooprekes24.lt\/wp-content\/uploads\/Brit-Veterinary-Diets-Grain-free-logo.png\" alt=\"Brit Veterinary Diets Grain-free logo\" width=\"150\" height=\"151\" \/><\/a><\/p>\n<p>&nbsp;<\/p>","protected":false},"excerpt":{"rendered":"<p>Brit Veterinary Diets Struvite &#8211; visavertis ir subalansuotas dietinis pa\u0161aras skirtas kat\u0117ms su \u0161lapimo tak\u0173 susirgimais. Gardi kalakutienos ir \u017eirneli\u0173 formul\u0117. \u0160lapias maistas tinkamas naudojimui: Siekiant i\u0161tirpinti struvito kristalus ar akmenis bei j\u0173 profilaktikai. Kaip terapijos dalis esant ka\u010di\u0173 \u0161lapimo tak\u0173 bakterin\u0117ms infekcijoms. Augintinio struvito kristal\u0173 profilaktikai. Konservai tinkami vis\u0173 am\u017eiaus grupi\u0173 kat\u0117ms. Brit Veterinary&#8230;<\/p>","protected":false},"featured_media":45593,"comment_status":"closed","ping_status":"closed","template":"","meta":{"_acf_changed":false,"slim_seo":{"title":"Brit Veterinary Diets Struvite konservai kat\u0117ms - Zooprekes24","description":"Brit Veterinary Diets Struvite ir pilnv\u0113rt\u012bga un sabalans\u0113ta di\u0113ta ka\u0137iem ar ur\u012bnce\u013cu darb\u012bbas trauc\u0113jumiem. Gar\u0161\u012bga t\u012btara un zir\u0146u formula"},"iawp_total_views":154},"product_brand":[],"product_cat":[9234,72,83,25,9020,9037],"product_tag":[4971,1643,1644,1646,1650,1850,4783,2173],"class_list":{"0":"post-23744","1":"product","2":"type-product","3":"status-publish","4":"has-post-thumbnail","6":"product_cat-brit-veterinary-diets-katems","7":"product_cat-kaciu-maistas","8":"product_cat-kaciu-prekiu-gamintojai","9":"product_cat-katems","10":"product_cat-slapias-maistas-kaciu-maistas","11":"product_cat-veterinarine-dieta-kaciu-maistas","12":"product_tag-brit-care-konservuotas-edalas-katems","13":"product_tag-brit-care-veterinariniai-konservai","14":"product_tag-brit-konservai-skardineje","15":"product_tag-brit-vd-konservai","16":"product_tag-brit-veterinariniai-konservai","17":"product_tag-kates-slapimo-takams","18":"product_tag-konservai-nuo-struvitu","19":"product_tag-konservuotas-maistas-katems","20":"pa_pasaro-sudetis-darzoves","21":"pa_pasaro-sudetis-kalakutiena","22":"pa_prekiu-zenklai-brit-veterinary-diets","24":"first","25":"instock","26":"featured","27":"taxable","28":"shipping-taxable","29":"purchasable","30":"product-type-variable"},"acf":[],"_links":{"self":[{"href":"https:\/\/zooprekes24.lt\/lv\/wp-json\/wp\/v2\/product\/23744","targetHints":{"allow":["GET"]}}],"collection":[{"href":"https:\/\/zooprekes24.lt\/lv\/wp-json\/wp\/v2\/product"}],"about":[{"href":"https:\/\/zooprekes24.lt\/lv\/wp-json\/wp\/v2\/types\/product"}],"replies":[{"embeddable":true,"href":"https:\/\/zooprekes24.lt\/lv\/wp-json\/wp\/v2\/comments?post=23744"}],"wp:featuredmedia":[{"embeddable":true,"href":"https:\/\/zooprekes24.lt\/lv\/wp-json\/wp\/v2\/media\/45593"}],"wp:attachment":[{"href":"https:\/\/zooprekes24.lt\/lv\/wp-json\/wp\/v2\/media?parent=23744"}],"wp:term":[{"taxonomy":"product_brand","embeddable":true,"href":"https:\/\/zooprekes24.lt\/lv\/wp-json\/wp\/v2\/product_brand?post=23744"},{"taxonomy":"product_cat","embeddable":true,"href":"https:\/\/zooprekes24.lt\/lv\/wp-json\/wp\/v2\/product_cat?post=23744"},{"taxonomy":"product_tag","embeddable":true,"href":"https:\/\/zooprekes24.lt\/lv\/wp-json\/wp\/v2\/product_tag?post=23744"}],"curies":[{"name":"wp","href":"https:\/\/api.w.org\/{rel}","templated":true}]}}