{"id":23735,"date":"2024-04-19T13:24:29","date_gmt":"2024-04-19T10:24:29","guid":{"rendered":"https:\/\/zooprekes24.lt\/produktas\/brit-veterinary-diets-hypo-dog-wet\/"},"modified":"2026-01-12T15:49:22","modified_gmt":"2026-01-12T13:49:22","slug":"britu-veterinaras-dietas-hipo-sunu-mitras","status":"publish","type":"product","link":"https:\/\/zooprekes24.lt\/lv\/produktas\/brit-veterinary-diets-hypo-dog-wet\/","title":{"rendered":"Brit Veterinary Diets Hipoaler\u0123iska konservu bar\u012bba su\u0146iem"},"content":{"rendered":"<h3>Brit Veterinary Diets Hypoallergenic &#8211; visavertis ir subalansuotas hipoalerginis dietinis pa\u0161aras skirtas \u0161unims su dermatologin\u0117mis ir vir\u0161kinimo problemomis, atsiradusiomis d\u0117l nepageidaujam\u0173 reakcij\u0173 \u012f maist\u0105. Gardi la\u0161i\u0161os formul\u0117.<\/h3>\n<h3><span style=\"color: #e8c0c8;\">Lieto\u0161anai ir piem\u0113rota mitra bar\u012bba:<\/span><\/h3>\n<ul>\n<li>Ja rodas nev\u0113lama reakcija uz p\u0101rtiku ar dermatolo\u0123iskiem simptomiem.<\/li>\n<li>Dermatolo\u0123isko trauc\u0113jumu (aler\u0123iju, atopisk\u0101 dermat\u012bta un ot\u012bta) terapeitisk\u0101s \u0101rst\u0113\u0161anas ietvaros.<\/li>\n<li>Ja nov\u0113rojat, ka j\u016bsu m\u0101jdz\u012bvniekam ir nev\u0113lamas reakcijas uz bar\u012bbu ar ku\u0146\u0123a un zarnu trakta darb\u012bbas trauc\u0113jumu simptomiem.<\/li>\n<li>Ku\u0146\u0123a un zarnu trakta trauc\u0113jumu (hroniskas caurejas, zarnu iekaisuma slim\u012bbu) terapeitisk\u0101s \u0101rst\u0113\u0161anas ietvaros.<\/li>\n<li><a href=\"https:\/\/zooprekes24.lt\/lv\/?s=konservai&amp;post_type=product\">P\u0101rtikas konservi<\/a> piem\u0113rots jebkura lieluma un vecuma su\u0146iem.<\/li>\n<li>Brit Veterinary Diets Hypoallergenic neizmanto lipekli, soju vai \u0122MO.<\/li>\n<li>Lai sasniegtu vislab\u0101ko un efekt\u012bv\u0101ko rezult\u0101tu, ieteicams lietot kop\u0101 ar <a href=\"https:\/\/britvetdiets.com\/\" target=\"_blank\" rel=\"noopener\">Brit veterin\u0101r\u0101s di\u0113tas<\/a> saus\u0101 p\u0101rtika.<\/li>\n<\/ul>\n<p><a ref=\"magnificPopup\" href=\"https:\/\/zooprekes24.lt\/wp-content\/uploads\/Brit-Veterinary-Diets-Grain-free-logo.png\"><img loading=\"lazy\" decoding=\"async\" class=\"alignnone wp-image-16429\" src=\"https:\/\/zooprekes24.lt\/wp-content\/uploads\/Brit-Veterinary-Diets-Grain-free-logo.png\" alt=\"Brit Veterinary Diets Grain-free logo\" width=\"150\" height=\"151\" \/><\/a><\/p>","protected":false},"excerpt":{"rendered":"<p>Brit Veterinary Diets Hypoallergenic &#8211; visavertis ir subalansuotas hipoalerginis dietinis pa\u0161aras skirtas \u0161unims su dermatologin\u0117mis ir vir\u0161kinimo problemomis, atsiradusiomis d\u0117l nepageidaujam\u0173 reakcij\u0173 \u012f maist\u0105. Gardi la\u0161i\u0161os formul\u0117. \u0160lapias maistas tinkamas naudojimui: Jeigu pasirei\u0161kia nepageidaujama reakcija \u012f maist\u0105 su dermatologiniais simptomais. Kaip terapinio gydymo dalis esant dermatologiniams sutrikimams (alergija, atopinis dermatitas ir otitas). Pasteb\u0117jus augintinio nepageidaujamas&#8230;<\/p>","protected":false},"featured_media":44083,"comment_status":"closed","ping_status":"closed","template":"","meta":{"_acf_changed":false,"slim_seo":{"title":"Brit Veterinary Diets Hypoallergenic konservai \u0161unims - Zooprekes24","description":"Brit Veterinary Diets Hypoallergenic ir pilnv\u0113rt\u012bgs un sabalans\u0113ts hipoaler\u0123isks uzturs su\u0146iem ar dermatolo\u0123isk\u0101m un gremo\u0161anas probl\u0113m\u0101m,"},"iawp_total_views":74},"product_brand":[],"product_cat":[9232,9004,8999,29,31,9035],"product_tag":[1642,1643,1644,1646,1650,418],"class_list":{"0":"post-23735","1":"product","2":"type-product","3":"status-publish","4":"has-post-thumbnail","6":"product_cat-brit-veterinary-diets-sunims","7":"product_cat-slapias-maistas","8":"product_cat-sunims","9":"product_cat-sunu-maistas","10":"product_cat-sunu-prekiu-gamintojai","11":"product_cat-veterinarine-dieta","12":"product_tag-brit-care-konservuotas-edalas-sunims","13":"product_tag-brit-care-veterinariniai-konservai","14":"product_tag-brit-konservai-skardineje","15":"product_tag-brit-vd-konservai","16":"product_tag-brit-veterinariniai-konservai","17":"product_tag-konservuotas-maistas-sunims","18":"pa_pasaro-sudetis-darzoves","19":"pa_pasaro-sudetis-lasisa","20":"pa_pasaro-sudetis-zuvis","21":"pa_prekiu-zenklai-brit-veterinary-diets","22":"pa_suns-amzius-jauniems","23":"pa_suns-amzius-senjorams","24":"pa_suns-amzius-suaugusiems","25":"pa_suns-amzius-visiems-amziams","26":"pa_veisles-dydis-didelems-veislems","27":"pa_veisles-dydis-mazoms-veislems","28":"pa_veisles-dydis-vidutinems-veislems","29":"pa_veisles-dydis-visu-dydziu-veislems","31":"first","32":"instock","33":"featured","34":"taxable","35":"shipping-taxable","36":"purchasable","37":"product-type-variable"},"acf":[],"_links":{"self":[{"href":"https:\/\/zooprekes24.lt\/lv\/wp-json\/wp\/v2\/product\/23735","targetHints":{"allow":["GET"]}}],"collection":[{"href":"https:\/\/zooprekes24.lt\/lv\/wp-json\/wp\/v2\/product"}],"about":[{"href":"https:\/\/zooprekes24.lt\/lv\/wp-json\/wp\/v2\/types\/product"}],"replies":[{"embeddable":true,"href":"https:\/\/zooprekes24.lt\/lv\/wp-json\/wp\/v2\/comments?post=23735"}],"wp:featuredmedia":[{"embeddable":true,"href":"https:\/\/zooprekes24.lt\/lv\/wp-json\/wp\/v2\/media\/44083"}],"wp:attachment":[{"href":"https:\/\/zooprekes24.lt\/lv\/wp-json\/wp\/v2\/media?parent=23735"}],"wp:term":[{"taxonomy":"product_brand","embeddable":true,"href":"https:\/\/zooprekes24.lt\/lv\/wp-json\/wp\/v2\/product_brand?post=23735"},{"taxonomy":"product_cat","embeddable":true,"href":"https:\/\/zooprekes24.lt\/lv\/wp-json\/wp\/v2\/product_cat?post=23735"},{"taxonomy":"product_tag","embeddable":true,"href":"https:\/\/zooprekes24.lt\/lv\/wp-json\/wp\/v2\/product_tag?post=23735"}],"curies":[{"name":"wp","href":"https:\/\/api.w.org\/{rel}","templated":true}]}}