{"id":23732,"date":"2024-04-19T13:24:29","date_gmt":"2024-04-19T10:24:29","guid":{"rendered":"https:\/\/zooprekes24.lt\/produktas\/brit-veterinary-diets-hepatic-dog-wet\/"},"modified":"2026-02-10T15:32:15","modified_gmt":"2026-02-10T13:32:15","slug":"britu-veterinaras-dietas-aknu-suniem-mitra-veida","status":"publish","type":"product","link":"https:\/\/zooprekes24.lt\/lv\/produktas\/brit-veterinary-diets-hepatic-dog-wet\/","title":{"rendered":"Brit Veterinary Diets Hepatic konservi su\u0146iem"},"content":{"rendered":"<h3>Brit Veterinary Diets Hepatic ir pilnv\u0113rt\u012bgs un sabalans\u0113ts uzturs su\u0146iem ar trauc\u0113tu aknu darb\u012bbu. Gar\u0161\u012bga t\u012btara un zir\u0146u formula.<\/h3>\n<h3><span style=\"color: #f0d19b;\">Lieto\u0161anai ir piem\u0113rota mitra bar\u012bba:<\/span><\/h3>\n<ul>\n<li>aknu encefalop\u0101tijas gad\u012bjum\u0101.<\/li>\n<li>Ja nepiecie\u0161ams atg\u016bties p\u0113c saind\u0113\u0161an\u0101s.<\/li>\n<li><a href=\"https:\/\/zooprekes24.lt\/lv\/?s=konservai&amp;post_type=product\">P\u0101rtikas konservi<\/a> piem\u0113rots jebkura lieluma un vecuma su\u0146iem.<\/li>\n<li>Aknu mazsp\u0113jas vai portosist\u0113mas \u0161unta (PSS) gad\u012bjum\u0101.<\/li>\n<li>Brit Veterinary Diets Hepatic neizmanto lipekli, soju vai \u0122MO.<\/li>\n<li>Lai sasniegtu vislab\u0101ko un efekt\u012bv\u0101ko rezult\u0101tu, ieteicams lietot kop\u0101 ar <a href=\"https:\/\/britvetdiets.com\/\" target=\"_blank\" rel=\"noopener\">Brit veterin\u0101r\u0101s di\u0113tas<\/a> saus\u0101 p\u0101rtika.<\/li>\n<\/ul>\n<p><a ref=\"magnificPopup\" href=\"https:\/\/zooprekes24.lt\/wp-content\/uploads\/Brit-Veterinary-Diets-Grain-free-logo.png\"><img loading=\"lazy\" decoding=\"async\" class=\"alignnone wp-image-16429\" src=\"https:\/\/zooprekes24.lt\/wp-content\/uploads\/Brit-Veterinary-Diets-Grain-free-logo.png\" alt=\"Brit Veterinary Diets Grain-free logo\" width=\"150\" height=\"151\" \/><\/a><\/p>","protected":false},"excerpt":{"rendered":"<p>Brit Veterinary Diets Hepatic &#8211; visavertis ir subalansuotas dietinis pa\u0161aras \u0161unims su sutrikusia kepen\u0173 funkcija. Gardi kalakutienos ir \u017eirneli\u0173 formul\u0117. \u0160lapias maistas tinkamas naudojimui: Sergant kepen\u0173 encefalopatija. Jeigu reikalingas atsigavimas po apsinuodijimo. Konservai tinkami vis\u0173 dyd\u017ei\u0173 ir am\u017eiaus grupi\u0173 \u0161unims. Esant augintinio kepen\u0173 nepakankamumui ar portosisteminiam \u0161untui (PSS). Brit Veterinary Diets Hepatic sud\u0117tyje n\u0117ra naudojamas&#8230;<\/p>","protected":false},"featured_media":45601,"comment_status":"closed","ping_status":"closed","template":"","meta":{"_acf_changed":false,"slim_seo":{"title":"Brit Veterinary Diets Hepatic konservai \u0161unims - Zooprekes24","description":"Brit Veterinary Diets Hepatic - visavertis ir subalansuotas dietinis pa\u0161aras \u0161unims su sutrikusia kepen\u0173 funkcija. Gardi kalakutienos ir \u017eirneli\u0173 formul\u0117. \u0160lapi"},"iawp_total_views":145},"product_brand":[],"product_cat":[9232,9004,8999,29,31,9035],"product_tag":[1642,1643,1644,1646,1650,418,4759],"class_list":{"0":"post-23732","1":"product","2":"type-product","3":"status-publish","4":"has-post-thumbnail","6":"product_cat-brit-veterinary-diets-sunims","7":"product_cat-slapias-maistas","8":"product_cat-sunims","9":"product_cat-sunu-maistas","10":"product_cat-sunu-prekiu-gamintojai","11":"product_cat-veterinarine-dieta","12":"product_tag-brit-care-konservuotas-edalas-sunims","13":"product_tag-brit-care-veterinariniai-konservai","14":"product_tag-brit-konservai-skardineje","15":"product_tag-brit-vd-konservai","16":"product_tag-brit-veterinariniai-konservai","17":"product_tag-konservuotas-maistas-sunims","18":"product_tag-suns-kepenu-nepakankamumas","19":"pa_pasaro-sudetis-darzoves","20":"pa_pasaro-sudetis-kalakutiena","21":"pa_prekiu-zenklai-brit-veterinary-diets","22":"pa_suns-amzius-jauniems","23":"pa_suns-amzius-senjorams","24":"pa_suns-amzius-suaugusiems","25":"pa_suns-amzius-visiems-amziams","26":"pa_veisles-dydis-didelems-veislems","27":"pa_veisles-dydis-mazoms-veislems","28":"pa_veisles-dydis-vidutinems-veislems","29":"pa_veisles-dydis-visu-dydziu-veislems","31":"first","32":"instock","33":"featured","34":"taxable","35":"shipping-taxable","36":"purchasable","37":"product-type-variable"},"acf":[],"_links":{"self":[{"href":"https:\/\/zooprekes24.lt\/lv\/wp-json\/wp\/v2\/product\/23732","targetHints":{"allow":["GET"]}}],"collection":[{"href":"https:\/\/zooprekes24.lt\/lv\/wp-json\/wp\/v2\/product"}],"about":[{"href":"https:\/\/zooprekes24.lt\/lv\/wp-json\/wp\/v2\/types\/product"}],"replies":[{"embeddable":true,"href":"https:\/\/zooprekes24.lt\/lv\/wp-json\/wp\/v2\/comments?post=23732"}],"wp:featuredmedia":[{"embeddable":true,"href":"https:\/\/zooprekes24.lt\/lv\/wp-json\/wp\/v2\/media\/45601"}],"wp:attachment":[{"href":"https:\/\/zooprekes24.lt\/lv\/wp-json\/wp\/v2\/media?parent=23732"}],"wp:term":[{"taxonomy":"product_brand","embeddable":true,"href":"https:\/\/zooprekes24.lt\/lv\/wp-json\/wp\/v2\/product_brand?post=23732"},{"taxonomy":"product_cat","embeddable":true,"href":"https:\/\/zooprekes24.lt\/lv\/wp-json\/wp\/v2\/product_cat?post=23732"},{"taxonomy":"product_tag","embeddable":true,"href":"https:\/\/zooprekes24.lt\/lv\/wp-json\/wp\/v2\/product_tag?post=23732"}],"curies":[{"name":"wp","href":"https:\/\/api.w.org\/{rel}","templated":true}]}}