{"id":23726,"date":"2024-04-19T13:24:21","date_gmt":"2024-04-19T10:24:21","guid":{"rendered":"https:\/\/zooprekes24.lt\/produktas\/brit-veterinary-diets-struvite-dog-wet\/"},"modified":"2026-02-10T15:38:21","modified_gmt":"2026-02-10T13:38:21","slug":"britu-veterinaras-dietas-struvita-sunu-mitrais","status":"publish","type":"product","link":"https:\/\/zooprekes24.lt\/lv\/produktas\/brit-veterinary-diets-struvite-dog-wet\/","title":{"rendered":"Brit Veterinary Diets Struvite konservi su\u0146iem"},"content":{"rendered":"<h3>Brit Veterinary Diets Struvite ir pilnv\u0113rt\u012bgs un sabalans\u0113ts uzturs su\u0146iem ar ur\u012bnce\u013cu darb\u012bbas trauc\u0113jumiem. Gar\u0161\u012bga t\u012btara un zir\u0146u formula.<\/h3>\n<h3><span style=\"color: #a8cfca;\">Lieto\u0161anai ir piem\u0113rota mitra bar\u012bba:<\/span><\/h3>\n<ul>\n<li>Struv\u012bta krist\u0101lu un akme\u0146u \u0161\u0137\u012bdin\u0101\u0161anai un profilaksei.<\/li>\n<li>K\u0101 da\u013ca no su\u0146u ur\u012bnce\u013cu bakteri\u0101lo infekciju terapijas.<\/li>\n<li>M\u0101jdz\u012bvniekiem krist\u0101l\u016brijas profilaksei.<\/li>\n<li><a href=\"https:\/\/zooprekes24.lt\/lv\/?s=konservai&amp;post_type=product\">P\u0101rtikas konservi<\/a> piem\u0113rots jebkura lieluma un vecuma su\u0146iem.<\/li>\n<li>Brit Veterinary Diets Struvite neizmanto lipekli, soju vai \u0122MO.<\/li>\n<li>Lai sasniegtu vislab\u0101ko un efekt\u012bv\u0101ko rezult\u0101tu, ieteicams lietot kop\u0101 ar <a href=\"https:\/\/britvetdiets.com\/\" target=\"_blank\" rel=\"noopener\">Brit veterin\u0101r\u0101s di\u0113tas<\/a> saus\u0101 p\u0101rtika.<\/li>\n<\/ul>\n<p><a ref=\"magnificPopup\" href=\"https:\/\/zooprekes24.lt\/wp-content\/uploads\/Brit-Veterinary-Diets-Grain-free-logo.png\"><img loading=\"lazy\" decoding=\"async\" class=\"alignnone wp-image-16429\" src=\"https:\/\/zooprekes24.lt\/wp-content\/uploads\/Brit-Veterinary-Diets-Grain-free-logo.png\" alt=\"Brit Veterinary Diets Grain-free logo\" width=\"150\" height=\"151\" \/><\/a><\/p>","protected":false},"excerpt":{"rendered":"<p>Brit Veterinary Diets Struvite &#8211; visavertis ir subalansuotas dietinis pa\u0161aras skirtas \u0161unims su \u0161lapimo tak\u0173 susirgimais. Gardi kalakutienos ir \u017eirneli\u0173 formul\u0117. \u0160lapias maistas tinkamas naudojimui: Siekiant i\u0161tirpinti struvito kristalus ir akmenis bei j\u0173 profilaktikai. Kaip terapijos dalis esant \u0161un\u0173 \u0161lapimo tak\u0173 bakterin\u0117ms infekcijoms. Augintinio kristalurijos profilaktikai. Konservai tinkami vis\u0173 dyd\u017ei\u0173 ir am\u017eiaus grupi\u0173 \u0161unims. Brit&#8230;<\/p>","protected":false},"featured_media":45603,"comment_status":"closed","ping_status":"closed","template":"","meta":{"_acf_changed":false,"slim_seo":{"title":"Brit Veterinary Diets Struvite konservai \u0161unims - Zooprekes24","description":"Brit Veterinary Diets Struvite ir pilnv\u0113rt\u012bgs un sabalans\u0113ts uzturs su\u0146iem ar ur\u012bnce\u013cu darb\u012bbas trauc\u0113jumiem. Gar\u0161\u012bga t\u012btara un zir\u0146u formula"},"iawp_total_views":70},"product_brand":[],"product_cat":[9232,9004,8999,29,31,9035],"product_tag":[1642,1643,1644,1646,1650,4783,418],"class_list":{"0":"post-23726","1":"product","2":"type-product","3":"status-publish","4":"has-post-thumbnail","6":"product_cat-brit-veterinary-diets-sunims","7":"product_cat-slapias-maistas","8":"product_cat-sunims","9":"product_cat-sunu-maistas","10":"product_cat-sunu-prekiu-gamintojai","11":"product_cat-veterinarine-dieta","12":"product_tag-brit-care-konservuotas-edalas-sunims","13":"product_tag-brit-care-veterinariniai-konservai","14":"product_tag-brit-konservai-skardineje","15":"product_tag-brit-vd-konservai","16":"product_tag-brit-veterinariniai-konservai","17":"product_tag-konservai-nuo-struvitu","18":"product_tag-konservuotas-maistas-sunims","19":"pa_pasaro-sudetis-darzoves","20":"pa_pasaro-sudetis-kalakutiena","21":"pa_prekiu-zenklai-brit-veterinary-diets","22":"pa_suns-amzius-jauniems","23":"pa_suns-amzius-senjorams","24":"pa_suns-amzius-suaugusiems","25":"pa_suns-amzius-visiems-amziams","26":"pa_veisles-dydis-didelems-veislems","27":"pa_veisles-dydis-mazoms-veislems","28":"pa_veisles-dydis-vidutinems-veislems","29":"pa_veisles-dydis-visu-dydziu-veislems","31":"first","32":"instock","33":"featured","34":"taxable","35":"shipping-taxable","36":"purchasable","37":"product-type-variable"},"acf":[],"_links":{"self":[{"href":"https:\/\/zooprekes24.lt\/lv\/wp-json\/wp\/v2\/product\/23726","targetHints":{"allow":["GET"]}}],"collection":[{"href":"https:\/\/zooprekes24.lt\/lv\/wp-json\/wp\/v2\/product"}],"about":[{"href":"https:\/\/zooprekes24.lt\/lv\/wp-json\/wp\/v2\/types\/product"}],"replies":[{"embeddable":true,"href":"https:\/\/zooprekes24.lt\/lv\/wp-json\/wp\/v2\/comments?post=23726"}],"wp:featuredmedia":[{"embeddable":true,"href":"https:\/\/zooprekes24.lt\/lv\/wp-json\/wp\/v2\/media\/45603"}],"wp:attachment":[{"href":"https:\/\/zooprekes24.lt\/lv\/wp-json\/wp\/v2\/media?parent=23726"}],"wp:term":[{"taxonomy":"product_brand","embeddable":true,"href":"https:\/\/zooprekes24.lt\/lv\/wp-json\/wp\/v2\/product_brand?post=23726"},{"taxonomy":"product_cat","embeddable":true,"href":"https:\/\/zooprekes24.lt\/lv\/wp-json\/wp\/v2\/product_cat?post=23726"},{"taxonomy":"product_tag","embeddable":true,"href":"https:\/\/zooprekes24.lt\/lv\/wp-json\/wp\/v2\/product_tag?post=23726"}],"curies":[{"name":"wp","href":"https:\/\/api.w.org\/{rel}","templated":true}]}}