{"id":23720,"date":"2024-04-19T13:24:21","date_gmt":"2024-04-19T10:24:21","guid":{"rendered":"https:\/\/zooprekes24.lt\/produktas\/brit-veterinary-diets-recovery-wet\/"},"modified":"2026-03-09T12:44:28","modified_gmt":"2026-03-09T10:44:28","slug":"britu-veterinaras-dietas-atveselosanas-mitra-veida","status":"publish","type":"product","link":"https:\/\/zooprekes24.lt\/lv\/produktas\/brit-veterinary-diets-recovery-wet\/","title":{"rendered":"Brit Veterinary Diets Recovery konservi su\u0146iem un ka\u0137iem"},"content":{"rendered":"<h3>Brit Veterinary Diets Recovery ir pilnv\u0113rt\u012bgs un sabalans\u0113ts uzturs su\u0146iem un ka\u0137iem, kas paredz\u0113ts atvese\u013co\u0161anai p\u0113c da\u017e\u0101d\u0101m slim\u012bb\u0101m vai oper\u0101cij\u0101m. La\u0161a un vistas ga\u013cas formula.<\/h3>\n<h3><span style=\"color: #4079bf;\">Lieto\u0161anai piem\u0113rota mitr\u0101 bar\u012bba:<\/span><\/h3>\n<ul>\n<li>J\u016bsu m\u012blu\u013ca atvese\u013co\u0161an\u0101s laik\u0101 - p\u0113c oper\u0101cijas vai slim\u012bbas.<\/li>\n<li>Ja dz\u012bvniekam stipri samazin\u0101s apet\u012bte.<\/li>\n<li><a href=\"https:\/\/zooprekes24.lt\/lv\/?s=konservai&amp;post_type=product\">P\u0101rtikas konservi<\/a> piem\u0113rots visu vecumu un \u0161\u0137ir\u0146u su\u0146iem un ka\u0137iem.<\/li>\n<li>Brit Veterinary Diets Recovery neizmanto lipekli, soju vai \u0122MO.<\/li>\n<li>Lai sasniegtu vislab\u0101ko un efekt\u012bv\u0101ko rezult\u0101tu, ieteicams lietot kop\u0101 ar <a href=\"https:\/\/britvetdiets.com\/\" target=\"_blank\" rel=\"noopener\">Brit veterin\u0101r\u0101s di\u0113tas<\/a> saus\u0101 p\u0101rtika.<\/li>\n<\/ul>\n<p><a ref=\"magnificPopup\" href=\"https:\/\/zooprekes24.lt\/wp-content\/uploads\/Brit-Veterinary-Diets-Grain-free-logo.png\"><img loading=\"lazy\" decoding=\"async\" class=\"alignnone wp-image-16429\" src=\"https:\/\/zooprekes24.lt\/wp-content\/uploads\/Brit-Veterinary-Diets-Grain-free-logo.png\" alt=\"Brit Veterinary Diets Grain-free logo\" width=\"150\" height=\"151\" \/><\/a><\/p>","protected":false},"excerpt":{"rendered":"<p>Brit Veterinary Diets Recovery &#8211; visavertis ir subalansuotas dietinis pa\u0161aras skirtas \u0161un\u0173 ir ka\u010di\u0173 mitybos atk\u016brimui sveikstant po \u012fvairi\u0173 lig\u0173 arba sveikimui po operacij\u0173. La\u0161i\u0161os ir vi\u0161tienos formul\u0117. \u0160lapias \u0117dalas tinkamas naudojimui: Augintinio atsigavimo metu &#8211;\u00a0po operacijos ar ligos. Esant stipriai suma\u017e\u0117jusiam gyv\u016bno apetitui. Konservai tinkami vis\u0173 am\u017eiaus grupi\u0173 bei vis\u0173 veisli\u0173 \u0161unims ir kat\u0117ms&#8230;.<\/p>","protected":false},"featured_media":45596,"comment_status":"closed","ping_status":"closed","template":"","meta":{"_acf_changed":false,"slim_seo":{"title":"Brit Veterinary Diets Recovery konservai \u0161unims ir kat\u0117ms - Zooprekes24","description":"Brit Veterinary Diets Recovery ir pilnv\u0113rt\u012bga un sabalans\u0113ta di\u0113tisk\u0101 bar\u012bba su\u0146u un ka\u0137u atvese\u013co\u0161anai p\u0113c da\u017e\u0101d\u0101m slim\u012bb\u0101m vai atvese\u013co\u0161anai."},"iawp_total_views":54},"product_brand":[],"product_cat":[9234,9232,72,83,25,9004,9020,8999,29,31,9037,9035],"product_tag":[1642,1643,1644,1646,1650,4730,4731,4732,4733,418],"class_list":{"0":"post-23720","1":"product","2":"type-product","3":"status-publish","4":"has-post-thumbnail","6":"product_cat-brit-veterinary-diets-katems","7":"product_cat-brit-veterinary-diets-sunims","8":"product_cat-kaciu-maistas","9":"product_cat-kaciu-prekiu-gamintojai","10":"product_cat-katems","11":"product_cat-slapias-maistas","12":"product_cat-slapias-maistas-kaciu-maistas","13":"product_cat-sunims","14":"product_cat-sunu-maistas","15":"product_cat-sunu-prekiu-gamintojai","16":"product_cat-veterinarine-dieta-kaciu-maistas","17":"product_cat-veterinarine-dieta","18":"product_tag-brit-care-konservuotas-edalas-sunims","19":"product_tag-brit-care-veterinariniai-konservai","20":"product_tag-brit-konservai-skardineje","21":"product_tag-brit-vd-konservai","22":"product_tag-brit-veterinariniai-konservai","23":"product_tag-konservai-po-ligos-katei","24":"product_tag-konservai-po-ligos-suniui","25":"product_tag-konservai-po-operacijos-katems","26":"product_tag-konservai-po-operacijos-sunims","27":"product_tag-konservuotas-maistas-sunims","28":"pa_pasaro-sudetis-lasisa","29":"pa_pasaro-sudetis-vistiena","30":"pa_pasaro-sudetis-zuvis","31":"pa_prekiu-zenklai-brit-veterinary-diets","32":"pa_suns-amzius-jauniems","33":"pa_suns-amzius-senjorams","34":"pa_suns-amzius-suaugusiems","35":"pa_suns-amzius-visiems-amziams","36":"pa_veisles-dydis-didelems-veislems","37":"pa_veisles-dydis-mazoms-veislems","38":"pa_veisles-dydis-vidutinems-veislems","39":"pa_veisles-dydis-visu-dydziu-veislems","41":"first","42":"instock","43":"featured","44":"taxable","45":"shipping-taxable","46":"purchasable","47":"product-type-variable"},"acf":[],"_links":{"self":[{"href":"https:\/\/zooprekes24.lt\/lv\/wp-json\/wp\/v2\/product\/23720","targetHints":{"allow":["GET"]}}],"collection":[{"href":"https:\/\/zooprekes24.lt\/lv\/wp-json\/wp\/v2\/product"}],"about":[{"href":"https:\/\/zooprekes24.lt\/lv\/wp-json\/wp\/v2\/types\/product"}],"replies":[{"embeddable":true,"href":"https:\/\/zooprekes24.lt\/lv\/wp-json\/wp\/v2\/comments?post=23720"}],"wp:featuredmedia":[{"embeddable":true,"href":"https:\/\/zooprekes24.lt\/lv\/wp-json\/wp\/v2\/media\/45596"}],"wp:attachment":[{"href":"https:\/\/zooprekes24.lt\/lv\/wp-json\/wp\/v2\/media?parent=23720"}],"wp:term":[{"taxonomy":"product_brand","embeddable":true,"href":"https:\/\/zooprekes24.lt\/lv\/wp-json\/wp\/v2\/product_brand?post=23720"},{"taxonomy":"product_cat","embeddable":true,"href":"https:\/\/zooprekes24.lt\/lv\/wp-json\/wp\/v2\/product_cat?post=23720"},{"taxonomy":"product_tag","embeddable":true,"href":"https:\/\/zooprekes24.lt\/lv\/wp-json\/wp\/v2\/product_tag?post=23720"}],"curies":[{"name":"wp","href":"https:\/\/api.w.org\/{rel}","templated":true}]}}