{"id":23714,"date":"2024-04-19T13:24:21","date_gmt":"2024-04-19T10:24:21","guid":{"rendered":"https:\/\/zooprekes24.lt\/produktas\/brit-care-pate-meat-rabbit\/"},"modified":"2026-02-11T12:57:37","modified_gmt":"2026-02-11T10:57:37","slug":"britu-aprupes-pastete-trusu-gala","status":"publish","type":"product","link":"https:\/\/zooprekes24.lt\/lv\/produktas\/brit-care-pate-meat-rabbit\/","title":{"rendered":"Brit Care Pasta un ga\u013ca Tru\u0161u past\u0113te su\u0146iem"},"content":{"rendered":"<h3>Brit Care Pate &amp; Meat Rabbit ir mitr\u0101 bar\u012bba bez graudaugiem pieaugu\u0161iem su\u0146iem. Konservi 70% Trusis un vistas ga\u013ca - t\u012bra ga\u013cas past\u0113te.<\/h3>\n<ul>\n<li>Augstas kvalit\u0101tes ga\u013ca un r\u016bp\u012bga apstr\u0101de garant\u0113 izcilu gar\u0161u un smar\u017eu.<\/li>\n<li><a href=\"https:\/\/www.youtube.com\/watch?v=vDXbSMalegw\" target=\"_blank\" rel=\"noopener\">Lielisks saus\u0101s bar\u012bbas papildin\u0101jums<\/a>, pal\u012bdz uzlabot p\u0101rtikas uz\u0146em\u0161anu un nodro\u0161ina pietiekamu \u0161\u0137idruma daudzumu.<\/li>\n<li>Ga\u013cas un kaulu gabali\u0146u dabisk\u0101 kombin\u0101cija ar past\u0113t\u0113m lieliski apmierin\u0101s vispras\u012bg\u0101ko gard\u0113\u017eu suni.<\/li>\n<li><a href=\"https:\/\/zooprekes24.lt\/lv\/kategorija\/prekes-sunims\/sunu-produktu-razotaji\/brit-care-sunims\/\" target=\"_blank\" rel=\"noopener\">Brit Care<\/a> konservus su\u0146iem - bez lipek\u013ca \/ bez sojas \/ bez \u0122MO.<\/li>\n<\/ul>","protected":false},"excerpt":{"rendered":"<p>Brit Care Pate &amp; Meat Rabbit &#8211; begr\u016bdis\u00a0\u0161lapias maistas suaugusiems \u0161unims. Konserv\u0173 sud\u0117tyje 70% triu\u0161ienos ir vi\u0161tienos &#8211; grynas m\u0117sos pa\u0161tetas. Auk\u0161tos kokyb\u0117s m\u0117sa ir kruop\u0161tus perdirbimas garantuoja puik\u0173 skon\u012f ir aromat\u0105. Puikiai papildo saus\u0105 maist\u0105, padeda pagerinti maisto suvartojim\u0105 ir suteikia reikiamus skys\u010dius. Nat\u016bralus m\u0117sos ir kogalvi\u0173 gabaliuk\u0173 derinys su pa\u0161tetu tobulai patenkins i\u0161rankiausius&#8230;<\/p>","protected":false},"featured_media":45672,"comment_status":"closed","ping_status":"closed","template":"","meta":{"_acf_changed":false,"slim_seo":{"title":"Brit Care Pate & Meat Rabbit pa\u0161tetas \u0161unims - Zooprekes24","description":"Brit Care Pate &amp; Meat Rabbit ir mitr\u0101 bar\u012bba bez graudaugiem pieaugu\u0161iem su\u0146iem. Konservi 70% Trusis un vistas ga\u013ca - t\u012bra ga\u013cas past\u0113te. Augstas kvalit\u0101tes"},"iawp_total_views":89},"product_brand":[],"product_cat":[9029,9004,8999,29,31],"product_tag":[1036,1642,1644,418],"class_list":{"0":"post-23714","1":"product","2":"type-product","3":"status-publish","4":"has-post-thumbnail","6":"product_cat-brit-care","7":"product_cat-slapias-maistas","8":"product_cat-sunims","9":"product_cat-sunu-maistas","10":"product_cat-sunu-prekiu-gamintojai","11":"product_tag-begrudziai-konservai-sunims","12":"product_tag-brit-care-konservuotas-edalas-sunims","13":"product_tag-brit-konservai-skardineje","14":"product_tag-konservuotas-maistas-sunims","15":"pa_pasaro-sudetis-triusiena","16":"pa_pasaro-sudetis-vistiena","17":"pa_prekiu-zenklai-brit-care","18":"pa_suns-amzius-suaugusiems","19":"pa_veisles-dydis-didelems-veislems","20":"pa_veisles-dydis-mazoms-veislems","21":"pa_veisles-dydis-vidutinems-veislems","22":"pa_veisles-dydis-visu-dydziu-veislems","24":"first","25":"instock","26":"featured","27":"taxable","28":"shipping-taxable","29":"purchasable","30":"product-type-variable"},"acf":[],"_links":{"self":[{"href":"https:\/\/zooprekes24.lt\/lv\/wp-json\/wp\/v2\/product\/23714","targetHints":{"allow":["GET"]}}],"collection":[{"href":"https:\/\/zooprekes24.lt\/lv\/wp-json\/wp\/v2\/product"}],"about":[{"href":"https:\/\/zooprekes24.lt\/lv\/wp-json\/wp\/v2\/types\/product"}],"replies":[{"embeddable":true,"href":"https:\/\/zooprekes24.lt\/lv\/wp-json\/wp\/v2\/comments?post=23714"}],"wp:featuredmedia":[{"embeddable":true,"href":"https:\/\/zooprekes24.lt\/lv\/wp-json\/wp\/v2\/media\/45672"}],"wp:attachment":[{"href":"https:\/\/zooprekes24.lt\/lv\/wp-json\/wp\/v2\/media?parent=23714"}],"wp:term":[{"taxonomy":"product_brand","embeddable":true,"href":"https:\/\/zooprekes24.lt\/lv\/wp-json\/wp\/v2\/product_brand?post=23714"},{"taxonomy":"product_cat","embeddable":true,"href":"https:\/\/zooprekes24.lt\/lv\/wp-json\/wp\/v2\/product_cat?post=23714"},{"taxonomy":"product_tag","embeddable":true,"href":"https:\/\/zooprekes24.lt\/lv\/wp-json\/wp\/v2\/product_tag?post=23714"}],"curies":[{"name":"wp","href":"https:\/\/api.w.org\/{rel}","templated":true}]}}