{"id":23702,"date":"2024-04-19T13:24:11","date_gmt":"2024-04-19T10:24:11","guid":{"rendered":"https:\/\/zooprekes24.lt\/produktas\/brit-care-mono-protein-beef-rice\/"},"modified":"2026-02-11T13:35:02","modified_gmt":"2026-02-11T11:35:02","slug":"brit-care-mono-proteina-liellopu-galas-risi","status":"publish","type":"product","link":"https:\/\/zooprekes24.lt\/lv\/produktas\/brit-care-mono-protein-beef-rice\/","title":{"rendered":"Brit Care Mono Protein Beef &amp; Rice konservi su\u0146iem"},"content":{"rendered":"<h3>Brit Care Mono Protein Beef &amp; Rice - 100 % t\u012brs liellopa ga\u013cas prote\u012bns ar r\u012bsiem! <a href=\"https:\/\/zooprekes24.lt\/lv\/kategorija\/prekes-sunims\/sunu-produktu-razotaji\/brit-care-sunims\/\" target=\"_blank\" rel=\"noopener\">Brit Care<\/a> Mono Protein pied\u0101v\u0101 pilnv\u0113rt\u012bgu un sabalans\u0113tu uzturu. Viena prote\u012bna sast\u0101vs samazina aler\u0123iju un p\u0101rtikas nepanesam\u012bbas risku.<\/h3>\n<ul>\n<li>Ide\u0101li piem\u0113rots su\u0146iem ar jut\u012bgu gremo\u0161anu, aler\u0123ij\u0101m vai nepanes\u012bbu pret noteiktiem p\u0101rtikas produktiem.<\/li>\n<li><a href=\"https:\/\/www.youtube.com\/watch?v=vDXbSMalegw\" target=\"_blank\" rel=\"noopener\">Lielisks saus\u0101s bar\u012bbas papildin\u0101jums<\/a>, pal\u012bdz uzlabot p\u0101rtikas uz\u0146em\u0161anu un nodro\u0161ina pietiekamu \u0161\u0137idruma daudzumu.<\/li>\n<li>Augstas kvalit\u0101tes ga\u013ca un r\u016bp\u012bga apstr\u0101de garant\u0113 izcilu gar\u0161u un smar\u017eu.<\/li>\n<li>Konservi su\u0146iem Brit Care Mono Protein Beef &amp; Rice - bez lipek\u013ca \/ bez sojas \/ bez \u0122MO.<\/li>\n<\/ul>","protected":false},"excerpt":{"rendered":"<p>Brit Care Mono Protein Beef &amp; Rice &#8211; 100 % gryn\u0173 jautienos baltym\u0173 su ry\u017eiais! Brit Care Mono Protein si\u016blo visavert\u0119 ir subalansuot\u0105 mityb\u0105. Recept\u016bra, kurios sud\u0117tyje yra vienos r\u016b\u0161ies baltymai, suma\u017eina alergijos ir maisto netoleravimo rizik\u0105. Idealiai tinka \u0161unims, kurie turi\u00a0jautr\u0173 vir\u0161kinim\u0105, yra alergi\u0161ki ar netoleruojantys\u00a0tam tikro maisto. Puikiai papildo saus\u0105 maist\u0105, padeda pagerinti&#8230;<\/p>","protected":false},"featured_media":45683,"comment_status":"closed","ping_status":"closed","template":"","meta":{"_acf_changed":false,"slim_seo":{"title":"Brit Care Mono Protein Beef & Rice konservai \u0161unims - Zooprekes24","description":"Brit Care Mono Protein Beef &amp; Rice - 100 % t\u012brs liellopa ga\u013cas prote\u012bns ar r\u012bsiem! Brit Care Mono Protein pied\u0101v\u0101 pilnv\u0113rt\u012bgu un sabalans\u0113tu uzturu. Receptes, kur\u0101"},"iawp_total_views":83},"product_brand":[],"product_cat":[9029,9004,8999,29,31],"product_tag":[1642,1644,418],"class_list":{"0":"post-23702","1":"product","2":"type-product","3":"status-publish","4":"has-post-thumbnail","6":"product_cat-brit-care","7":"product_cat-slapias-maistas","8":"product_cat-sunims","9":"product_cat-sunu-maistas","10":"product_cat-sunu-prekiu-gamintojai","11":"product_tag-brit-care-konservuotas-edalas-sunims","12":"product_tag-brit-konservai-skardineje","13":"product_tag-konservuotas-maistas-sunims","14":"pa_pasaro-sudetis-jautiena","15":"pa_pasaro-sudetis-ryziai","16":"pa_prekiu-zenklai-brit-care","17":"pa_suns-amzius-suaugusiems","18":"pa_veisles-dydis-didelems-veislems","19":"pa_veisles-dydis-mazoms-veislems","20":"pa_veisles-dydis-vidutinems-veislems","21":"pa_veisles-dydis-visu-dydziu-veislems","23":"first","24":"instock","25":"featured","26":"taxable","27":"shipping-taxable","28":"purchasable","29":"product-type-variable"},"acf":[],"_links":{"self":[{"href":"https:\/\/zooprekes24.lt\/lv\/wp-json\/wp\/v2\/product\/23702","targetHints":{"allow":["GET"]}}],"collection":[{"href":"https:\/\/zooprekes24.lt\/lv\/wp-json\/wp\/v2\/product"}],"about":[{"href":"https:\/\/zooprekes24.lt\/lv\/wp-json\/wp\/v2\/types\/product"}],"replies":[{"embeddable":true,"href":"https:\/\/zooprekes24.lt\/lv\/wp-json\/wp\/v2\/comments?post=23702"}],"wp:featuredmedia":[{"embeddable":true,"href":"https:\/\/zooprekes24.lt\/lv\/wp-json\/wp\/v2\/media\/45683"}],"wp:attachment":[{"href":"https:\/\/zooprekes24.lt\/lv\/wp-json\/wp\/v2\/media?parent=23702"}],"wp:term":[{"taxonomy":"product_brand","embeddable":true,"href":"https:\/\/zooprekes24.lt\/lv\/wp-json\/wp\/v2\/product_brand?post=23702"},{"taxonomy":"product_cat","embeddable":true,"href":"https:\/\/zooprekes24.lt\/lv\/wp-json\/wp\/v2\/product_cat?post=23702"},{"taxonomy":"product_tag","embeddable":true,"href":"https:\/\/zooprekes24.lt\/lv\/wp-json\/wp\/v2\/product_tag?post=23702"}],"curies":[{"name":"wp","href":"https:\/\/api.w.org\/{rel}","templated":true}]}}