{"id":23687,"date":"2024-04-19T13:23:57","date_gmt":"2024-04-19T10:23:57","guid":{"rendered":"https:\/\/zooprekes24.lt\/produktas\/quattro-adult-katems\/"},"modified":"2026-04-20T09:53:22","modified_gmt":"2026-04-20T07:53:22","slug":"quattro-catems-pieaugusajiem","status":"publish","type":"product","link":"https:\/\/zooprekes24.lt\/lv\/produktas\/quattro-adult-katems\/","title":{"rendered":"Quattro Adult saus\u0101 ka\u0137u bar\u012bba"},"content":{"rendered":"<h3>Quattro Adult - Super Premium, pilnv\u0113rt\u012bga bar\u012bba pieaugu\u0161iem ka\u0137iem ar gardu m\u0101jputnu ga\u013cu. Izgatavota, izmantojot inovat\u012bvu liofiliz\u0113tas ga\u013cas p\u0101rkl\u0101juma tehnolo\u0123iju. \u0160is ekskluz\u012bvais risin\u0101jums katru granulu p\u0101rkl\u0101j ar dabisku liofiliz\u0113tu ga\u013cu, kas ne tikai bag\u0101tina bar\u012bbu, bet ar\u012b bag\u0101tina bar\u012bbu. <a href=\"https:\/\/www.youtube.com\/watch?v=nHBX0FeuZ9w\" target=\"_blank\" rel=\"noopener\">Quattro<\/a> bar\u012bba ar dabiski saglab\u0101t\u0101m bar\u012bbas viel\u0101m, k\u0101 ar\u012b ar lielisk\u0101m \u0113\u0161anas \u012bpa\u0161\u012bb\u0101m.<\/h3>\n<ul>\n<li>Sveikai \u0161ird\u017eiai. Taurinas kartu su Omega 3 riebiosiomis r\u016bg\u0161timis padeda palaikyti kat\u0117s \u0161irdies funkcij\u0105.<\/li>\n<li>Odai ir kailiui. Sud\u0117tyje esan\u010dios riebiosios r\u016bg\u0161tys, cinkas bei vitaminas B padeda palaikyti sveik\u0105 od\u0105 ir \u017evilgant\u012f augintinio kail\u012f.<\/li>\n<li>Geram reg\u0117jimui. Vitaminai A ir E kartu su omega 3 riebiosiomis r\u016bg\u0161timis padeda palaikyti ger\u0105 reg\u0117jim\u0105 ir reg\u0117jimo prisitaikym\u0105 prie tamsos.<\/li>\n<li>Puikiam vir\u0161kinimui. Quattro Adult maisto sud\u0117tyje esantis tinkamas lengvai vir\u0161kinam\u0173 ingredient\u0173, prebiotik\u0173 ir augalini\u0173 skaidul\u0173 balansas padeda palaikyti optimali\u0105 kat\u0117s vir\u0161kinamojo trakto veikl\u0105 bei normali\u0105 i\u0161mat\u0173 kokyb\u0119.<\/li>\n<li>100 % Lietuvoje u\u017eauginta pauk\u0161tiena.<\/li>\n<li>73 % olbaltumvielas no dz\u012bvnieku izcelsmes sast\u0101vda\u013c\u0101m.<\/li>\n<li>0 % dirbtini\u0173 da\u017eikli\u0173 ir skoni\u0173 stiprikli\u0173.<\/li>\n<\/ul>","protected":false},"excerpt":{"rendered":"<p>Quattro Adult &#8211; Super Premium klas\u0117s, visavertis\u00a0suaugusi\u0173 ka\u010di\u0173 maistas su gard\u017eia pauk\u0161tiena. \u0116dalas pagamintas naudojant inovatyvi\u0105 &#8222;freeze-dried meat coated&#8221; technologij\u0105. \u0160io i\u0161skirtinio sprendimo pagalba kiekviena pa\u0161aro granul\u0117 padengiama nat\u016bralia liofilizuota m\u0117sa, ne tik praturtinan\u010dia Quattro pa\u0161arus nat\u016braliai i\u0161saugotomis maistin\u0117mis med\u017eiagomis, bet ir u\u017etikrinan\u010dia puiku produkto \u0117damum\u0105. Sveikai \u0161ird\u017eiai. Taurinas kartu su Omega 3 riebiosiomis r\u016bg\u0161timis&#8230;<\/p>","protected":false},"featured_media":20301,"comment_status":"closed","ping_status":"closed","template":"","meta":{"_acf_changed":false,"slim_seo":{"title":"Quattro Adult sausas maistas kat\u0117ms - Zooprekes24","description":"Quattro Adult - Super Premium, pilnv\u0113rt\u012bga bar\u012bba pieaugu\u0161iem ka\u0137iem ar gardu m\u0101jputnu ga\u013cu. Izgatavota no inovat\u012bvas liofiliz\u0113tas ga\u013cas ar p\u0101rkl\u0101jumu."},"iawp_total_views":408},"product_brand":[],"product_cat":[72,83,25,9052,9016],"product_tag":[1675,1682,1696],"class_list":{"0":"post-23687","1":"product","2":"type-product","3":"status-publish","4":"has-post-thumbnail","6":"product_cat-kaciu-maistas","7":"product_cat-kaciu-prekiu-gamintojai","8":"product_cat-katems","9":"product_cat-quattro-katems","10":"product_cat-sausas-maistas-kaciu-maistas","11":"product_tag-kaciu-edalas","12":"product_tag-kaciu-maistas-super-premium-klases","13":"product_tag-super-premium-maistas-katems","14":"pa_pasaro-sudetis-vistiena","15":"pa_prekiu-zenklai-quattro","17":"first","18":"instock","19":"sale","20":"featured","21":"taxable","22":"shipping-taxable","23":"purchasable","24":"product-type-variable"},"acf":[],"_links":{"self":[{"href":"https:\/\/zooprekes24.lt\/lv\/wp-json\/wp\/v2\/product\/23687","targetHints":{"allow":["GET"]}}],"collection":[{"href":"https:\/\/zooprekes24.lt\/lv\/wp-json\/wp\/v2\/product"}],"about":[{"href":"https:\/\/zooprekes24.lt\/lv\/wp-json\/wp\/v2\/types\/product"}],"replies":[{"embeddable":true,"href":"https:\/\/zooprekes24.lt\/lv\/wp-json\/wp\/v2\/comments?post=23687"}],"wp:featuredmedia":[{"embeddable":true,"href":"https:\/\/zooprekes24.lt\/lv\/wp-json\/wp\/v2\/media\/20301"}],"wp:attachment":[{"href":"https:\/\/zooprekes24.lt\/lv\/wp-json\/wp\/v2\/media?parent=23687"}],"wp:term":[{"taxonomy":"product_brand","embeddable":true,"href":"https:\/\/zooprekes24.lt\/lv\/wp-json\/wp\/v2\/product_brand?post=23687"},{"taxonomy":"product_cat","embeddable":true,"href":"https:\/\/zooprekes24.lt\/lv\/wp-json\/wp\/v2\/product_cat?post=23687"},{"taxonomy":"product_tag","embeddable":true,"href":"https:\/\/zooprekes24.lt\/lv\/wp-json\/wp\/v2\/product_tag?post=23687"}],"curies":[{"name":"wp","href":"https:\/\/api.w.org\/{rel}","templated":true}]}}