{"id":23678,"date":"2024-04-19T13:23:57","date_gmt":"2024-04-19T10:23:57","guid":{"rendered":"https:\/\/zooprekes24.lt\/produktas\/quattro-maxi-adult-large-breed-poultry\/"},"modified":"2026-04-20T09:30:02","modified_gmt":"2026-04-20T07:30:02","slug":"quattro-maxi-pieaugusie-lielo-skirnu-majputni","status":"publish","type":"product","link":"https:\/\/zooprekes24.lt\/lv\/produktas\/quattro-maxi-adult-large-breed-poultry\/","title":{"rendered":"Quattro Maxi Adult Large Breed Poultry saus\u0101 bar\u012bba su\u0146iem"},"content":{"rendered":"<h3>Quattro Maxi Adult Large Breed Poultry &#8211; Super Premium klas\u0117s, sausas maistas suaugusiems dideli\u0173 veisli\u0173 \u0161unims su gard\u017eia pauk\u0161tiena. Maistas pagamintas naudojant inovatyvi\u0105 &#8222;freeze-dried meat coated&#8221; technologij\u0105. \u0160io i\u0161skirtinio sprendimo pagalba kiekviena pa\u0161aro granul\u0117 padengiama nat\u016bralia liofilizuota m\u0117sa, ne tik praturtinan\u010dia <a href=\"https:\/\/www.youtube.com\/watch?v=nHBX0FeuZ9w\" target=\"_blank\" rel=\"noopener\">Quattro<\/a> pa\u0161arus nat\u016braliai i\u0161saugotomis maistin\u0117mis med\u017eiagomis, bet ir u\u017etikrinan\u010dia puiku produkto \u0117damum\u0105.<\/h3>\n<div>\n<div>\n<ul>\n<li>Sveikai odai ir kailiui. S\u0117men\u0173 riebal\u0173 r\u016bg\u0161tys, cinkas ir B grup\u0117s vitaminai padeda i\u0161laikyti sveik\u0105 od\u0105, mink\u0161t\u0105 ir blizgant\u012f kail\u012f.<\/li>\n<li>Nat\u016bral\u016bs prebiotikai. Mannan-oligosacharidais, inulinu ir jukos ekstraktais praturtinta Quattro Maxi Adult Large Breed Poultry maisto sud\u0117ties formul\u0117 padeda palaikyti sveik\u0105 \u017earnyno flor\u0105, teikdama maist\u0105 naudingosioms bakterijoms.<\/li>\n<li>Stipr\u016bs raumenys. Stiprius augintinio raumenis palaiko sud\u0117tyje esantis gausus gyv\u016bnini\u0173 baltym\u0173 kiekis.<\/li>\n<li>Mobilumo palaikymas. Gliukozaminas, chondroitino sulfatas ir Omega-3 riebal\u0173 r\u016bg\u0161tys padeda palaikyti s\u0105nari\u0173 audini\u0173 atsinaujinim\u0105.<\/li>\n<li>Pritaikytas dideli\u0173 \u0161un\u0173 poreikiams. Quattro Maxi Adult Large Breed Poultry sausas maistas tinkamas dideli\u0173 veisli\u0173 \u0161unims\u00a0sveriantiems nuo 25 iki 60 kg.<\/li>\n<li>Be kvie\u010di\u0173.\u00a0Tinka jautrios odos ir skrand\u017eio \u0161unims &#8211; <a href=\"https:\/\/zooprekes24.lt\/?s=royal+canin+hypo&amp;post_type=product&amp;filters=paskirtis[3957]\">padeda i\u0161vengti alergini\u0173 reakcij\u0173<\/a>, kurias sukelia kvie\u010di\u0173 glitimas.<\/li>\n<li>100 % Lietuvoje u\u017eauginta pauk\u0161tiena.<\/li>\n<li>79 % baltym\u0173 i\u0161 gyv\u016bnin\u0117s kilm\u0117s ingredient\u0173.<\/li>\n<li>0 % dirbtini\u0173 da\u017eikli\u0173 ir skoni\u0173 stiprikli\u0173.<\/li>\n<\/ul>\n<\/div>\n<\/div>\n","protected":false},"excerpt":{"rendered":"<p>Quattro Maxi Adult Large Breed Poultry &#8211; Super Premium klas\u0117s, sausas maistas suaugusiems dideli\u0173 veisli\u0173 \u0161unims su gard\u017eia pauk\u0161tiena. Maistas pagamintas naudojant inovatyvi\u0105 &#8222;freeze-dried meat coated&#8221; technologij\u0105. \u0160io i\u0161skirtinio sprendimo pagalba kiekviena pa\u0161aro granul\u0117 padengiama nat\u016bralia liofilizuota m\u0117sa, ne tik praturtinan\u010dia Quattro pa\u0161arus nat\u016braliai i\u0161saugotomis maistin\u0117mis med\u017eiagomis, bet ir u\u017etikrinan\u010dia puiku produkto \u0117damum\u0105. Sveikai odai&#8230;<\/p>","protected":false},"featured_media":20285,"comment_status":"closed","ping_status":"closed","template":"","meta":{"_acf_changed":false,"slim_seo":{"title":"Quattro Maxi Adult Large Breed Poultry sausas maistas \u0161unims - Zooprekes24","description":"Quattro Maxi Adult Large Breed Poultry - Super Premium saus\u0101 bar\u012bba pieaugu\u0161iem lielo \u0161\u0137ir\u0146u su\u0146iem ar gardu m\u0101jputnu ga\u013cu. Bar\u012bba ir izgatavota, izmantojot"},"iawp_total_views":127},"product_brand":[],"product_cat":[9055,9076,9002,8999,29,31],"product_tag":[177,743,751,200],"class_list":{"0":"post-23678","1":"product","2":"type-product","3":"status-publish","4":"has-post-thumbnail","6":"product_cat-isdziovintas-saltyje-maistas","7":"product_cat-quattro-sunims","8":"product_cat-sausas-maistas","9":"product_cat-sunims","10":"product_cat-sunu-maistas","11":"product_cat-sunu-prekiu-gamintojai","12":"product_tag-edalas-sunims","13":"product_tag-isdziovintas-saltyje-maistas","14":"product_tag-quattro-isdziovintas-saltyje","15":"product_tag-super-premium-maistas-sunims","16":"pa_pasaro-sudetis-vistiena","17":"pa_prekiu-zenklai-quattro","18":"pa_suns-amzius-suaugusiems","19":"pa_veisles-dydis-didelems-veislems","21":"first","22":"instock","23":"sale","24":"featured","25":"taxable","26":"shipping-taxable","27":"purchasable","28":"product-type-variable"},"acf":[],"_links":{"self":[{"href":"https:\/\/zooprekes24.lt\/lv\/wp-json\/wp\/v2\/product\/23678","targetHints":{"allow":["GET"]}}],"collection":[{"href":"https:\/\/zooprekes24.lt\/lv\/wp-json\/wp\/v2\/product"}],"about":[{"href":"https:\/\/zooprekes24.lt\/lv\/wp-json\/wp\/v2\/types\/product"}],"replies":[{"embeddable":true,"href":"https:\/\/zooprekes24.lt\/lv\/wp-json\/wp\/v2\/comments?post=23678"}],"wp:featuredmedia":[{"embeddable":true,"href":"https:\/\/zooprekes24.lt\/lv\/wp-json\/wp\/v2\/media\/20285"}],"wp:attachment":[{"href":"https:\/\/zooprekes24.lt\/lv\/wp-json\/wp\/v2\/media?parent=23678"}],"wp:term":[{"taxonomy":"product_brand","embeddable":true,"href":"https:\/\/zooprekes24.lt\/lv\/wp-json\/wp\/v2\/product_brand?post=23678"},{"taxonomy":"product_cat","embeddable":true,"href":"https:\/\/zooprekes24.lt\/lv\/wp-json\/wp\/v2\/product_cat?post=23678"},{"taxonomy":"product_tag","embeddable":true,"href":"https:\/\/zooprekes24.lt\/lv\/wp-json\/wp\/v2\/product_tag?post=23678"}],"curies":[{"name":"wp","href":"https:\/\/api.w.org\/{rel}","templated":true}]}}