{"id":23663,"date":"2024-04-19T13:23:47","date_gmt":"2024-04-19T10:23:47","guid":{"rendered":"https:\/\/zooprekes24.lt\/produktas\/quattro-junior-small-breed-duck\/"},"modified":"2026-04-20T09:40:28","modified_gmt":"2026-04-20T07:40:28","slug":"quattro-juniors-mazo-skirnu-piles","status":"publish","type":"product","link":"https:\/\/zooprekes24.lt\/lv\/produktas\/quattro-junior-small-breed-duck\/","title":{"rendered":"Quattro Junior Small Breed Duck saus\u0101 bar\u012bba su\u0146iem"},"content":{"rendered":"<h3>Quattro Junior Small Breed Duck &#8211; Super Premium klas\u0117s, begr\u016bdis sausas maistas jauniems \u0161unims\u00a0nuo 2 iki 12 m\u0117nesi\u0173 am\u017eiaus.\u00a0Maistas pagamintas naudojant inovatyvi\u0105 &#8222;freeze-dried meat coated&#8221; technologij\u0105. \u0160io i\u0161skirtinio sprendimo pagalba kiekviena pa\u0161aro granul\u0117 padengiama nat\u016bralia liofilizuota m\u0117sa, ne tik praturtinan\u010dia Quattro pa\u0161arus nat\u016braliai i\u0161saugotomis maistin\u0117mis med\u017eiagomis, bet ir u\u017etikrinan\u010dia puiku produkto \u0117damum\u0105.<\/h3>\n<div>\n<div>\n<ul>\n<li>Sveikas augimas. Sud\u0117tyje esan\u010dios Omega 3 ir 6 riebal\u0173 r\u016bg\u0161tys ne tik puosel\u0117ja ir dr\u0117kina jaun\u0173 \u0161un\u0173 od\u0105 ir kail\u012f, bet ir stiprina \u0161irdies veikl\u0105 bei palaiko ger\u0105\u00a0smegen\u0173, regos ir nerv\u0173 sistemos vystym\u0105si.<\/li>\n<li>Jautriam vir\u0161kinimui. Quattro Junior Small Breed Duck\u00a0\u0117dalo sud\u0117tyje naudojama auk\u0161tos kokyb\u0117s antiena suteikia augantiems \u0161uniukams lengvai vir\u0161kinam\u0173 baltym\u0173. Prebiotikai ir augalin\u0117s kilm\u0117s skaidulos palaiko vir\u0161kinam\u0105j\u012f trakt\u0105 ir padeda u\u017etikrinti tinkam\u0105 augintinio i\u0161mat\u0173 kokyb\u0119.<\/li>\n<li>Optimalus imuniteto palaikymas. D\u017eiovinti \u017eoleli\u0173 ir vaisi\u0173 ekstraktai (rozmarinas, ciber\u017eol\u0117, gvazdik\u0117liai, greipfrut\u0173 ekstraktas, medetkos \u017eiedai) visi\u0161kai nat\u016braliai saugo augintin\u012f nuo neigiamo laisv\u0173j\u0173 radikal\u0173 poveikio, tuo pa\u010diu palaikant auk\u0161\u010diausi\u0105 imunin\u0119 sistemos veikl\u0105.<\/li>\n<li>Joki\u0173 gr\u016bd\u0173. <a href=\"https:\/\/zooprekes24.lt\/kategorija\/prekes-sunims\/sunu-maistas\/?filters=veisles-dydis[238]\" target=\"_blank\" rel=\"noopener\">Ma\u017e\u0173 veisli\u0173 \u0161unims<\/a> skirta <a href=\"https:\/\/www.quattropet.com\/lt\" target=\"_blank\" rel=\"noopener\">produkt\u0173 linija pagaminta i\u0161kirtinai be gr\u016bd\u0173<\/a>. Gamybai naudojamos sald\u017eios bulv\u0117s bei burok\u0117li\u0173 mink\u0161timas, kurie puikiai tiks kasdienei jautrios vir\u0161kinimo sistemos \u0161uniuk\u0173 mitybai.<\/li>\n<li>83 % baltym\u0173 i\u0161 gyv\u016bnin\u0117s kilm\u0117s ingredient\u0173. Quattro Junior Small Breed Duck\u00a0maisto gamyboje naudojama gyv\u016bno raumens m\u0117sa &#8211; baltym\u0173 \u0161altinis. Kaulai &#8211; kalciui ir fosforui. Kremzliniai audiniai &#8211; s\u0105nari\u0173 palaikymui. Organai &#8211; nat\u016braliam vitamin\u0173 ir mineral\u0173 \u0161altiniui.<\/li>\n<\/ul>\n<\/div>\n<\/div>\n","protected":false},"excerpt":{"rendered":"<p>Quattro Junior Small Breed Duck &#8211; Super Premium klas\u0117s, begr\u016bdis sausas maistas jauniems \u0161unims\u00a0nuo 2 iki 12 m\u0117nesi\u0173 am\u017eiaus.\u00a0Maistas pagamintas naudojant inovatyvi\u0105 &#8222;freeze-dried meat coated&#8221; technologij\u0105. \u0160io i\u0161skirtinio sprendimo pagalba kiekviena pa\u0161aro granul\u0117 padengiama nat\u016bralia liofilizuota m\u0117sa, ne tik praturtinan\u010dia Quattro pa\u0161arus nat\u016braliai i\u0161saugotomis maistin\u0117mis med\u017eiagomis, bet ir u\u017etikrinan\u010dia puiku produkto \u0117damum\u0105. Sveikas augimas. Sud\u0117tyje&#8230;<\/p>","protected":false},"featured_media":20280,"comment_status":"closed","ping_status":"closed","template":"","meta":{"_acf_changed":false,"slim_seo":{"title":"Quattro Junior Small Breed Duck sausas maistas \u0161unims - Zooprekes24","description":"Quattro Junior Small Breed Duck ir augst\u0101k\u0101s kvalit\u0101tes saus\u0101 bar\u012bba bez graudiem jaunajiem su\u0146iem vecum\u0101 no 2 l\u012bdz 12 m\u0113ne\u0161iem. Bar\u012bba ir ra\u017eota, izmantojot inovat\u012bvu"},"iawp_total_views":310},"product_brand":[],"product_cat":[9001,9055,9076,9002,8999,29,31],"product_tag":[175,176,177,743,260,751,200],"class_list":{"0":"post-23663","1":"product","2":"type-product","3":"status-publish","4":"has-post-thumbnail","6":"product_cat-begrudis-maistas","7":"product_cat-isdziovintas-saltyje-maistas","8":"product_cat-quattro-sunims","9":"product_cat-sausas-maistas","10":"product_cat-sunims","11":"product_cat-sunu-maistas","12":"product_cat-sunu-prekiu-gamintojai","13":"product_tag-begrudis-maistas-sunims","14":"product_tag-begrudis-sunu-maistas","15":"product_tag-edalas-sunims","16":"product_tag-isdziovintas-saltyje-maistas","17":"product_tag-maistas-alergiskiems-sunims","18":"product_tag-quattro-isdziovintas-saltyje","19":"product_tag-super-premium-maistas-sunims","20":"pa_pasaro-sudetis-antiena","21":"pa_prekiu-zenklai-quattro","22":"pa_suns-amzius-jauniems","23":"pa_veisles-dydis-mazoms-veislems","25":"first","26":"instock","27":"sale","28":"featured","29":"taxable","30":"shipping-taxable","31":"purchasable","32":"product-type-variable"},"acf":[],"_links":{"self":[{"href":"https:\/\/zooprekes24.lt\/lv\/wp-json\/wp\/v2\/product\/23663","targetHints":{"allow":["GET"]}}],"collection":[{"href":"https:\/\/zooprekes24.lt\/lv\/wp-json\/wp\/v2\/product"}],"about":[{"href":"https:\/\/zooprekes24.lt\/lv\/wp-json\/wp\/v2\/types\/product"}],"replies":[{"embeddable":true,"href":"https:\/\/zooprekes24.lt\/lv\/wp-json\/wp\/v2\/comments?post=23663"}],"wp:featuredmedia":[{"embeddable":true,"href":"https:\/\/zooprekes24.lt\/lv\/wp-json\/wp\/v2\/media\/20280"}],"wp:attachment":[{"href":"https:\/\/zooprekes24.lt\/lv\/wp-json\/wp\/v2\/media?parent=23663"}],"wp:term":[{"taxonomy":"product_brand","embeddable":true,"href":"https:\/\/zooprekes24.lt\/lv\/wp-json\/wp\/v2\/product_brand?post=23663"},{"taxonomy":"product_cat","embeddable":true,"href":"https:\/\/zooprekes24.lt\/lv\/wp-json\/wp\/v2\/product_cat?post=23663"},{"taxonomy":"product_tag","embeddable":true,"href":"https:\/\/zooprekes24.lt\/lv\/wp-json\/wp\/v2\/product_tag?post=23663"}],"curies":[{"name":"wp","href":"https:\/\/api.w.org\/{rel}","templated":true}]}}