{"id":23657,"date":"2024-04-19T13:23:47","date_gmt":"2024-04-19T10:23:47","guid":{"rendered":"https:\/\/zooprekes24.lt\/produktas\/quattro-senior-small-breed-fish\/"},"modified":"2026-04-20T09:35:34","modified_gmt":"2026-04-20T07:35:34","slug":"quattro-senior-mazo-skirnu-zivis","status":"publish","type":"product","link":"https:\/\/zooprekes24.lt\/lv\/produktas\/quattro-senior-small-breed-fish\/","title":{"rendered":"Quattro Senior Small Breed Fish saus\u0101 bar\u012bba su\u0146iem"},"content":{"rendered":"<h3>Quattro Senior Small Breed Fish &#8211; Super Premium klas\u0117s, begr\u016bdis sausas maistas vyresniems nei 10 met\u0173 \u0161unims. Maistas pagamintas naudojant inovatyvi\u0105 &#8222;freeze-dried meat coated&#8221; technologij\u0105. \u0160io i\u0161skirtinio sprendimo pagalba kiekviena pa\u0161aro granul\u0117 padengiama nat\u016bralia liofilizuota m\u0117sa, ne tik praturtinan\u010dia Quattro pa\u0161arus nat\u016braliai i\u0161saugotomis maistin\u0117mis med\u017eiagomis, bet ir u\u017etikrinan\u010dia puiku produkto \u0117damum\u0105. \u0116dalas taip pat tinkamas\u00a0\u0161unims kurie link\u0119 priaugti svorio.<\/h3>\n<div>\n<div>\n<ul>\n<li>Omega 3 ir Omega 6 riebal\u0173 r\u016bg\u0161tys. Puosel\u0117ja ir dr\u0117kina \u0161uns od\u0105 ir kail\u012f, stiprina \u0161irdies veikl\u0105 ir palaiko bendr\u0105 augintinio psichin\u0119 savijaut\u0105.<\/li>\n<li>\n<div>Pagalba sen\u0117jimui. Quattro Senior Small Breed Fish \u0117dalas palaiko sveik\u0105 vyresnio am\u017eiaus ma\u017e\u0173 veisli\u0173 \u0161un\u0173 sen\u0117jim\u0105 d\u0117l penki\u0173 vaisi\u0173 ir \u017eoleli\u0173 ekstrakt\u0173, kurie veikia kaip nat\u016bral\u016bs antioksidantai, l\u0117tinantys l\u0105steli\u0173 sen\u0117jim\u0105.<\/div>\n<\/li>\n<li>Svorio kontrol\u0117.\u00a0Maisto sud\u0117tyje esantis\u00a0L-karnitinas, skatinantis riebal\u0173 apykait\u0105 ir augalin\u0117s kilm\u0117s skaidulos, u\u017etikrina augintinio sotumo jausm\u0105 be papildom\u0173 kalorij\u0173 ir padeda i\u0161laikyti optimal\u0173 \u0161uns svor\u012f.<\/li>\n<li>Praturtinta Antarkties kriliais. \u0160variame Antarkties vandenyne randami ma\u017ei, \u012f krevet\u0119 pana\u0161\u016bs, v\u0117\u017eiagyviai \u2013 kriliai praturtinti dokozaheksaeno (DHA) ir eikozapentaeno (EPA) riebal\u0173 r\u016bg\u0161timis, kurios gerina vyresnio am\u017eiaus \u0161uns pa\u017einimo ir atminties funkcijas.<\/li>\n<li>Joki\u0173 gr\u016bd\u0173. <a href=\"https:\/\/zooprekes24.lt\/kategorija\/prekes-sunims\/sunu-maistas\/?filters=veisles-dydis[238]\" target=\"_blank\" rel=\"noopener\">Ma\u017e\u0173 veisli\u0173 \u0161unims<\/a> skirta <a href=\"https:\/\/www.quattropet.com\/lt\" target=\"_blank\" rel=\"noopener\">produkt\u0173 linija pagaminta i\u0161kirtinai be gr\u016bd\u0173<\/a>. Gamybai naudojamos sald\u017eios bulv\u0117s bei burok\u0117li\u0173 mink\u0161timas, kurie puikiai tiks kasdienei \u012f alergijas linkusiam arba jautrios vir\u0161kinimo sistemos \u0161uns mitybai.<\/li>\n<li>72 % baltym\u0173 i\u0161 gyv\u016bnin\u0117s kilm\u0117s ingredient\u0173. Quattro Senior Small Breed Fish maisto gamyboje naudojama \u017euvies m\u0117sa &#8211; baltym\u0173 \u0161altinis. Kaulai &#8211; kalciui ir fosforui. Kremzliniai audiniai &#8211; s\u0105nari\u0173 palaikymui. Organai &#8211; nat\u016braliam vitamin\u0173 ir mineral\u0173 \u0161altiniui.<\/li>\n<\/ul>\n<\/div>\n<\/div>\n","protected":false},"excerpt":{"rendered":"<p>Quattro Senior Small Breed Fish &#8211; Super Premium klas\u0117s, begr\u016bdis sausas maistas vyresniems nei 10 met\u0173 \u0161unims. Maistas pagamintas naudojant inovatyvi\u0105 &#8222;freeze-dried meat coated&#8221; technologij\u0105. \u0160io i\u0161skirtinio sprendimo pagalba kiekviena pa\u0161aro granul\u0117 padengiama nat\u016bralia liofilizuota m\u0117sa, ne tik praturtinan\u010dia Quattro pa\u0161arus nat\u016braliai i\u0161saugotomis maistin\u0117mis med\u017eiagomis, bet ir u\u017etikrinan\u010dia puiku produkto \u0117damum\u0105. \u0116dalas taip pat tinkamas\u00a0\u0161unims&#8230;<\/p>","protected":false},"featured_media":20278,"comment_status":"closed","ping_status":"closed","template":"","meta":{"_acf_changed":false,"slim_seo":{"title":"Quattro Senior Small Breed Fish sausas maistas \u0161unims - Zooprekes24","description":"Quattro Senior Small Breed Fish - Super Premium saus\u0101 bar\u012bba bez graudiem su\u0146iem, kas vec\u0101ki par 10 gadiem. Bar\u012bba ir ra\u017eota, izmantojot inovat\u012bvu sald\u0113\u0161anas metodi."},"iawp_total_views":210},"product_brand":[],"product_cat":[9001,9055,9076,9002,8999,29,31],"product_tag":[175,176,177,743,260,4414,751,200],"class_list":{"0":"post-23657","1":"product","2":"type-product","3":"status-publish","4":"has-post-thumbnail","6":"product_cat-begrudis-maistas","7":"product_cat-isdziovintas-saltyje-maistas","8":"product_cat-quattro-sunims","9":"product_cat-sausas-maistas","10":"product_cat-sunims","11":"product_cat-sunu-maistas","12":"product_cat-sunu-prekiu-gamintojai","13":"product_tag-begrudis-maistas-sunims","14":"product_tag-begrudis-sunu-maistas","15":"product_tag-edalas-sunims","16":"product_tag-isdziovintas-saltyje-maistas","17":"product_tag-maistas-alergiskiems-sunims","18":"product_tag-maistas-nutukusiam-suniui","19":"product_tag-quattro-isdziovintas-saltyje","20":"product_tag-super-premium-maistas-sunims","21":"pa_pasaro-sudetis-juros-gerybes","22":"pa_pasaro-sudetis-zuvis","23":"pa_prekiu-zenklai-quattro","24":"pa_suns-amzius-senjorams","25":"pa_suns-amzius-suaugusiems","26":"pa_veisles-dydis-mazoms-veislems","28":"first","29":"instock","30":"sale","31":"featured","32":"taxable","33":"shipping-taxable","34":"purchasable","35":"product-type-variable"},"acf":[],"_links":{"self":[{"href":"https:\/\/zooprekes24.lt\/lv\/wp-json\/wp\/v2\/product\/23657","targetHints":{"allow":["GET"]}}],"collection":[{"href":"https:\/\/zooprekes24.lt\/lv\/wp-json\/wp\/v2\/product"}],"about":[{"href":"https:\/\/zooprekes24.lt\/lv\/wp-json\/wp\/v2\/types\/product"}],"replies":[{"embeddable":true,"href":"https:\/\/zooprekes24.lt\/lv\/wp-json\/wp\/v2\/comments?post=23657"}],"wp:featuredmedia":[{"embeddable":true,"href":"https:\/\/zooprekes24.lt\/lv\/wp-json\/wp\/v2\/media\/20278"}],"wp:attachment":[{"href":"https:\/\/zooprekes24.lt\/lv\/wp-json\/wp\/v2\/media?parent=23657"}],"wp:term":[{"taxonomy":"product_brand","embeddable":true,"href":"https:\/\/zooprekes24.lt\/lv\/wp-json\/wp\/v2\/product_brand?post=23657"},{"taxonomy":"product_cat","embeddable":true,"href":"https:\/\/zooprekes24.lt\/lv\/wp-json\/wp\/v2\/product_cat?post=23657"},{"taxonomy":"product_tag","embeddable":true,"href":"https:\/\/zooprekes24.lt\/lv\/wp-json\/wp\/v2\/product_tag?post=23657"}],"curies":[{"name":"wp","href":"https:\/\/api.w.org\/{rel}","templated":true}]}}