{"id":23651,"date":"2024-04-19T13:23:47","date_gmt":"2024-04-19T10:23:47","guid":{"rendered":"https:\/\/zooprekes24.lt\/produktas\/quattro-adult-small-breed-salmon\/"},"modified":"2026-04-20T09:33:06","modified_gmt":"2026-04-20T07:33:06","slug":"quattro-pieaugusajiem-mazo-skirnu-lasiem","status":"publish","type":"product","link":"https:\/\/zooprekes24.lt\/lv\/produktas\/quattro-adult-small-breed-salmon\/","title":{"rendered":"Quattro Adult Small Breed Salmon saus\u0101 bar\u012bba su\u0146iem"},"content":{"rendered":"<h3>Quattro Adult Small Breed Salmon &#8211; Super Premium klas\u0117s, begr\u016bdis sausas maistas suaugusiems ma\u017e\u0173 veisli\u0173 \u0161unims, kuriems \u012ftariama alergija maistui. Maistas pagamintas naudojant inovatyvi\u0105 &#8222;freeze-dried meat coated&#8221; technologij\u0105. \u0160io i\u0161skirtinio sprendimo pagalba kiekviena pa\u0161aro granul\u0117 padengiama nat\u016bralia liofilizuota m\u0117sa, ne tik praturtinan\u010dia Quattro pa\u0161arus nat\u016braliai i\u0161saugotomis maistin\u0117mis med\u017eiagomis, bet ir u\u017etikrinan\u010dia puiku produkto \u0117damum\u0105.<\/h3>\n<div>\n<div>\n<ul>\n<li>Omega 3 ir Omega 6 riebal\u0173 r\u016bg\u0161tys. Puosel\u0117ja ir dr\u0117kina \u0161uns od\u0105 ir kail\u012f, stiprina \u0161irdies veikl\u0105 ir palaiko bendr\u0105 augintinio psichin\u0119 savijaut\u0105.<\/li>\n<li>Hipoalergenin\u0117 formul\u0117.\u00a0Quattro Adult Small Breed Salmon \u0117dalo sud\u0117tyje naudojama auk\u0161tos kokyb\u0117s la\u0161i\u0161a suteikia \u0161uniui lengvai vir\u0161kinam\u0173 baltym\u0173. Prebiotikai ir augalin\u0117s kilm\u0117s skaidulos palaiko vir\u0161kinam\u0105j\u012f trakt\u0105 ir padeda palaikyti tinkam\u0105 augintinio i\u0161mat\u0173 kokyb\u0119.<\/li>\n<li>Praturtinta Antarkties kriliais. \u0160variame Antarkties vandenyne randami ma\u017ei, \u012f krevet\u0119 pana\u0161\u016bs, v\u0117\u017eiagyviai \u2013 kriliai u\u017etikrina\u00a0normali\u0105 augintinio smegen\u0173 ir reg\u0117jimo veikl\u0105, taip pat veikia kaip nat\u016bralus antioksidantas, palaikantis optimali\u0105 \u0161uns imunin\u0117s sistemos veikl\u0105.<\/li>\n<li>Joki\u0173 gr\u016bd\u0173. <a href=\"https:\/\/zooprekes24.lt\/kategorija\/prekes-sunims\/sunu-maistas\/?filters=veisles-dydis[238]\" target=\"_blank\" rel=\"noopener\">Ma\u017e\u0173 veisli\u0173 \u0161unims<\/a> skirta <a href=\"https:\/\/www.quattropet.com\/lt\" target=\"_blank\" rel=\"noopener\">produkt\u0173 linija pagaminta i\u0161kirtinai be gr\u016bd\u0173<\/a>. Gamybai naudojamos sald\u017eios bulv\u0117s bei burok\u0117li\u0173 mink\u0161timas, kurie puikiai tiks kasdienei \u012f alergijas linkusiam arba jautrios vir\u0161kinimo sistemos \u0161uns mitybai.<\/li>\n<li>73 % baltym\u0173 i\u0161 gyv\u016bnin\u0117s kilm\u0117s ingredient\u0173. Quattro Adult Small Breed Salmon maisto gamyboje naudojama \u017euvies m\u0117sa &#8211; baltym\u0173 \u0161altinis. Kaulai &#8211; kalciui ir fosforui. Kremzliniai audiniai &#8211; s\u0105nari\u0173 palaikymui. Organai &#8211; nat\u016braliam vitamin\u0173 ir mineral\u0173 \u0161altiniui.<\/li>\n<\/ul>\n<\/div>\n<\/div>\n","protected":false},"excerpt":{"rendered":"<p>Quattro Adult Small Breed Salmon &#8211; Super Premium klas\u0117s, begr\u016bdis sausas maistas suaugusiems ma\u017e\u0173 veisli\u0173 \u0161unims, kuriems \u012ftariama alergija maistui. Maistas pagamintas naudojant inovatyvi\u0105 &#8222;freeze-dried meat coated&#8221; technologij\u0105. \u0160io i\u0161skirtinio sprendimo pagalba kiekviena pa\u0161aro granul\u0117 padengiama nat\u016bralia liofilizuota m\u0117sa, ne tik praturtinan\u010dia Quattro pa\u0161arus nat\u016braliai i\u0161saugotomis maistin\u0117mis med\u017eiagomis, bet ir u\u017etikrinan\u010dia puiku produkto \u0117damum\u0105. Omega&#8230;<\/p>","protected":false},"featured_media":20275,"comment_status":"closed","ping_status":"closed","template":"","meta":{"_acf_changed":false,"slim_seo":{"title":"Quattro Adult Small Breed Salmon sausas maistas \u0161unims - Zooprekes24","description":"Quattro Adult Small Breed Salmon - Super Premium saus\u0101 bar\u012bba bez graudiem pieaugu\u0161iem mazo \u0161\u0137ir\u0146u su\u0146iem ar aizdom\u0101m par p\u0101rtikas aler\u0123iju. Bar\u012bba ir piem\u0113rota visu tipu su\u0146iem ar augstu risku, ka su\u0146iem ir liekais svars vai nepietiekams svars."},"iawp_total_views":282},"product_brand":[],"product_cat":[9001,9055,9076,9002,8999,29,31],"product_tag":[175,176,177,743,260,751,200],"class_list":{"0":"post-23651","1":"product","2":"type-product","3":"status-publish","4":"has-post-thumbnail","6":"product_cat-begrudis-maistas","7":"product_cat-isdziovintas-saltyje-maistas","8":"product_cat-quattro-sunims","9":"product_cat-sausas-maistas","10":"product_cat-sunims","11":"product_cat-sunu-maistas","12":"product_cat-sunu-prekiu-gamintojai","13":"product_tag-begrudis-maistas-sunims","14":"product_tag-begrudis-sunu-maistas","15":"product_tag-edalas-sunims","16":"product_tag-isdziovintas-saltyje-maistas","17":"product_tag-maistas-alergiskiems-sunims","18":"product_tag-quattro-isdziovintas-saltyje","19":"product_tag-super-premium-maistas-sunims","20":"pa_pasaro-sudetis-juros-gerybes","21":"pa_pasaro-sudetis-lasisa","22":"pa_pasaro-sudetis-zuvis","23":"pa_prekiu-zenklai-quattro","24":"pa_suns-amzius-suaugusiems","25":"pa_veisles-dydis-mazoms-veislems","27":"first","28":"instock","29":"sale","30":"featured","31":"taxable","32":"shipping-taxable","33":"purchasable","34":"product-type-variable"},"acf":[],"_links":{"self":[{"href":"https:\/\/zooprekes24.lt\/lv\/wp-json\/wp\/v2\/product\/23651","targetHints":{"allow":["GET"]}}],"collection":[{"href":"https:\/\/zooprekes24.lt\/lv\/wp-json\/wp\/v2\/product"}],"about":[{"href":"https:\/\/zooprekes24.lt\/lv\/wp-json\/wp\/v2\/types\/product"}],"replies":[{"embeddable":true,"href":"https:\/\/zooprekes24.lt\/lv\/wp-json\/wp\/v2\/comments?post=23651"}],"wp:featuredmedia":[{"embeddable":true,"href":"https:\/\/zooprekes24.lt\/lv\/wp-json\/wp\/v2\/media\/20275"}],"wp:attachment":[{"href":"https:\/\/zooprekes24.lt\/lv\/wp-json\/wp\/v2\/media?parent=23651"}],"wp:term":[{"taxonomy":"product_brand","embeddable":true,"href":"https:\/\/zooprekes24.lt\/lv\/wp-json\/wp\/v2\/product_brand?post=23651"},{"taxonomy":"product_cat","embeddable":true,"href":"https:\/\/zooprekes24.lt\/lv\/wp-json\/wp\/v2\/product_cat?post=23651"},{"taxonomy":"product_tag","embeddable":true,"href":"https:\/\/zooprekes24.lt\/lv\/wp-json\/wp\/v2\/product_tag?post=23651"}],"curies":[{"name":"wp","href":"https:\/\/api.w.org\/{rel}","templated":true}]}}