{"id":23645,"date":"2024-04-19T13:23:37","date_gmt":"2024-04-19T10:23:37","guid":{"rendered":"https:\/\/zooprekes24.lt\/produktas\/royal-canin-sensory-feel-konservai\/"},"modified":"2025-07-01T17:00:55","modified_gmt":"2025-07-01T15:00:55","slug":"royal-canin-sensory-feel-konservu-bariba","status":"publish","type":"product","link":"https:\/\/zooprekes24.lt\/lv\/produktas\/royal-canin-sensory-feel-konservai\/","title":{"rendered":"Royal Canin Sensory Feel konservai kat\u0117ms pada\u017ee"},"content":{"rendered":"<h3>Royal Canin Sensory Feel ir sabalans\u0113ta mitr\u0101 ka\u0137u bar\u012bba pieaugu\u0161iem ka\u0137iem no 1 l\u012bdz 7 gadu vecumam. \u012apa\u0161\u0101 konservu formula ir izstr\u0101d\u0101ta, \u0146emot v\u0113r\u0101 dz\u012bvnieka ma\u0146u pieredzi, \u0113dot bar\u012bbu, kas ir tikpat svar\u012bga k\u0101 pati gar\u0161as saj\u016bta. T\u0101 ir kop\u0113j\u0101 fizisk\u0101 un \u0137\u012bmisk\u0101 mijiedarb\u012bba ar bar\u012bbu, s\u0101kot no pirm\u0101 kodiena l\u012bdz pat visp\u0101r\u0113jai bar\u012bbas gar\u0161as uztverei, ko ka\u0137is izj\u016bt ar auksl\u0113jas, ko\u0161\u013c\u0101\u0161anas un r\u012b\u0161anas pal\u012bdz\u012bbu. Unik\u0101l\u0101 ra\u017eo\u0161anas tehnolo\u0123ija pie\u0161\u0137ir konserviem kr\u0113m\u012bgu, m\u0113rcei l\u012bdz\u012bgu konsistenci, kas ne tikai ilg\u0101k saglab\u0101jas ka\u0137a mut\u0113, bet ar\u012b nodro\u0161ina veiksm\u012bgu ka\u0137a baro\u0161anas s\u0101kumu un visp\u0101r\u0113ju aizraujo\u0161u pieredzi.<\/h3>\n<ul>\n<li>Pateicoties inovat\u012bvai ra\u017eo\u0161anas tehnolo\u0123ijai, Royal Canin Senosory Feel bar\u012bbas konservi ne tikai nodro\u0161in\u0101s br\u012bni\u0161\u0137\u012bgu tekst\u016bras saj\u016btu, bet ar\u012b pal\u012bdz\u0113s stimul\u0113t j\u016bsu m\u012blu\u013ca ma\u0146u saj\u016btas, baudot bar\u012bbu. Tas padar\u012bs j\u016bsu izv\u0113l\u012bgo m\u0101jdz\u012bvnieku baro\u0161anu viegl\u0101ku un pat\u012bkam\u0101ku.<\/li>\n<li>Piepildiet sava ka\u0137a dz\u012bvi ar pat\u012bkamu atkl\u0101jumu ar <a href=\"https:\/\/www.youtube.com\/watch?v=7x2dGD1OtsA&amp;t\" target=\"_blank\" rel=\"noopener\">Royal Canin Sensory Feel konservi, kas nodro\u0161ina dabisku \u0113stgribas stimul\u0101ciju<\/a>\u00a0un ir ide\u0101li piem\u0113rots izv\u0113l\u012bgiem vai nepras\u012bgiem ka\u0137iem.<\/li>\n<li>Royal Canin Sensory Feel mitr\u0101 bar\u012bba ir izstr\u0101d\u0101ta t\u0101, lai t\u0101 atbilstu optim\u0101lajam bar\u012bbas profilam, ko ka\u0137i instinkt\u012bvi izv\u0113las.<\/li>\n<li>Izstr\u0101d\u0101ts ar \u012bpa\u0161u formulu, kas pal\u012bdz uztur\u0113t vesel\u012bgus ur\u012bnce\u013cus un pareizo pH l\u012bmeni, lai nov\u0113rstu nev\u0113lamu krist\u0101lu veido\u0161anos.<\/li>\n<li>Atkl\u0101jiet citus lieliski sader\u012bgus Royal Canin Sensory konservu l\u012bnijas produktus: <a href=\"https:\/\/zooprekes24.lt\/lv\/products\/royal-canin-sensoras-smarzas-konservi\/\" target=\"_blank\" rel=\"noopener\">Royal Canin Sensory Smell<\/a>, <a href=\"https:\/\/zooprekes24.lt\/lv\/products\/royal-canin-sensora-garsa\/\" target=\"_blank\" rel=\"noopener\">Royal Canin Sensory Taste.<\/a><\/li>\n<\/ul>\n<p><a ref=\"magnificPopup\" href=\"https:\/\/zooprekes24.lt\/wp-content\/uploads\/Royal-Canin-Sensory-Feel-konservai-padaze.png\"><img loading=\"lazy\" decoding=\"async\" class=\"alignnone wp-image-16106\" src=\"https:\/\/zooprekes24.lt\/wp-content\/uploads\/Royal-Canin-Sensory-Feel-konservai-padaze.png\" alt=\"Royal Canin Sensory Feel konservi m\u0113rc\u0113\" width=\"400\" height=\"316\" \/><\/a><\/p>","protected":false},"excerpt":{"rendered":"<p>Royal Canin Sensory Feel \u2013 tai subalansuotas \u0161lapias ka\u010di\u0173 pa\u0161aras, skirtas suaugusioms kat\u0117ms nuo 1 iki 7 met\u0173 am\u017eiaus. Ypatinga konserv\u0173 formul\u0117 sukurta atsi\u017evelgiant \u012f jutimin\u0119 gyv\u016bno patirt\u012f valgant maist\u0105, kuri yra ne k\u0105 ma\u017eiau svarbi nei pats skonio poj\u016btis. Tai yra bendra fizin\u0117 ir chemin\u0117 s\u0105veika su maistu nuo pirmojo k\u0105snelio iki bendro maisto&#8230;<\/p>","protected":false},"featured_media":18499,"comment_status":"closed","ping_status":"closed","template":"","meta":{"_acf_changed":false,"slim_seo":{"title":"Royal Canin Sensory Feel konservai kat\u0117ms pada\u017ee - Zooprekes24","description":"Royal Canin Sensory Feel ir sabalans\u0113ta mitr\u0101 ka\u0137u bar\u012bba pieaugu\u0161iem ka\u0137iem no 1 l\u012bdz 7 gadu vecumam. \u012apa\u0161\u0101 konservu formula ir izstr\u0101d\u0101ta saska\u0146\u0101 ar"},"iawp_total_views":177},"product_brand":[],"product_cat":[72,83,25,9019,9020],"product_tag":[1675,1682,2131,1696],"class_list":{"0":"post-23645","1":"product","2":"type-product","3":"status-publish","4":"has-post-thumbnail","6":"product_cat-kaciu-maistas","7":"product_cat-kaciu-prekiu-gamintojai","8":"product_cat-katems","9":"product_cat-royal-canin-kaciu-prekiu-gamintojai","10":"product_cat-slapias-maistas-kaciu-maistas","11":"product_tag-kaciu-edalas","12":"product_tag-kaciu-maistas-super-premium-klases","13":"product_tag-konservai-isrankioms-katems","14":"product_tag-super-premium-maistas-katems","15":"pa_pasaro-sudetis-zuvis","16":"pa_prekiu-zenklai-royal-canin","18":"first","19":"instock","20":"featured","21":"taxable","22":"shipping-taxable","23":"purchasable","24":"product-type-variable"},"acf":[],"_links":{"self":[{"href":"https:\/\/zooprekes24.lt\/lv\/wp-json\/wp\/v2\/product\/23645","targetHints":{"allow":["GET"]}}],"collection":[{"href":"https:\/\/zooprekes24.lt\/lv\/wp-json\/wp\/v2\/product"}],"about":[{"href":"https:\/\/zooprekes24.lt\/lv\/wp-json\/wp\/v2\/types\/product"}],"replies":[{"embeddable":true,"href":"https:\/\/zooprekes24.lt\/lv\/wp-json\/wp\/v2\/comments?post=23645"}],"wp:featuredmedia":[{"embeddable":true,"href":"https:\/\/zooprekes24.lt\/lv\/wp-json\/wp\/v2\/media\/18499"}],"wp:attachment":[{"href":"https:\/\/zooprekes24.lt\/lv\/wp-json\/wp\/v2\/media?parent=23645"}],"wp:term":[{"taxonomy":"product_brand","embeddable":true,"href":"https:\/\/zooprekes24.lt\/lv\/wp-json\/wp\/v2\/product_brand?post=23645"},{"taxonomy":"product_cat","embeddable":true,"href":"https:\/\/zooprekes24.lt\/lv\/wp-json\/wp\/v2\/product_cat?post=23645"},{"taxonomy":"product_tag","embeddable":true,"href":"https:\/\/zooprekes24.lt\/lv\/wp-json\/wp\/v2\/product_tag?post=23645"}],"curies":[{"name":"wp","href":"https:\/\/api.w.org\/{rel}","templated":true}]}}