{"id":23642,"date":"2024-04-19T13:23:37","date_gmt":"2024-04-19T10:23:37","guid":{"rendered":"https:\/\/zooprekes24.lt\/produktas\/royal-canin-sensory-taste-konservai\/"},"modified":"2025-07-01T16:58:41","modified_gmt":"2025-07-01T14:58:41","slug":"royal-canin-sensora-garsa","status":"publish","type":"product","link":"https:\/\/zooprekes24.lt\/lv\/produktas\/royal-canin-sensory-taste-konservai\/","title":{"rendered":"Royal Canin Sensory Taste konservai kat\u0117ms pada\u017ee"},"content":{"rendered":"<h3>Royal Canin Sensory Taste ir sabalans\u0113ta mitr\u0101 ka\u0137u bar\u012bba pieaugu\u0161iem ka\u0137iem no 1 l\u012bdz 7 gadu vecumam. Pievilc\u012bg\u0101 konservu formula ar unik\u0101lu tekst\u016bru pal\u012bdz stimul\u0113t ka\u0137a mutes dobuma saj\u016btas. Ga\u013cas gabali\u0146u mais\u012bjums m\u0113rc\u0113 nodro\u0161ina tekst\u016bras saj\u016btu \u0113\u0161anas laik\u0101 un stimul\u0113 gar\u0161as receptorus, nodro\u0161inot veiksm\u012bgu ka\u0137a baro\u0161anas s\u0101kumu un visp\u0101r\u0113ju saisto\u0161u pieredzi.<\/h3>\n<ul>\n<li>Ka\u0137iem nav vissp\u0113c\u012bg\u0101k\u0101s gar\u0161as izj\u016btas, jo tiem ir maz\u0101k gar\u0161as receptoru, ta\u010du t\u0101 ir patiesi unik\u0101la! Ka\u0137iem piem\u012bt smalka p\u0101rtikas gar\u0161u izj\u016bta, \u012bpa\u0161i piekt\u0101 (umami) gar\u0161a. Piekto gar\u0161u bie\u017ei raksturo k\u0101 buljonu vai pikantu gar\u0161u, kas \u012bpa\u0161i rakstur\u012bga ga\u013cai. Aminosk\u0101bes ir b\u016btiskas piekt\u0101s gar\u0161as att\u012bst\u012bb\u0101, kas ir neatkar\u012bga no p\u0101r\u0113j\u0101m \u010detr\u0101m pamatgar\u0161\u0101m: salduma, sk\u0101buma, s\u0101\u013cuma un pikantuma. T\u0101 k\u0101 ka\u0137i ir pl\u0113s\u0113ji, tie ir jut\u012bgi pret ga\u013cas gar\u0161\u0101m, kas saist\u012btas ar piekto gar\u0161u. Royal Canin Sensory Taste ka\u0137u konserviem ir garda vistas ga\u013cas gar\u0161a ar izteikt\u0101m grauzd\u0113tas, ga\u013cas, sk\u0101bas un karameliz\u0113tas p\u0101rtikas not\u012bm, kas stimul\u0113 ka\u0137a unik\u0101lo gar\u0161as izj\u016btu.<\/li>\n<li>Piepildiet sava ka\u0137a dz\u012bvi ar pat\u012bkamu atkl\u0101jumu ar <a href=\"https:\/\/www.youtube.com\/watch?v=7x2dGD1OtsA&amp;t\" target=\"_blank\" rel=\"noopener\">Royal Canin Sensory Taste konservi, kas nodro\u0161ina dabisku \u0113stgribas stimul\u0101ciju<\/a>\u00a0un ir ide\u0101li piem\u0113rots izv\u0113l\u012bgiem vai nepras\u012bgiem ka\u0137iem.<\/li>\n<li>Royal Canin Sensory Taste mitr\u0101 bar\u012bba ir izstr\u0101d\u0101ta t\u0101, lai t\u0101 atbilstu optim\u0101lajam bar\u012bbas profilam, ko ka\u0137i instinkt\u012bvi izv\u0113las.<\/li>\n<li>Izstr\u0101d\u0101ts ar \u012bpa\u0161u formulu, kas pal\u012bdz uztur\u0113t vesel\u012bgus ur\u012bnce\u013cus un pareizo pH l\u012bmeni, lai nov\u0113rstu nev\u0113lamu krist\u0101lu veido\u0161anos.<\/li>\n<li>Atkl\u0101jiet citus lieliski sader\u012bgus Royal Canin Sensory konservu l\u012bnijas produktus: <a href=\"https:\/\/zooprekes24.lt\/lv\/products\/royal-canin-sensoras-smarzas-konservi\/\" target=\"_blank\" rel=\"noopener\">Royal Canin Sensory Smell<\/a>, <a href=\"https:\/\/zooprekes24.lt\/lv\/products\/royal-canin-sensory-feel-konservu-bariba\/\" target=\"_blank\" rel=\"noopener\">Royal Canin Sensory Feel.<\/a><\/li>\n<\/ul>\n<p><a ref=\"magnificPopup\" href=\"https:\/\/zooprekes24.lt\/wp-content\/uploads\/Royal-Canin-Sensory-Taste-konservai-padaze.png\"><img loading=\"lazy\" decoding=\"async\" class=\"alignnone wp-image-16094\" src=\"https:\/\/zooprekes24.lt\/wp-content\/uploads\/Royal-Canin-Sensory-Taste-konservai-padaze.png\" alt=\"Royal Canin Sensory Taste konservi\" width=\"400\" height=\"316\" \/><\/a><\/p>","protected":false},"excerpt":{"rendered":"<p>Royal Canin Sensory Taste \u2013 tai subalansuotas \u0161lapias ka\u010di\u0173 pa\u0161aras, skirtas suaugusioms kat\u0117ms nuo 1 iki 7 met\u0173 am\u017eiaus. Patraukli konserv\u0173 formul\u0117 su unikalia tekst\u016bra, padeda skatinti kat\u0117s burnos poj\u016b\u010dius. Pada\u017ee esantis m\u0117sos gabaliuk\u0173 mi\u0161inys valgant suteikia tekst\u016bros poj\u016bt\u012f bei stimuliuoja maisto skonio receptorius, tai u\u017etikrina s\u0117kminga kat\u0117s maitinimosi prad\u017ei\u0105 ir bendra \u012ftraukian\u010di\u0105 patirt\u012f. Ka\u010di\u0173&#8230;<\/p>","protected":false},"featured_media":18495,"comment_status":"closed","ping_status":"closed","template":"","meta":{"_acf_changed":false,"slim_seo":{"title":"Royal Canin Sensory Taste konservai kat\u0117ms pada\u017ee - Zooprekes24","description":"Royal Canin Sensory Taste \u2013 tai subalansuotas \u0161lapias ka\u010di\u0173 pa\u0161aras, skirtas suaugusioms kat\u0117ms nuo 1 iki 7 met\u0173 am\u017eiaus. Patraukli konserv\u0173 formul\u0117 su unikalia"},"iawp_total_views":225},"product_brand":[],"product_cat":[72,83,25,9019,9020],"product_tag":[1675,1682,2131,1696],"class_list":{"0":"post-23642","1":"product","2":"type-product","3":"status-publish","4":"has-post-thumbnail","6":"product_cat-kaciu-maistas","7":"product_cat-kaciu-prekiu-gamintojai","8":"product_cat-katems","9":"product_cat-royal-canin-kaciu-prekiu-gamintojai","10":"product_cat-slapias-maistas-kaciu-maistas","11":"product_tag-kaciu-edalas","12":"product_tag-kaciu-maistas-super-premium-klases","13":"product_tag-konservai-isrankioms-katems","14":"product_tag-super-premium-maistas-katems","15":"pa_pasaro-sudetis-vistiena","16":"pa_prekiu-zenklai-royal-canin","18":"first","19":"instock","20":"featured","21":"taxable","22":"shipping-taxable","23":"purchasable","24":"product-type-variable"},"acf":[],"_links":{"self":[{"href":"https:\/\/zooprekes24.lt\/lv\/wp-json\/wp\/v2\/product\/23642","targetHints":{"allow":["GET"]}}],"collection":[{"href":"https:\/\/zooprekes24.lt\/lv\/wp-json\/wp\/v2\/product"}],"about":[{"href":"https:\/\/zooprekes24.lt\/lv\/wp-json\/wp\/v2\/types\/product"}],"replies":[{"embeddable":true,"href":"https:\/\/zooprekes24.lt\/lv\/wp-json\/wp\/v2\/comments?post=23642"}],"wp:featuredmedia":[{"embeddable":true,"href":"https:\/\/zooprekes24.lt\/lv\/wp-json\/wp\/v2\/media\/18495"}],"wp:attachment":[{"href":"https:\/\/zooprekes24.lt\/lv\/wp-json\/wp\/v2\/media?parent=23642"}],"wp:term":[{"taxonomy":"product_brand","embeddable":true,"href":"https:\/\/zooprekes24.lt\/lv\/wp-json\/wp\/v2\/product_brand?post=23642"},{"taxonomy":"product_cat","embeddable":true,"href":"https:\/\/zooprekes24.lt\/lv\/wp-json\/wp\/v2\/product_cat?post=23642"},{"taxonomy":"product_tag","embeddable":true,"href":"https:\/\/zooprekes24.lt\/lv\/wp-json\/wp\/v2\/product_tag?post=23642"}],"curies":[{"name":"wp","href":"https:\/\/api.w.org\/{rel}","templated":true}]}}