{"id":23639,"date":"2024-04-19T13:23:37","date_gmt":"2024-04-19T10:23:37","guid":{"rendered":"https:\/\/zooprekes24.lt\/produktas\/royal-canin-sensory-smell-konservai\/"},"modified":"2025-07-01T16:59:29","modified_gmt":"2025-07-01T14:59:29","slug":"royal-canin-sensoras-smarzas-konservi","status":"publish","type":"product","link":"https:\/\/zooprekes24.lt\/lv\/produktas\/royal-canin-sensory-smell-konservai\/","title":{"rendered":"Royal Canin Sensory Smell konservai kat\u0117ms pada\u017ee"},"content":{"rendered":"<h3>Royal Canin Sensory Smell ir sabalans\u0113ta mitr\u0101 ka\u0137u bar\u012bba pieaugu\u0161iem ka\u0137iem vecum\u0101 no 1 l\u012bdz 7 gadiem. \u012apa\u0161\u0101 konservu formula ir veidota t\u0101, lai to arom\u0101tiski bag\u0101tin\u0101tu zivis, kas rada taukainu, aug\u013cu un riekstu arom\u0101tu, kas ir \u013coti pievilc\u012bgs ka\u0137a o\u017eas saj\u016btai. Unik\u0101l\u0101 sast\u0101va tehnolo\u0123ija, kas padara konservu smar\u017eu izplat\u012b\u0161anos \u0101tr\u0101ku un intens\u012bv\u0101ku, nodro\u0161ina veiksm\u012bgu baro\u0161anas s\u0101kumu un ka\u0137im pilnv\u0113rt\u012bgu izbaud\u012b\u0161anu.<\/h3>\n<ul>\n<li>Smar\u017ea ir ka\u0137a \u012bpa\u0161\u0101 sp\u0113ja. Ka\u0137a degun\u0101 ir l\u012bdz pat 200 miljoniem smar\u017ejut\u012bgu \u0161\u016bnu, sal\u012bdzinot ar tikai 5 miljoniem cilv\u0113ku degun\u0101. Jo vair\u0101k ka\u0137is o\u0161\u0146o, jo vair\u0101k molekulu tas sp\u0113j uztvert. Tom\u0113r, ja \u0113diena smar\u017ea ka\u0137im ir pievilc\u012bga, tas maz\u0101k to \u0146aud\u012bs un nekav\u0113joties s\u0101ks \u0113st. T\u0101d\u0113j\u0101di izv\u0113l\u012bga m\u0101jdz\u012bvnieka baro\u0161ana b\u016bs viegl\u0101ka un pat\u012bkam\u0101ka.<\/li>\n<li>Piepildiet sava ka\u0137a dz\u012bvi ar pat\u012bkamu atkl\u0101jumu ar <a href=\"https:\/\/www.youtube.com\/watch?v=7x2dGD1OtsA&amp;t\" target=\"_blank\" rel=\"noopener\">Royal Canin Sensory Smell konservi, kas nodro\u0161ina dabisku \u0113stgribas stimul\u0101ciju<\/a>\u00a0un ir ide\u0101li piem\u0113rots izv\u0113l\u012bgiem vai nepras\u012bgiem ka\u0137iem.<\/li>\n<li>Royal Canin Sensory Smell mitr\u0101 bar\u012bba ir izstr\u0101d\u0101ta t\u0101, lai t\u0101 atbilstu optim\u0101lajam bar\u012bbas profilam, ko ka\u0137i instinkt\u012bvi izv\u0113las.<\/li>\n<li>Izstr\u0101d\u0101ts ar \u012bpa\u0161u formulu, kas pal\u012bdz uztur\u0113t vesel\u012bgus ur\u012bnce\u013cus un pareizo pH l\u012bmeni, lai nov\u0113rstu nev\u0113lamu krist\u0101lu veido\u0161anos.<\/li>\n<li>Atkl\u0101jiet citus lieliski sader\u012bgus Royal Canin Sensory konservu l\u012bnijas produktus: <a href=\"https:\/\/zooprekes24.lt\/lv\/products\/royal-canin-sensory-feel-konservu-bariba\/\" target=\"_blank\" rel=\"noopener\">Royal Canin Sensory Feel<\/a>, <a href=\"https:\/\/zooprekes24.lt\/lv\/products\/royal-canin-sensora-garsa\/\" target=\"_blank\" rel=\"noopener\">Royal Canin Sensory Taste<\/a>.<\/li>\n<\/ul>\n<p><a ref=\"magnificPopup\" href=\"https:\/\/zooprekes24.lt\/wp-content\/uploads\/Royal-Canin-Sensory-Smell-konservai-padaze.png\"><img loading=\"lazy\" decoding=\"async\" class=\"alignnone wp-image-16080\" src=\"https:\/\/zooprekes24.lt\/wp-content\/uploads\/Royal-Canin-Sensory-Smell-konservai-padaze.png\" alt=\"Royal Canin Sensory Smell konservi\" width=\"400\" height=\"314\" \/><\/a><\/p>","protected":false},"excerpt":{"rendered":"<p>Royal Canin Sensory Smell \u2013 tai subalansuotas \u0161lapias ka\u010di\u0173 pa\u0161aras, skirtas suaugusioms kat\u0117ms nuo 1 iki 7 met\u0173 am\u017eiaus. Ypatinga konserv\u0173 formul\u0117 yra sukurta atsi\u017evelgiant \u012f aromatingum\u0105, kur\u012f suteikia \u017euvis, i\u0161siskirianti ka\u010di\u0173 uoslei labai patraukliais riebal\u0173, vaisi\u0173 ir rie\u0161ut\u0173 kvapais. Unikali sud\u0117ties technologija, d\u0117l kurios konserv\u0173 kvapas sklinda grei\u010diau ir yra intensyvesnis, u\u017etikrina s\u0117kminga kat\u0117s&#8230;<\/p>","protected":false},"featured_media":18490,"comment_status":"closed","ping_status":"closed","template":"","meta":{"_acf_changed":false,"slim_seo":{"title":"Royal Canin Sensory Smell konservai kat\u0117ms pada\u017ee - Zooprekes24","description":"Royal Canin Sensory Smell \u2013 tai subalansuotas \u0161lapias ka\u010di\u0173 pa\u0161aras, skirtas suaugusioms kat\u0117ms nuo 1 iki 7 met\u0173 am\u017eiaus. Ypatinga konserv\u0173 formul\u0117 yra sukurta"},"iawp_total_views":133},"product_brand":[],"product_cat":[72,83,25,9019,9020],"product_tag":[1675,1682,2131,1696],"class_list":{"0":"post-23639","1":"product","2":"type-product","3":"status-publish","4":"has-post-thumbnail","6":"product_cat-kaciu-maistas","7":"product_cat-kaciu-prekiu-gamintojai","8":"product_cat-katems","9":"product_cat-royal-canin-kaciu-prekiu-gamintojai","10":"product_cat-slapias-maistas-kaciu-maistas","11":"product_tag-kaciu-edalas","12":"product_tag-kaciu-maistas-super-premium-klases","13":"product_tag-konservai-isrankioms-katems","14":"product_tag-super-premium-maistas-katems","15":"pa_pasaro-sudetis-zuvis","16":"pa_prekiu-zenklai-royal-canin","18":"first","19":"instock","20":"featured","21":"taxable","22":"shipping-taxable","23":"purchasable","24":"product-type-variable"},"acf":[],"_links":{"self":[{"href":"https:\/\/zooprekes24.lt\/lv\/wp-json\/wp\/v2\/product\/23639","targetHints":{"allow":["GET"]}}],"collection":[{"href":"https:\/\/zooprekes24.lt\/lv\/wp-json\/wp\/v2\/product"}],"about":[{"href":"https:\/\/zooprekes24.lt\/lv\/wp-json\/wp\/v2\/types\/product"}],"replies":[{"embeddable":true,"href":"https:\/\/zooprekes24.lt\/lv\/wp-json\/wp\/v2\/comments?post=23639"}],"wp:featuredmedia":[{"embeddable":true,"href":"https:\/\/zooprekes24.lt\/lv\/wp-json\/wp\/v2\/media\/18490"}],"wp:attachment":[{"href":"https:\/\/zooprekes24.lt\/lv\/wp-json\/wp\/v2\/media?parent=23639"}],"wp:term":[{"taxonomy":"product_brand","embeddable":true,"href":"https:\/\/zooprekes24.lt\/lv\/wp-json\/wp\/v2\/product_brand?post=23639"},{"taxonomy":"product_cat","embeddable":true,"href":"https:\/\/zooprekes24.lt\/lv\/wp-json\/wp\/v2\/product_cat?post=23639"},{"taxonomy":"product_tag","embeddable":true,"href":"https:\/\/zooprekes24.lt\/lv\/wp-json\/wp\/v2\/product_tag?post=23639"}],"curies":[{"name":"wp","href":"https:\/\/api.w.org\/{rel}","templated":true}]}}