{"id":23633,"date":"2024-04-19T13:23:37","date_gmt":"2024-04-19T10:23:37","guid":{"rendered":"https:\/\/zooprekes24.lt\/produktas\/fitmin-for-life-puppy-turkey-kons-sunims\/"},"modified":"2025-11-25T16:45:42","modified_gmt":"2025-11-25T14:45:42","slug":"fitmin-uz-muzu-kucens-turcija-kons-sunims","status":"publish","type":"product","link":"https:\/\/zooprekes24.lt\/lv\/produktas\/fitmin-for-life-puppy-turkey-kons-sunims\/","title":{"rendered":"Fitmin for Life Puppy Turkey konservi kuc\u0113niem"},"content":{"rendered":"<h3>Fitmin for Life Puppy Turkey Canned ir sabalans\u0113ta mitra bar\u012bba su\u0146iem maisi\u0146\u0101, kas paredz\u0113ta kuc\u0113niem un jauniem su\u0146iem l\u012bdz 1 gada vecumam.<\/h3>\n<ul>\n<li>Dekor\u0113ts ar t\u012btara gabali\u0146iem m\u0113rc\u0113.<\/li>\n<li><span style=\"vertical-align: inherit;\"><span style=\"vertical-align: inherit;\"><span style=\"vertical-align: inherit;\"><span style=\"vertical-align: inherit;\">Mitr\u0101 p\u0101rtika <a href=\"https:\/\/zooprekes24.lt\/lv\/?s=suniukams&amp;post_type=product\" target=\"_blank\" rel=\"noopener\">kuc\u0113niem<\/a> un jauniem su\u0146iem l\u012bdz 1 gada vecumam.<\/span><\/span><\/span><\/span><\/li>\n<li>Konservi papildina D3 vitam\u012bns un miner\u0101lvielas, kas ir svar\u012bgas su\u0146a skeleta, musku\u013cu un nervu sist\u0113mai.<\/li>\n<li>E vitam\u012bns pal\u012bdz uztur\u0113t m\u0101jdz\u012bvnieka im\u016bnsist\u0113mas pareizu darb\u012bbu.<\/li>\n<li><a href=\"https:\/\/www.fitmin.com\/en\/ingredients\" target=\"_blank\" rel=\"noopener\"><span style=\"vertical-align: inherit;\"><span style=\"vertical-align: inherit;\"><span style=\"vertical-align: inherit;\"><span style=\"vertical-align: inherit;\">Nesatur m\u0101ksl\u012bg\u0101s kr\u0101svielas un konservantus<\/span><\/span><\/span><\/span><\/a>.<\/li>\n<\/ul>","protected":false},"excerpt":{"rendered":"<p>Fitmin for Life Puppy Turkey konservai &#8211; tai subalansuotas \u0161lapias \u0161un\u0173 pa\u0161aras mai\u0161elyje, skirtas \u0161uniukams ir jauniems \u0161unims iki 1 met\u0173 am\u017eiaus. Pagardinta kalakutienos gabaliukais pada\u017ee. \u0160lapias \u0117dalas skirtas \u0161uniukams ir jauniems \u0161unims iki 1 met\u0173 am\u017eiaus. Konserv\u0173 sud\u0117tis papildyta vitaminu D3 ir mineralais, kurie itin svarb\u016bs \u0161uns skeleto, raumen\u0173 ir nerv\u0173 sistemai. Vitaminas E&#8230;<\/p>","protected":false},"featured_media":18485,"comment_status":"closed","ping_status":"closed","template":"","meta":{"_acf_changed":false,"slim_seo":{"title":"Fitmin for Life Puppy Turkey konservai \u0161uniukams - Zooprekes24","description":"Fitmin for Life Puppy Turkey Canned ir sabalans\u0113ta mitra bar\u012bba su\u0146iem maisi\u0146\u0101, kas paredz\u0113ta kuc\u0113niem un jauniem su\u0146iem l\u012bdz 1 gada vecumam. T\u0101 ir gar\u0161ota ar da\u017e\u0101d\u0101m gar\u0161\u0101m un sast\u0101vda\u013c\u0101m."},"iawp_total_views":43},"product_brand":[],"product_cat":[9043,9004,8999,29,31],"product_tag":[418],"class_list":{"0":"post-23633","1":"product","2":"type-product","3":"status-publish","4":"has-post-thumbnail","6":"product_cat-fitmin-for-life-sunims","7":"product_cat-slapias-maistas","8":"product_cat-sunims","9":"product_cat-sunu-maistas","10":"product_cat-sunu-prekiu-gamintojai","11":"product_tag-konservuotas-maistas-sunims","12":"pa_pasaro-sudetis-kalakutiena","13":"pa_prekiu-zenklai-fitmin-for-life","14":"pa_suns-amzius-jauniems","15":"pa_veisles-dydis-mazoms-veislems","16":"pa_veisles-dydis-vidutinems-veislems","18":"first","19":"outofstock","20":"featured","21":"taxable","22":"shipping-taxable","23":"purchasable","24":"product-type-variable"},"acf":[],"_links":{"self":[{"href":"https:\/\/zooprekes24.lt\/lv\/wp-json\/wp\/v2\/product\/23633","targetHints":{"allow":["GET"]}}],"collection":[{"href":"https:\/\/zooprekes24.lt\/lv\/wp-json\/wp\/v2\/product"}],"about":[{"href":"https:\/\/zooprekes24.lt\/lv\/wp-json\/wp\/v2\/types\/product"}],"replies":[{"embeddable":true,"href":"https:\/\/zooprekes24.lt\/lv\/wp-json\/wp\/v2\/comments?post=23633"}],"wp:featuredmedia":[{"embeddable":true,"href":"https:\/\/zooprekes24.lt\/lv\/wp-json\/wp\/v2\/media\/18485"}],"wp:attachment":[{"href":"https:\/\/zooprekes24.lt\/lv\/wp-json\/wp\/v2\/media?parent=23633"}],"wp:term":[{"taxonomy":"product_brand","embeddable":true,"href":"https:\/\/zooprekes24.lt\/lv\/wp-json\/wp\/v2\/product_brand?post=23633"},{"taxonomy":"product_cat","embeddable":true,"href":"https:\/\/zooprekes24.lt\/lv\/wp-json\/wp\/v2\/product_cat?post=23633"},{"taxonomy":"product_tag","embeddable":true,"href":"https:\/\/zooprekes24.lt\/lv\/wp-json\/wp\/v2\/product_tag?post=23633"}],"curies":[{"name":"wp","href":"https:\/\/api.w.org\/{rel}","templated":true}]}}