{"id":23630,"date":"2024-04-19T13:23:26","date_gmt":"2024-04-19T10:23:26","guid":{"rendered":"https:\/\/zooprekes24.lt\/produktas\/fitmin-for-life-adult-beef-kons-sunims\/"},"modified":"2025-11-25T16:45:08","modified_gmt":"2025-11-25T14:45:08","slug":"fitmin-for-life-pieauguso-liellopu-galas-konsimenti-sunims","status":"publish","type":"product","link":"https:\/\/zooprekes24.lt\/lv\/produktas\/fitmin-for-life-adult-beef-kons-sunims\/","title":{"rendered":"Fitmin for Life Adult liellopa ga\u013cas konservi su\u0146iem"},"content":{"rendered":"<h3>Fitmin for Life Adult Beef Canned ir sabalans\u0113ta mitr\u0101 bar\u012bba maisi\u0146\u0101 pieaugu\u0161iem su\u0146iem no 1 gada vecuma.<\/h3>\n<ul>\n<li>Dekor\u0113ts ar liellopa ga\u013cas gabali\u0146iem m\u0113rc\u0113.<\/li>\n<li><span style=\"vertical-align: inherit;\"><span style=\"vertical-align: inherit;\"><span style=\"vertical-align: inherit;\"><span style=\"vertical-align: inherit;\">Fitmin for Life Adult liellopu liellopa liellopa bar\u012bba pieaugu\u0161ajiem <a href=\"https:\/\/zooprekes24.lt\/lv\/kategorija\/prekes-sunims\/\" target=\"_blank\" rel=\"noopener\">Su\u0146iem<\/a>.<\/span><\/span><\/span><\/span><\/li>\n<li>Satur Omega-3 un Omega-6 tauksk\u0101bes, kas baro, m\u012bkstina un mitrina su\u0146a ka\u017eoku un \u0101du.<\/li>\n<li>Konservi papildina D3 vitam\u012bns un miner\u0101lvielas, kas ir svar\u012bgas su\u0146a skeleta, musku\u013cu un nervu sist\u0113mai.<\/li>\n<li>E vitam\u012bns pal\u012bdz uztur\u0113t m\u0101jdz\u012bvnieka im\u016bnsist\u0113mas pareizu darb\u012bbu.<\/li>\n<li><a href=\"https:\/\/www.fitmin.com\/en\/ingredients\" target=\"_blank\" rel=\"noopener\"><span style=\"vertical-align: inherit;\"><span style=\"vertical-align: inherit;\"><span style=\"vertical-align: inherit;\"><span style=\"vertical-align: inherit;\">Nesatur m\u0101ksl\u012bg\u0101s kr\u0101svielas un konservantus<\/span><\/span><\/span><\/span><\/a>.<\/li>\n<\/ul>","protected":false},"excerpt":{"rendered":"<p>Fitmin for Life Adult Beef konservai &#8211; tai subalansuotas \u0161lapias \u0161un\u0173 pa\u0161aras mai\u0161elyje, skirtas suaugusiems \u0161unims nuo 1 met\u0173 am\u017eiaus. Pagardinta jautienos gabaliukais pada\u017ee. Fitmin for Life Adult Beef \u0161lapias \u0117dalas skirtas suaugusiems \u0161unims. Sud\u0117tyje esan\u010dios Omega-3 ir Omega-6 riebal\u0173 r\u016bg\u0161tys puosel\u0117ja, mink\u0161tina ir dr\u0117kina \u0161uns kail\u012f bei od\u0105. Konserv\u0173 sud\u0117tis papildyta vitaminu D3 ir&#8230;<\/p>","protected":false},"featured_media":20267,"comment_status":"closed","ping_status":"closed","template":"","meta":{"_acf_changed":false,"slim_seo":{"title":"Fitmin for Life Adult Beef konservai \u0161unims - Zooprekes24","description":"Fitmin for Life Adult Beef Canned ir sabalans\u0113ta mitr\u0101 bar\u012bba maisi\u0146\u0101 pieaugu\u0161iem su\u0146iem no 1 gada vecuma. Ar liellopa ga\u013cas gar\u0161viel\u0101m"},"iawp_total_views":82},"product_brand":[],"product_cat":[9043,9004,8999,29,31],"product_tag":[418],"class_list":{"0":"post-23630","1":"product","2":"type-product","3":"status-publish","4":"has-post-thumbnail","6":"product_cat-fitmin-for-life-sunims","7":"product_cat-slapias-maistas","8":"product_cat-sunims","9":"product_cat-sunu-maistas","10":"product_cat-sunu-prekiu-gamintojai","11":"product_tag-konservuotas-maistas-sunims","12":"pa_pasaro-sudetis-darzoves","13":"pa_pasaro-sudetis-jautiena","14":"pa_prekiu-zenklai-fitmin-for-life","15":"pa_suns-amzius-suaugusiems","16":"pa_veisles-dydis-mazoms-veislems","17":"pa_veisles-dydis-vidutinems-veislems","19":"first","20":"outofstock","21":"featured","22":"taxable","23":"shipping-taxable","24":"purchasable","25":"product-type-variable"},"acf":[],"_links":{"self":[{"href":"https:\/\/zooprekes24.lt\/lv\/wp-json\/wp\/v2\/product\/23630","targetHints":{"allow":["GET"]}}],"collection":[{"href":"https:\/\/zooprekes24.lt\/lv\/wp-json\/wp\/v2\/product"}],"about":[{"href":"https:\/\/zooprekes24.lt\/lv\/wp-json\/wp\/v2\/types\/product"}],"replies":[{"embeddable":true,"href":"https:\/\/zooprekes24.lt\/lv\/wp-json\/wp\/v2\/comments?post=23630"}],"wp:featuredmedia":[{"embeddable":true,"href":"https:\/\/zooprekes24.lt\/lv\/wp-json\/wp\/v2\/media\/20267"}],"wp:attachment":[{"href":"https:\/\/zooprekes24.lt\/lv\/wp-json\/wp\/v2\/media?parent=23630"}],"wp:term":[{"taxonomy":"product_brand","embeddable":true,"href":"https:\/\/zooprekes24.lt\/lv\/wp-json\/wp\/v2\/product_brand?post=23630"},{"taxonomy":"product_cat","embeddable":true,"href":"https:\/\/zooprekes24.lt\/lv\/wp-json\/wp\/v2\/product_cat?post=23630"},{"taxonomy":"product_tag","embeddable":true,"href":"https:\/\/zooprekes24.lt\/lv\/wp-json\/wp\/v2\/product_tag?post=23630"}],"curies":[{"name":"wp","href":"https:\/\/api.w.org\/{rel}","templated":true}]}}