{"id":23620,"date":"2024-04-19T13:23:26","date_gmt":"2024-04-19T10:23:26","guid":{"rendered":"https:\/\/zooprekes24.lt\/produktas\/fitmin-for-life-turkey-pate\/"},"modified":"2026-02-05T13:39:46","modified_gmt":"2026-02-05T11:39:46","slug":"fitmin-for-life-titara-pastete","status":"publish","type":"product","link":"https:\/\/zooprekes24.lt\/lv\/produktas\/fitmin-for-life-turkey-pate\/","title":{"rendered":"Fitmin for Life Turcijas past\u0113tes konservi su\u0146iem"},"content":{"rendered":"<h3>Fitmin for Life Turkey Pate konservi pieaugu\u0161iem su\u0146iem ar augstu t\u012btara ga\u013cas saturu. Viena olbaltumvielu avota recepte samazina aler\u0123iju un bar\u012bbas nepanes\u012bbas risku. Pilnv\u0113rt\u012bga bar\u012bba su\u0146iem.<\/h3>\n<ul>\n<li>Ide\u0101li piem\u0113rots su\u0146iem ar jut\u012bgu gremo\u0161anu, aler\u0123ij\u0101m vai nepanes\u012bbu pret noteiktiem p\u0101rtikas produktiem.<\/li>\n<li>Lielisk\u0101 ga\u013cas kvalit\u0101te un r\u016bp\u012bg\u0101 apstr\u0101de garant\u0113 \u012bpa\u0161i gardu gar\u0161u un arom\u0101tu.<\/li>\n<li>Ide\u0101li piem\u0113rots saus\u0101s bar\u012bbas papildin\u0101\u0161anai, pal\u012bdz uzlabot bar\u012bbas uz\u0146em\u0161anu un nodro\u0161ina nepiecie\u0161amo \u0161\u0137idruma daudzumu.<\/li>\n<li>Fitmin for Life Turcijas past\u0113tes - <a href=\"https:\/\/www.youtube.com\/watch?v=1yoQTbErEss&amp;feature=emb_title\" target=\"_blank\" rel=\"noopener\">Bez lipek\u013ca, bez sojas, bez \u0122MO, bez konservantiem un kr\u0101sviel\u0101m.<\/a><\/li>\n<\/ul>","protected":false},"excerpt":{"rendered":"<p>Fitmin for Life Turkey Pate konservai suaugusiems \u0161unims su dideliu kalakutienos kiekiu. Recept\u016bra, kurios sud\u0117tyje naudojamas vieno baltymo \u0161altinis, suma\u017eina alergijos ir maisto netoleravimo rizik\u0105. Visavertis pa\u0161aras \u0161unims. Idealiai tinka \u0161unims, kurie turi\u00a0jautr\u0173 vir\u0161kinim\u0105, yra alergi\u0161ki ar netoleruojantys\u00a0tam tikro maisto. Puikios kokyb\u0117s m\u0117sa ir kruop\u0161tus perdirbimas garantuoja ypatingai gard\u0173 skon\u012f ir aromat\u0105. Idealiai papildo saus\u0105&#8230;<\/p>","protected":false},"featured_media":20265,"comment_status":"closed","ping_status":"closed","template":"","meta":{"_acf_changed":false,"slim_seo":{"title":"Fitmin for Life Turkey Pate konservai \u0161unims - Zooprekes24","description":"Fitmin for Life Turkey Pate konservai suaugusiems \u0161unims su dideliu kalakutienos kiekiu. Recept\u016bra, kurios sud\u0117tyje naudojamas vieno baltymo \u0161altinis, suma\u017eina"},"iawp_total_views":52},"product_brand":[],"product_cat":[9043,9004,8999,29,31],"product_tag":[418],"class_list":{"0":"post-23620","1":"product","2":"type-product","3":"status-publish","4":"has-post-thumbnail","6":"product_cat-fitmin-for-life-sunims","7":"product_cat-slapias-maistas","8":"product_cat-sunims","9":"product_cat-sunu-maistas","10":"product_cat-sunu-prekiu-gamintojai","11":"product_tag-konservuotas-maistas-sunims","12":"pa_pasaro-sudetis-kalakutiena","13":"pa_prekiu-zenklai-fitmin-for-life","14":"pa_suns-amzius-suaugusiems","15":"pa_veisles-dydis-didelems-veislems","16":"pa_veisles-dydis-mazoms-veislems","17":"pa_veisles-dydis-vidutinems-veislems","18":"pa_veisles-dydis-visu-dydziu-veislems","20":"first","21":"instock","22":"featured","23":"taxable","24":"shipping-taxable","25":"purchasable","26":"product-type-variable"},"acf":[],"_links":{"self":[{"href":"https:\/\/zooprekes24.lt\/lv\/wp-json\/wp\/v2\/product\/23620","targetHints":{"allow":["GET"]}}],"collection":[{"href":"https:\/\/zooprekes24.lt\/lv\/wp-json\/wp\/v2\/product"}],"about":[{"href":"https:\/\/zooprekes24.lt\/lv\/wp-json\/wp\/v2\/types\/product"}],"replies":[{"embeddable":true,"href":"https:\/\/zooprekes24.lt\/lv\/wp-json\/wp\/v2\/comments?post=23620"}],"wp:featuredmedia":[{"embeddable":true,"href":"https:\/\/zooprekes24.lt\/lv\/wp-json\/wp\/v2\/media\/20265"}],"wp:attachment":[{"href":"https:\/\/zooprekes24.lt\/lv\/wp-json\/wp\/v2\/media?parent=23620"}],"wp:term":[{"taxonomy":"product_brand","embeddable":true,"href":"https:\/\/zooprekes24.lt\/lv\/wp-json\/wp\/v2\/product_brand?post=23620"},{"taxonomy":"product_cat","embeddable":true,"href":"https:\/\/zooprekes24.lt\/lv\/wp-json\/wp\/v2\/product_cat?post=23620"},{"taxonomy":"product_tag","embeddable":true,"href":"https:\/\/zooprekes24.lt\/lv\/wp-json\/wp\/v2\/product_tag?post=23620"}],"curies":[{"name":"wp","href":"https:\/\/api.w.org\/{rel}","templated":true}]}}