{"id":23612,"date":"2024-04-19T13:23:26","date_gmt":"2024-04-19T10:23:26","guid":{"rendered":"https:\/\/zooprekes24.lt\/produktas\/fitmin-for-life-light-senior-sunims\/"},"modified":"2026-04-03T15:30:00","modified_gmt":"2026-04-03T13:30:00","slug":"fitmin-for-life-light-senior-sunims","status":"publish","type":"product","link":"https:\/\/zooprekes24.lt\/lv\/produktas\/fitmin-for-life-light-senior-sunims\/","title":{"rendered":"Fitmin for Life Light Senior sausas maistas \u0161unims"},"content":{"rendered":"<h3>Fitmin for Life Light &amp; Senior &#8211; visavertis sausas maistas vis\u0173 veisli\u0173 vyresnio am\u017eiaus \u0161unims. Maiste naudojami sveiki ir energijos suteikiantys ingredientai &#8211; \u0161vie\u017eia vi\u0161tienos, kiaulienos ir jautienos m\u0117sa, kuri u\u017etikrina patraukl\u0173 \u0117dalo skon\u012f ir sveik\u0105 \u0161uns gyvenimo kokyb\u0119. \u0116dalas taip pat tinkamas \u0161unims linkusiems priaugti svorio arba turintiems vir\u0161svorio problem\u0173.<\/h3>\n<ul>\n<li>Fitmin for Life Light &amp; Senior <a href=\"https:\/\/www.youtube.com\/watch?v=1yoQTbErEss\" target=\"_blank\" rel=\"noopener\">p\u0101rtik\u0101 izmanto svaigu ga\u013cu<\/a> nodro\u0161ina su\u0146a organismu ar visiem nepiecie\u0161amajiem vitam\u012bniem un miner\u0101lviel\u0101m, kas dab\u012bg\u0101 veid\u0101 ieg\u016bti no dz\u012bvnieku izcelsmes sast\u0101vda\u013c\u0101m. Taj\u0101 izmantotas ar\u012b olbaltumvielas no \u017e\u0101v\u0113t\u0101m dz\u012bvnieku izcelsmes sast\u0101vda\u013c\u0101m, kas ir viegli sagremojamas un nodro\u0161ina pilnv\u0113rt\u012bgu uzturu j\u016bsu m\u012blulim.<\/li>\n<li><a href=\"https:\/\/zooprekes24.lt\/lv\/products\/dr-clauders-barf-lassi-ella\/\">La\u0161a e\u013c\u013ca<\/a> ir lielisks omega 3 tauksk\u0101bju (EPA un DHA) avots, kas baro, m\u012bkstina un mitrina su\u0146a ka\u017eoku un \u0101du.<\/li>\n<li>Cigori\u0146u sakne darbojas k\u0101 dabisks prebioti\u0137is, kas atbalsta su\u0146a zarnu mikrofloru un nodro\u0161ina optim\u0101lu gremo\u0161anas funkciju.<\/li>\n<li>J\u0113ra bar\u012bba ar zemu tauku un augstu sagremojamo olbaltumvielu saturu uztur j\u016bsu m\u012blu\u013ca musku\u013cu masu liesu un pal\u012bdz c\u012bn\u012bties ar nev\u0113lamu lieko svaru.<\/li>\n<li>Fitmin for Life Light &amp; Senior satur vitam\u012bnu B12 un folsk\u0101bi, kas pal\u012bdz uztur\u0113t j\u016bsu su\u0146a sirds vesel\u012bbu un mazina sirds un asinsvadu slim\u012bbu risku.<\/li>\n<\/ul>","protected":false},"excerpt":{"rendered":"<p>Fitmin for Life Light &amp; Senior &#8211; visavertis sausas maistas vis\u0173 veisli\u0173 vyresnio am\u017eiaus \u0161unims. Maiste naudojami sveiki ir energijos suteikiantys ingredientai &#8211; \u0161vie\u017eia vi\u0161tienos, kiaulienos ir jautienos m\u0117sa, kuri u\u017etikrina patraukl\u0173 \u0117dalo skon\u012f ir sveik\u0105 \u0161uns gyvenimo kokyb\u0119. \u0116dalas taip pat tinkamas \u0161unims linkusiems priaugti svorio arba turintiems vir\u0161svorio problem\u0173. Fitmin for Life Light&#8230;<\/p>","protected":false},"featured_media":20260,"comment_status":"closed","ping_status":"closed","template":"","meta":{"_acf_changed":false,"slim_seo":{"title":"Fitmin for Life Light Senior sausas maistas \u0161unims - Zooprekes24","description":"Fitmin for Life Light &amp; Senior - visavertis sausas maistas vis\u0173 veisli\u0173 vyresnio am\u017eiaus \u0161unims. Maiste naudojami sveiki ir energijos suteikiantys ingredien"},"iawp_total_views":205},"product_brand":[],"product_cat":[9043,9002,8999,29,31],"product_tag":[177,427,1664,1665],"class_list":{"0":"post-23612","1":"product","2":"type-product","3":"status-publish","4":"has-post-thumbnail","6":"product_cat-fitmin-for-life-sunims","7":"product_cat-sausas-maistas","8":"product_cat-sunims","9":"product_cat-sunu-maistas","10":"product_cat-sunu-prekiu-gamintojai","11":"product_tag-edalas-sunims","12":"product_tag-fitmin-edalas-sunims","13":"product_tag-fitmin-maistas-seniems-sunims","14":"product_tag-fitmin-senam-suniui","15":"pa_pasaro-sudetis-jautiena","16":"pa_pasaro-sudetis-kiauliena","17":"pa_pasaro-sudetis-ryziai","18":"pa_pasaro-sudetis-vistiena","19":"pa_prekiu-zenklai-fitmin-for-life","20":"pa_suns-amzius-senjorams","21":"pa_veisles-dydis-didelems-veislems","22":"pa_veisles-dydis-mazoms-veislems","23":"pa_veisles-dydis-vidutinems-veislems","24":"pa_veisles-dydis-visu-dydziu-veislems","26":"first","27":"instock","28":"taxable","29":"shipping-taxable","30":"purchasable","31":"product-type-variable"},"acf":[],"_links":{"self":[{"href":"https:\/\/zooprekes24.lt\/lv\/wp-json\/wp\/v2\/product\/23612","targetHints":{"allow":["GET"]}}],"collection":[{"href":"https:\/\/zooprekes24.lt\/lv\/wp-json\/wp\/v2\/product"}],"about":[{"href":"https:\/\/zooprekes24.lt\/lv\/wp-json\/wp\/v2\/types\/product"}],"replies":[{"embeddable":true,"href":"https:\/\/zooprekes24.lt\/lv\/wp-json\/wp\/v2\/comments?post=23612"}],"wp:featuredmedia":[{"embeddable":true,"href":"https:\/\/zooprekes24.lt\/lv\/wp-json\/wp\/v2\/media\/20260"}],"wp:attachment":[{"href":"https:\/\/zooprekes24.lt\/lv\/wp-json\/wp\/v2\/media?parent=23612"}],"wp:term":[{"taxonomy":"product_brand","embeddable":true,"href":"https:\/\/zooprekes24.lt\/lv\/wp-json\/wp\/v2\/product_brand?post=23612"},{"taxonomy":"product_cat","embeddable":true,"href":"https:\/\/zooprekes24.lt\/lv\/wp-json\/wp\/v2\/product_cat?post=23612"},{"taxonomy":"product_tag","embeddable":true,"href":"https:\/\/zooprekes24.lt\/lv\/wp-json\/wp\/v2\/product_tag?post=23612"}],"curies":[{"name":"wp","href":"https:\/\/api.w.org\/{rel}","templated":true}]}}