{"id":23609,"date":"2024-04-19T13:23:13","date_gmt":"2024-04-19T10:23:13","guid":{"rendered":"https:\/\/zooprekes24.lt\/produktas\/fitmin-for-life-adult-mini-sausas-maistas\/"},"modified":"2026-02-27T12:14:43","modified_gmt":"2026-02-27T10:14:43","slug":"fitmin-for-life-adult-mini-sausas-maistas","status":"publish","type":"product","link":"https:\/\/zooprekes24.lt\/lv\/produktas\/fitmin-for-life-adult-mini-sausas-maistas\/","title":{"rendered":"Fitmin for Life Adult Mini saus\u0101 bar\u012bba su\u0146iem"},"content":{"rendered":"<h3>Fitmin for Life Adult Mini &#8211; visavertis sausas maistas suaugusiems ma\u017e\u0173 veisli\u0173 \u0161unims. Maiste naudojami sveiki ir energijos suteikiantys ingredientai &#8211; \u0161vie\u017eia vi\u0161tienos, kiaulienos ir jautienos m\u0117sa, kuri u\u017etikrina patraukl\u0173 \u0117dalo skon\u012f ir sveik\u0105 \u0161uns gyvenimo kokyb\u0119.<\/h3>\n<ul>\n<li>Fitmin for Life Adult Mini <a href=\"https:\/\/www.youtube.com\/watch?v=1yoQTbErEss\" target=\"_blank\" rel=\"noopener\">p\u0101rtik\u0101 izmanto svaigu ga\u013cu<\/a> nodro\u0161ina su\u0146a organismu ar visiem nepiecie\u0161amajiem vitam\u012bniem un miner\u0101lviel\u0101m, kas dab\u012bg\u0101 veid\u0101 ieg\u016bti no dz\u012bvnieku izcelsmes sast\u0101vda\u013c\u0101m. Taj\u0101 izmantotas ar\u012b olbaltumvielas no \u017e\u0101v\u0113t\u0101m dz\u012bvnieku izcelsmes sast\u0101vda\u013c\u0101m, kas ir viegli sagremojamas un nodro\u0161ina pilnv\u0113rt\u012bgu uzturu j\u016bsu m\u012blulim.<\/li>\n<li><a href=\"https:\/\/zooprekes24.lt\/lv\/products\/dr-clauders-barf-lassi-ella\/\">La\u0161a e\u013c\u013ca<\/a> ir lielisks omega 3 tauksk\u0101bju (EPA un DHA) avots, kas baro, m\u012bkstina un mitrina su\u0146a ka\u017eoku un \u0101du.<\/li>\n<li>Cigori\u0146u sakne darbojas k\u0101 dabisks prebioti\u0137is, kas atbalsta su\u0146a zarnu mikrofloru un nodro\u0161ina optim\u0101lu gremo\u0161anas funkciju.<\/li>\n<li>Sast\u0101v\u0101 eso\u0161ais vitam\u012bns B12 un folijsk\u0101be pal\u012bdz uztur\u0113t su\u0146a sirds vesel\u012bbu un samazina sirds un asinsvadu slim\u012bbu risku.<\/li>\n<\/ul>","protected":false},"excerpt":{"rendered":"<p>Fitmin for Life Adult Mini &#8211; visavertis sausas maistas suaugusiems ma\u017e\u0173 veisli\u0173 \u0161unims. Maiste naudojami sveiki ir energijos suteikiantys ingredientai &#8211; \u0161vie\u017eia vi\u0161tienos, kiaulienos ir jautienos m\u0117sa, kuri u\u017etikrina patraukl\u0173 \u0117dalo skon\u012f ir sveik\u0105 \u0161uns gyvenimo kokyb\u0119. Fitmin for Life Adult Mini maisto sud\u0117tyje naudojama \u0161vie\u017eia m\u0117sa suteikia \u0161uns organizmui vis\u0173 b\u016btin\u0173 vitamin\u0173 ir mineral\u0173,&#8230;<\/p>","protected":false},"featured_media":20258,"comment_status":"closed","ping_status":"closed","template":"","meta":{"_acf_changed":false,"slim_seo":{"title":"Fitmin for Life Adult Mini sausas maistas \u0161unims - Zooprekes24","description":"Fitmin for Life Adult Mini - visavertis sausas maistas suaugusiems ma\u017e\u0173 veisli\u0173 \u0161unims. Maiste naudojami sveiki ir energijos suteikiantys ingredientai - \u0161vie\u017eia"},"iawp_total_views":141},"product_brand":[],"product_cat":[9043,9002,8999,29,31],"product_tag":[177,427],"class_list":{"0":"post-23609","1":"product","2":"type-product","3":"status-publish","4":"has-post-thumbnail","6":"product_cat-fitmin-for-life-sunims","7":"product_cat-sausas-maistas","8":"product_cat-sunims","9":"product_cat-sunu-maistas","10":"product_cat-sunu-prekiu-gamintojai","11":"product_tag-edalas-sunims","12":"product_tag-fitmin-edalas-sunims","13":"pa_pasaro-sudetis-jautiena","14":"pa_pasaro-sudetis-kiauliena","15":"pa_pasaro-sudetis-ryziai","16":"pa_pasaro-sudetis-vistiena","17":"pa_prekiu-zenklai-fitmin-for-life","18":"pa_suns-amzius-suaugusiems","19":"pa_veisles-dydis-mazoms-veislems","21":"first","22":"outofstock","23":"taxable","24":"shipping-taxable","25":"purchasable","26":"product-type-variable"},"acf":[],"_links":{"self":[{"href":"https:\/\/zooprekes24.lt\/lv\/wp-json\/wp\/v2\/product\/23609","targetHints":{"allow":["GET"]}}],"collection":[{"href":"https:\/\/zooprekes24.lt\/lv\/wp-json\/wp\/v2\/product"}],"about":[{"href":"https:\/\/zooprekes24.lt\/lv\/wp-json\/wp\/v2\/types\/product"}],"replies":[{"embeddable":true,"href":"https:\/\/zooprekes24.lt\/lv\/wp-json\/wp\/v2\/comments?post=23609"}],"wp:featuredmedia":[{"embeddable":true,"href":"https:\/\/zooprekes24.lt\/lv\/wp-json\/wp\/v2\/media\/20258"}],"wp:attachment":[{"href":"https:\/\/zooprekes24.lt\/lv\/wp-json\/wp\/v2\/media?parent=23609"}],"wp:term":[{"taxonomy":"product_brand","embeddable":true,"href":"https:\/\/zooprekes24.lt\/lv\/wp-json\/wp\/v2\/product_brand?post=23609"},{"taxonomy":"product_cat","embeddable":true,"href":"https:\/\/zooprekes24.lt\/lv\/wp-json\/wp\/v2\/product_cat?post=23609"},{"taxonomy":"product_tag","embeddable":true,"href":"https:\/\/zooprekes24.lt\/lv\/wp-json\/wp\/v2\/product_tag?post=23609"}],"curies":[{"name":"wp","href":"https:\/\/api.w.org\/{rel}","templated":true}]}}